{"id":8653,"date":"2025-09-10T08:10:10","date_gmt":"2025-09-10T08:10:10","guid":{"rendered":"https:\/\/staging-group.volkswind.fr\/interview-avec-olivier-bertrand-maire-darcy-sur-cure\/"},"modified":"2025-09-10T08:14:14","modified_gmt":"2025-09-10T08:14:14","slug":"interview-avec-olivier-bertrand-maire-darcy-sur-cure","status":"publish","type":"page","link":"https:\/\/volkswind.com\/fr\/interview-avec-olivier-bertrand-maire-darcy-sur-cure\/","title":{"rendered":"Interview avec Olivier Bertrand, maire d&rsquo;Arcy-sur-Cure"},"content":{"rendered":"\t\t<div data-elementor-type=\"wp-page\" data-elementor-id=\"8653\" class=\"elementor elementor-8653 elementor-15325\" data-elementor-post-type=\"page\">\n\t\t\t\t\t\t<section class=\"elementor-section elementor-top-section elementor-element elementor-element-dc5a16a elementor-section-boxed elementor-section-height-default elementor-section-height-default\" data-id=\"dc5a16a\" data-element_type=\"section\" data-e-type=\"section\" data-settings=\"{&quot;jet_parallax_layout_list&quot;:[],&quot;background_background&quot;:&quot;classic&quot;}\">\n\t\t\t\t\t\t\t<div class=\"elementor-background-overlay\"><\/div>\n\t\t\t\t\t\t\t<div class=\"elementor-container elementor-column-gap-default\">\n\t\t\t\t\t<div class=\"elementor-column elementor-col-100 elementor-top-column elementor-element elementor-element-bcdf069\" data-id=\"bcdf069\" data-element_type=\"column\" data-e-type=\"column\">\n\t\t\t<div class=\"elementor-widget-wrap\">\n\t\t\t\t\t\t\t<\/div>\n\t\t<\/div>\n\t\t\t\t\t<\/div>\n\t\t<\/section>\n\t\t\t\t<section class=\"elementor-section elementor-top-section elementor-element elementor-element-70b47d6 elementor-section-boxed elementor-section-height-default elementor-section-height-default\" data-id=\"70b47d6\" data-element_type=\"section\" data-e-type=\"section\" data-settings=\"{&quot;jet_parallax_layout_list&quot;:[]}\">\n\t\t\t\t\t\t<div class=\"elementor-container elementor-column-gap-default\">\n\t\t\t\t\t<div class=\"elementor-column elementor-col-100 elementor-top-column elementor-element elementor-element-db93e3a\" data-id=\"db93e3a\" data-element_type=\"column\" data-e-type=\"column\">\n\t\t\t<div class=\"elementor-widget-wrap elementor-element-populated\">\n\t\t\t\t\t\t<div class=\"elementor-element elementor-element-d7146ef elementor-widget elementor-widget-text-editor\" data-id=\"d7146ef\" data-element_type=\"widget\" data-e-type=\"widget\" data-widget_type=\"text-editor.default\">\n\t\t\t\t<div class=\"elementor-widget-container\">\n\t\t\t\t\t\t\t\t\t<p>Volkswind \/ Interview<\/p>\n\t\t\t\t\t\t\t\t<\/div>\n\t\t\t\t<\/div>\n\t\t\t\t<div class=\"elementor-element elementor-element-e735cbd elementor-widget__width-initial elementor-widget elementor-widget-heading\" data-id=\"e735cbd\" data-element_type=\"widget\" data-e-type=\"widget\" data-widget_type=\"heading.default\">\n\t\t\t\t<div class=\"elementor-widget-container\">\n\t\t\t\t\t<h1 class=\"elementor-heading-title elementor-size-default\">Interview avec Olivier Bertrand, maire d'Arcy-sur-Cure<\/h1>\t\t\t\t<\/div>\n\t\t\t\t<\/div>\n\t\t\t\t\t<\/div>\n\t\t<\/div>\n\t\t\t\t\t<\/div>\n\t\t<\/section>\n\t\t\t\t<section class=\"elementor-section elementor-top-section elementor-element elementor-element-d9f67bf elementor-section-boxed elementor-section-height-default elementor-section-height-default\" data-id=\"d9f67bf\" data-element_type=\"section\" data-e-type=\"section\" data-settings=\"{&quot;jet_parallax_layout_list&quot;:[],&quot;background_background&quot;:&quot;classic&quot;}\">\n\t\t\t\t\t\t<div class=\"elementor-container elementor-column-gap-default\">\n\t\t\t\t\t<div class=\"elementor-column elementor-col-100 elementor-top-column elementor-element elementor-element-8938f2a\" data-id=\"8938f2a\" data-element_type=\"column\" data-e-type=\"column\" data-settings=\"{&quot;background_background&quot;:&quot;classic&quot;}\">\n\t\t\t<div class=\"elementor-widget-wrap elementor-element-populated\">\n\t\t\t\t\t\t<div class=\"elementor-element elementor-element-f3ddf74 elementor-widget elementor-widget-image\" data-id=\"f3ddf74\" data-element_type=\"widget\" data-e-type=\"widget\" data-widget_type=\"image.default\">\n\t\t\t\t<div class=\"elementor-widget-container\">\n\t\t\t\t\t\t\t\t\t\t\t\t\t\t\t<img fetchpriority=\"high\" decoding=\"async\" width=\"250\" height=\"295\" src=\"https:\/\/volkswind.com\/wp-content\/uploads\/Image1.jpg\" class=\"attachment-2048x2048 size-2048x2048 wp-image-3735\" alt=\"Olivier Bertrand\" \/>\t\t\t\t\t\t\t\t\t\t\t\t\t\t\t<\/div>\n\t\t\t\t<\/div>\n\t\t\t\t<div class=\"elementor-element elementor-element-92e4edd elementor-widget elementor-widget-text-editor\" data-id=\"92e4edd\" data-element_type=\"widget\" data-e-type=\"widget\" data-widget_type=\"text-editor.default\">\n\t\t\t\t<div class=\"elementor-widget-container\">\n\t\t\t\t\t\t\t\t\t<p>Olivier Bertrand, Maire d&rsquo;Arcy-sur-Cure<\/p>\n\t\t\t\t\t\t\t\t<\/div>\n\t\t\t\t<\/div>\n\t\t\t\t<div class=\"elementor-element elementor-element-fc07bf3 elementor-widget elementor-widget-text-editor\" data-id=\"fc07bf3\" data-element_type=\"widget\" data-e-type=\"widget\" data-widget_type=\"text-editor.default\">\n\t\t\t\t<div class=\"elementor-widget-container\">\n\t\t\t\t\t\t\t\t\t<p><strong>Monsieur Bertrand, maire d&rsquo;Arcy-sur-Cure depuis 2001, d\u00e9crit cette commune de 500 habitants situ\u00e9e en fond de vall\u00e9e. Le projet \u00e9olien, d\u00e9velopp\u00e9 sur le plateau distant du village, est bienvenu pour cette zone rurale \u00e0 faible densit\u00e9 industrielle et potentiel fiscal limit\u00e9. Le village, incluant des zones Natura 2000 et class\u00e9es ZNIEFF (Zone Naturelle d&rsquo;Int\u00e9r\u00eat \u00c9cologique, Faunistique et Floristique), a rencontr\u00e9 des d\u00e9fis initiaux pour l&rsquo;implantation des \u00e9oliennes, notamment en raison de la proximit\u00e9 du site de V\u00e9zelay.<\/strong><\/p><p><strong>Pourquoi accueillir un parc \u00e9olien sur votre territoire ? Qu\u2019est-ce qui a motiv\u00e9 cette d\u00e9marche ? <\/strong><\/p><p>\u00abD\u00e8s le d\u00e9but la commune d\u2019Arcy a \u00e9t\u00e9 favorable et a accueilli le projet \u00e9olien de fa\u00e7on tr\u00e8s positive, ce qui n\u2019\u00e9tait pas forc\u00e9ment facile \u00e0 l\u2019\u00e9poque parce qu\u2019il y avait assez peu d\u2019\u00e9oliennes implant\u00e9es et que les gens avaient une certaine m\u00e9fiance \u00e0 l\u2019\u00e9gard de ces installations. En revanche, il y a plus de 10 ans nous avions d\u00e9j\u00e0 conscience qu\u2019il fallait faire quelque chose au niveau des \u00e9nergies renouvelables m\u00eame si ces questions n\u2019\u00e9taient pas autant d\u2019actualit\u00e9 qu\u2019aujourd\u2019hui.\u00bb<br \/><br \/><\/p><p><strong>Est-ce que le conseil municipal et les habitants ont tout de suite adh\u00e9r\u00e9 au projet ? Y\u2019a-t-il eu des voix contre ?\u00a0 <\/strong><\/p><p>\u00abIl y a eu assez peu de contestation de la part des habitants d\u2019Arcy, les contestations sont venues d\u2019associations ext\u00e9rieures \u00e0 la commune. Le conseil municipal de l\u2019\u00e9poque avait donn\u00e9 un avis favorable, il n\u2019y avait eu qu\u2019une seule abstention. Globalement tout s\u2019est bien pass\u00e9, les habitants \u00e9taient favorables. Finalement, la bataille a \u00e9t\u00e9 plus administrative que li\u00e9e \u00e0 des difficult\u00e9s avec la population ou l\u2019accord des citoyens.\u00bb<br \/><br \/><\/p><p><strong>Quelles ont \u00e9t\u00e9 vos relations avec Volkswind, pendant la dur\u00e9e du projet ?<\/strong><\/p><p>\u00abOn a toujours eu de bonnes relations avec Volkswind, les interlocuteurs se sont succ\u00e9d\u00e9s pendant de nombreuses ann\u00e9es. Malgr\u00e9 les arr\u00eats du projet dus \u00e0 des raisons politiques, qui avaient tendance \u00e0 nous d\u00e9motiver.<\/p><p>Pour la construction, tout a \u00e9t\u00e9 parfait. Nous n\u2019avons jamais eu de probl\u00e8me, les choses ont \u00e9t\u00e9 faites comme elles avaient \u00e9t\u00e9 dites. Que ce soit au niveau des chemins d\u2019acc\u00e8s ou de la prise en compte des besoins des agriculteurs pour les usages, et de l\u2019ONF pour les for\u00eats. Il y avait une m\u00e9fiance entre la cohabitation de la limite de for\u00eat et des \u00e9oliennes. Mais les \u00e9changes entre les uns et les autres ont \u00e9t\u00e9 respectueux et tout s\u2019est fait sans probl\u00e8me. \u00bb<br \/><br \/><\/p><p><strong>Comment ce parc \u00e9olien s\u2019est int\u00e9gr\u00e9 \u00e0 votre environnement ?<\/strong><\/p><p>\u00abLa soci\u00e9t\u00e9 Volkswind nous avait pr\u00e9sent\u00e9 des photo-montages d\u2019implantation des \u00e9oliennes. Evidemment selon l\u2019angle et l\u2019endroit o\u00f9 on se place on a des vues diff\u00e9rentes.\u00bb<br \/><br \/><\/p><p><strong>Quelles sont les retomb\u00e9es financi\u00e8res pour votre commune ?<\/strong><\/p><p>\u00abNous avions avec l&rsquo;ancienne communaut\u00e9 de communes un accord sur un reversement partiel, qui a \u00e9t\u00e9 maintenu par la communaut\u00e9 de communes actuelle. Donc aujourd\u2019hui nous percevons ce que pr\u00e9voit la loi et un versement de ce que per\u00e7oit la communaut\u00e9 de communes qui correspond \u00e0 la moiti\u00e9 des sommes per\u00e7ues. Ce qui est tr\u00e8s positif car ce n\u2019est pas le cas pour toutes les communes.\u00bb<br \/><br \/><\/p><p><strong>Quels projets ou travaux ont \u00e9t\u00e9 r\u00e9alis\u00e9s gr\u00e2ce \u00e0 l\u2019arriv\u00e9e des \u00e9oliennes ? <\/strong><\/p><p>\u00abCela nous permet de r\u00e9aliser des tas de choses, avec comme priorit\u00e9 de ne pas augmenter les imp\u00f4ts. Nous avons, par exemple, pos\u00e9 des bornes pour les v\u00e9hicules \u00e9lectriques. Nous avons chang\u00e9 les anciens lampadaires par des \u00e9clairages \u00e0 LED. Nous avons pu mettre en place l\u2019\u00e9clairage du terrain de football pour que les entra\u00eenements puissent avoir lieu le soir. Chaque ann\u00e9e, nous allons avoir une capacit\u00e9 d\u2019investissement sup\u00e9rieure. Cela passera par l\u2019am\u00e9lioration des trottoirs, de la voirie, etc\u2026\u00bb<br \/><br \/><\/p><p><strong>Qu\u2019est-ce que vous diriez \u00e0 d\u2019autres maires sur votre exp\u00e9rience avec les \u00e9oliennes ?\u00a0 <\/strong><\/p><p>\u00abPour d\u00e9velopper un projet \u00e9olien, il faut beaucoup de patience. Il est \u00e9galement indispensable d\u2019informer ses administr\u00e9s d\u00e8s le d\u00e9marrage du projet et \u00e0 chaque \u00e9tape. D\u2019instaurer un dialogue transparent tout en tenant compte de l\u2019environnement, des paysages, des monuments historiques et des sites remarquables. Et enfin, en tant que maire, nous avons une responsabilit\u00e9 et devons assumer le fait qu\u2019il faille passer des \u00e9nergies fossiles aux \u00e9nergies renouvelables.\u00bb<\/p><p>\u00a0<\/p>\t\t\t\t\t\t\t\t<\/div>\n\t\t\t\t<\/div>\n\t\t\t\t\t<\/div>\n\t\t<\/div>\n\t\t\t\t\t<\/div>\n\t\t<\/section>\n\t\t\t\t<\/div>\n\t\t","protected":false},"excerpt":{"rendered":"<p>Volkswind \/ Interview Interview avec Olivier Bertrand, maire d&rsquo;Arcy-sur-Cure Olivier Bertrand, Maire d&rsquo;Arcy-sur-Cure Monsieur Bertrand, maire d&rsquo;Arcy-sur-Cure depuis 2001, d\u00e9crit cette commune de 500 habitants situ\u00e9e en fond de vall\u00e9e. Le projet \u00e9olien, d\u00e9velopp\u00e9 sur le plateau distant du village, est bienvenu pour cette zone rurale \u00e0 faible densit\u00e9 industrielle et potentiel fiscal limit\u00e9. Le [&hellip;]<\/p>\n","protected":false},"author":1,"featured_media":1562,"parent":0,"menu_order":0,"comment_status":"closed","ping_status":"closed","template":"","meta":{"footnotes":""},"class_list":["post-8653","page","type-page","status-publish","has-post-thumbnail","hentry"],"yoast_head":"<!-- This site is optimized with the Yoast SEO plugin v27.4 - https:\/\/yoast.com\/product\/yoast-seo-wordpress\/ -->\n<title>Interview avec Olivier Bertrand, maire d&#039;Arcy-sur-Cure | Volkswind<\/title>\n<meta name=\"description\" content=\"Je suis Olivier Bertrand, maire d\u2019Arcy-sur-Cure depuis 2001. Arcy est une commune de 500 habitants situ\u00e9e dans le d\u00e9partement de l\u2019Yonne.\" \/>\n<meta name=\"robots\" content=\"index, follow, max-snippet:-1, max-image-preview:large, max-video-preview:-1\" \/>\n<link rel=\"canonical\" href=\"https:\/\/volkswind.com\/interview-with-olivier-bertrand-mayor-of-arcy-sur-cure\/\" \/>\n<meta property=\"og:locale\" content=\"fr_FR\" \/>\n<meta property=\"og:type\" content=\"article\" \/>\n<meta property=\"og:title\" content=\"Interview avec Olivier Bertrand, maire d&#039;Arcy-sur-Cure | Volkswind\" \/>\n<meta property=\"og:description\" content=\"Je suis Olivier Bertrand, maire d\u2019Arcy-sur-Cure depuis 2001. Arcy est une commune de 500 habitants situ\u00e9e dans le d\u00e9partement de l\u2019Yonne.\" \/>\n<meta property=\"og:url\" content=\"https:\/\/volkswind.com\/interview-with-olivier-bertrand-mayor-of-arcy-sur-cure\/\" \/>\n<meta property=\"og:site_name\" content=\"Volkswind\" \/>\n<meta property=\"article:modified_time\" content=\"2025-09-10T08:14:14+00:00\" \/>\n<meta property=\"og:image\" content=\"https:\/\/volkswind.com\/wp-content\/uploads\/Volkswind-042-Web-scaled-1.jpg\" \/>\n\t<meta property=\"og:image:width\" content=\"2560\" \/>\n\t<meta property=\"og:image:height\" content=\"1707\" \/>\n\t<meta property=\"og:image:type\" content=\"image\/jpeg\" \/>\n<meta name=\"twitter:card\" content=\"summary_large_image\" \/>\n<meta name=\"twitter:label1\" content=\"Dur\u00e9e de lecture estim\u00e9e\" \/>\n\t<meta name=\"twitter:data1\" content=\"4 minutes\" \/>\n<script type=\"application\/ld+json\" class=\"yoast-schema-graph\">{\"@context\":\"https:\\\/\\\/schema.org\",\"@graph\":[{\"@type\":\"WebPage\",\"@id\":\"https:\\\/\\\/volkswind.com\\\/interview-with-olivier-bertrand-mayor-of-arcy-sur-cure\\\/\",\"url\":\"https:\\\/\\\/volkswind.com\\\/interview-with-olivier-bertrand-mayor-of-arcy-sur-cure\\\/\",\"name\":\"Interview avec Olivier Bertrand, maire d'Arcy-sur-Cure | Volkswind\",\"isPartOf\":{\"@id\":\"https:\\\/\\\/volkswind.com\\\/de\\\/#website\"},\"primaryImageOfPage\":{\"@id\":\"https:\\\/\\\/volkswind.com\\\/interview-with-olivier-bertrand-mayor-of-arcy-sur-cure\\\/#primaryimage\"},\"image\":{\"@id\":\"https:\\\/\\\/volkswind.com\\\/interview-with-olivier-bertrand-mayor-of-arcy-sur-cure\\\/#primaryimage\"},\"thumbnailUrl\":\"https:\\\/\\\/volkswind.com\\\/wp-content\\\/uploads\\\/Volkswind-042-Web-scaled-1.jpg\",\"datePublished\":\"2025-09-10T08:10:10+00:00\",\"dateModified\":\"2025-09-10T08:14:14+00:00\",\"description\":\"Je suis Olivier Bertrand, maire d\u2019Arcy-sur-Cure depuis 2001. Arcy est une commune de 500 habitants situ\u00e9e dans le d\u00e9partement de l\u2019Yonne.\",\"breadcrumb\":{\"@id\":\"https:\\\/\\\/volkswind.com\\\/interview-with-olivier-bertrand-mayor-of-arcy-sur-cure\\\/#breadcrumb\"},\"inLanguage\":\"fr-FR\",\"potentialAction\":[{\"@type\":\"ReadAction\",\"target\":[\"https:\\\/\\\/volkswind.com\\\/interview-with-olivier-bertrand-mayor-of-arcy-sur-cure\\\/\"]}]},{\"@type\":\"ImageObject\",\"inLanguage\":\"fr-FR\",\"@id\":\"https:\\\/\\\/volkswind.com\\\/interview-with-olivier-bertrand-mayor-of-arcy-sur-cure\\\/#primaryimage\",\"url\":\"https:\\\/\\\/volkswind.com\\\/wp-content\\\/uploads\\\/Volkswind-042-Web-scaled-1.jpg\",\"contentUrl\":\"https:\\\/\\\/volkswind.com\\\/wp-content\\\/uploads\\\/Volkswind-042-Web-scaled-1.jpg\",\"width\":2560,\"height\":1707},{\"@type\":\"BreadcrumbList\",\"@id\":\"https:\\\/\\\/volkswind.com\\\/interview-with-olivier-bertrand-mayor-of-arcy-sur-cure\\\/#breadcrumb\",\"itemListElement\":[{\"@type\":\"ListItem\",\"position\":1,\"name\":\"Accueil\",\"item\":\"https:\\\/\\\/volkswind.com\\\/fr\\\/\"},{\"@type\":\"ListItem\",\"position\":2,\"name\":\"Interview avec Olivier Bertrand, maire d&#8217;Arcy-sur-Cure\"}]},{\"@type\":\"WebSite\",\"@id\":\"https:\\\/\\\/volkswind.com\\\/de\\\/#website\",\"url\":\"https:\\\/\\\/volkswind.com\\\/de\\\/\",\"name\":\"Volkswind\",\"description\":\"\",\"potentialAction\":[{\"@type\":\"SearchAction\",\"target\":{\"@type\":\"EntryPoint\",\"urlTemplate\":\"https:\\\/\\\/volkswind.com\\\/de\\\/?s={search_term_string}\"},\"query-input\":{\"@type\":\"PropertyValueSpecification\",\"valueRequired\":true,\"valueName\":\"search_term_string\"}}],\"inLanguage\":\"fr-FR\"}]}<\/script>\n<!-- \/ Yoast SEO plugin. -->","yoast_head_json":{"title":"Interview avec Olivier Bertrand, maire d'Arcy-sur-Cure | Volkswind","description":"Je suis Olivier Bertrand, maire d\u2019Arcy-sur-Cure depuis 2001. Arcy est une commune de 500 habitants situ\u00e9e dans le d\u00e9partement de l\u2019Yonne.","robots":{"index":"index","follow":"follow","max-snippet":"max-snippet:-1","max-image-preview":"max-image-preview:large","max-video-preview":"max-video-preview:-1"},"canonical":"https:\/\/volkswind.com\/interview-with-olivier-bertrand-mayor-of-arcy-sur-cure\/","og_locale":"fr_FR","og_type":"article","og_title":"Interview avec Olivier Bertrand, maire d'Arcy-sur-Cure | Volkswind","og_description":"Je suis Olivier Bertrand, maire d\u2019Arcy-sur-Cure depuis 2001. Arcy est une commune de 500 habitants situ\u00e9e dans le d\u00e9partement de l\u2019Yonne.","og_url":"https:\/\/volkswind.com\/interview-with-olivier-bertrand-mayor-of-arcy-sur-cure\/","og_site_name":"Volkswind","article_modified_time":"2025-09-10T08:14:14+00:00","og_image":[{"width":2560,"height":1707,"url":"https:\/\/volkswind.com\/wp-content\/uploads\/Volkswind-042-Web-scaled-1.jpg","type":"image\/jpeg"}],"twitter_card":"summary_large_image","twitter_misc":{"Dur\u00e9e de lecture estim\u00e9e":"4 minutes"},"schema":{"@context":"https:\/\/schema.org","@graph":[{"@type":"WebPage","@id":"https:\/\/volkswind.com\/interview-with-olivier-bertrand-mayor-of-arcy-sur-cure\/","url":"https:\/\/volkswind.com\/interview-with-olivier-bertrand-mayor-of-arcy-sur-cure\/","name":"Interview avec Olivier Bertrand, maire d'Arcy-sur-Cure | Volkswind","isPartOf":{"@id":"https:\/\/volkswind.com\/de\/#website"},"primaryImageOfPage":{"@id":"https:\/\/volkswind.com\/interview-with-olivier-bertrand-mayor-of-arcy-sur-cure\/#primaryimage"},"image":{"@id":"https:\/\/volkswind.com\/interview-with-olivier-bertrand-mayor-of-arcy-sur-cure\/#primaryimage"},"thumbnailUrl":"https:\/\/volkswind.com\/wp-content\/uploads\/Volkswind-042-Web-scaled-1.jpg","datePublished":"2025-09-10T08:10:10+00:00","dateModified":"2025-09-10T08:14:14+00:00","description":"Je suis Olivier Bertrand, maire d\u2019Arcy-sur-Cure depuis 2001. Arcy est une commune de 500 habitants situ\u00e9e dans le d\u00e9partement de l\u2019Yonne.","breadcrumb":{"@id":"https:\/\/volkswind.com\/interview-with-olivier-bertrand-mayor-of-arcy-sur-cure\/#breadcrumb"},"inLanguage":"fr-FR","potentialAction":[{"@type":"ReadAction","target":["https:\/\/volkswind.com\/interview-with-olivier-bertrand-mayor-of-arcy-sur-cure\/"]}]},{"@type":"ImageObject","inLanguage":"fr-FR","@id":"https:\/\/volkswind.com\/interview-with-olivier-bertrand-mayor-of-arcy-sur-cure\/#primaryimage","url":"https:\/\/volkswind.com\/wp-content\/uploads\/Volkswind-042-Web-scaled-1.jpg","contentUrl":"https:\/\/volkswind.com\/wp-content\/uploads\/Volkswind-042-Web-scaled-1.jpg","width":2560,"height":1707},{"@type":"BreadcrumbList","@id":"https:\/\/volkswind.com\/interview-with-olivier-bertrand-mayor-of-arcy-sur-cure\/#breadcrumb","itemListElement":[{"@type":"ListItem","position":1,"name":"Accueil","item":"https:\/\/volkswind.com\/fr\/"},{"@type":"ListItem","position":2,"name":"Interview avec Olivier Bertrand, maire d&#8217;Arcy-sur-Cure"}]},{"@type":"WebSite","@id":"https:\/\/volkswind.com\/de\/#website","url":"https:\/\/volkswind.com\/de\/","name":"Volkswind","description":"","potentialAction":[{"@type":"SearchAction","target":{"@type":"EntryPoint","urlTemplate":"https:\/\/volkswind.com\/de\/?s={search_term_string}"},"query-input":{"@type":"PropertyValueSpecification","valueRequired":true,"valueName":"search_term_string"}}],"inLanguage":"fr-FR"}]}},"_links":{"self":[{"href":"https:\/\/volkswind.com\/fr\/wp-json\/wp\/v2\/pages\/8653","targetHints":{"allow":["GET"]}}],"collection":[{"href":"https:\/\/volkswind.com\/fr\/wp-json\/wp\/v2\/pages"}],"about":[{"href":"https:\/\/volkswind.com\/fr\/wp-json\/wp\/v2\/types\/page"}],"author":[{"embeddable":true,"href":"https:\/\/volkswind.com\/fr\/wp-json\/wp\/v2\/users\/1"}],"replies":[{"embeddable":true,"href":"https:\/\/volkswind.com\/fr\/wp-json\/wp\/v2\/comments?post=8653"}],"version-history":[{"count":7,"href":"https:\/\/volkswind.com\/fr\/wp-json\/wp\/v2\/pages\/8653\/revisions"}],"predecessor-version":[{"id":15338,"href":"https:\/\/volkswind.com\/fr\/wp-json\/wp\/v2\/pages\/8653\/revisions\/15338"}],"wp:featuredmedia":[{"embeddable":true,"href":"https:\/\/volkswind.com\/fr\/wp-json\/wp\/v2\/media\/1562"}],"wp:attachment":[{"href":"https:\/\/volkswind.com\/fr\/wp-json\/wp\/v2\/media?parent=8653"}],"curies":[{"name":"wp","href":"https:\/\/api.w.org\/{rel}","templated":true}]}}