{"id":8651,"date":"2025-09-10T07:56:37","date_gmt":"2025-09-10T07:56:37","guid":{"rendered":"https:\/\/staging-group.volkswind.fr\/interview-avec-daniel-poret-maire-de-ligny-thilloy-pas-de-calais\/"},"modified":"2024-08-14T14:44:11","modified_gmt":"2024-08-14T14:44:11","slug":"interview-avec-daniel-poret-maire-de-ligny-thilloy-pas-de-calais","status":"publish","type":"page","link":"https:\/\/volkswind.com\/fr\/interview-avec-daniel-poret-maire-de-ligny-thilloy-pas-de-calais\/","title":{"rendered":"Interview avec Daniel Poret Maire de Ligny-Thilloy (Pas-de-Calais)"},"content":{"rendered":"\t\t<div data-elementor-type=\"wp-page\" data-elementor-id=\"8651\" class=\"elementor elementor-8651 elementor-15313\" data-elementor-post-type=\"page\">\n\t\t\t\t\t\t<section class=\"elementor-section elementor-top-section elementor-element elementor-element-794a820 elementor-section-boxed elementor-section-height-default elementor-section-height-default\" data-id=\"794a820\" data-element_type=\"section\" data-e-type=\"section\" data-settings=\"{&quot;jet_parallax_layout_list&quot;:[],&quot;background_background&quot;:&quot;classic&quot;}\">\n\t\t\t\t\t\t\t<div class=\"elementor-background-overlay\"><\/div>\n\t\t\t\t\t\t\t<div class=\"elementor-container elementor-column-gap-default\">\n\t\t\t\t\t<div class=\"elementor-column elementor-col-100 elementor-top-column elementor-element elementor-element-4a357f2\" data-id=\"4a357f2\" data-element_type=\"column\" data-e-type=\"column\">\n\t\t\t<div class=\"elementor-widget-wrap\">\n\t\t\t\t\t\t\t<\/div>\n\t\t<\/div>\n\t\t\t\t\t<\/div>\n\t\t<\/section>\n\t\t\t\t<section class=\"elementor-section elementor-top-section elementor-element elementor-element-31bd3e4 elementor-section-boxed elementor-section-height-default elementor-section-height-default\" data-id=\"31bd3e4\" data-element_type=\"section\" data-e-type=\"section\" data-settings=\"{&quot;jet_parallax_layout_list&quot;:[]}\">\n\t\t\t\t\t\t<div class=\"elementor-container elementor-column-gap-default\">\n\t\t\t\t\t<div class=\"elementor-column elementor-col-100 elementor-top-column elementor-element elementor-element-6251081\" data-id=\"6251081\" data-element_type=\"column\" data-e-type=\"column\">\n\t\t\t<div class=\"elementor-widget-wrap elementor-element-populated\">\n\t\t\t\t\t\t<div class=\"elementor-element elementor-element-b204dbc elementor-widget elementor-widget-text-editor\" data-id=\"b204dbc\" data-element_type=\"widget\" data-e-type=\"widget\" data-widget_type=\"text-editor.default\">\n\t\t\t\t<div class=\"elementor-widget-container\">\n\t\t\t\t\t\t\t\t\t<p>Volkswind \/ Interview<\/p>\n\t\t\t\t\t\t\t\t<\/div>\n\t\t\t\t<\/div>\n\t\t\t\t<div class=\"elementor-element elementor-element-db47261 elementor-widget__width-initial elementor-widget elementor-widget-heading\" data-id=\"db47261\" data-element_type=\"widget\" data-e-type=\"widget\" data-widget_type=\"heading.default\">\n\t\t\t\t<div class=\"elementor-widget-container\">\n\t\t\t\t\t<h1 class=\"elementor-heading-title elementor-size-default\">Interview avec Daniel Poret Maire de Ligny-Thilloy (Pas-de-Calais)<\/h1>\t\t\t\t<\/div>\n\t\t\t\t<\/div>\n\t\t\t\t\t<\/div>\n\t\t<\/div>\n\t\t\t\t\t<\/div>\n\t\t<\/section>\n\t\t\t\t<section class=\"elementor-section elementor-top-section elementor-element elementor-element-be7c1e5 elementor-section-boxed elementor-section-height-default elementor-section-height-default\" data-id=\"be7c1e5\" data-element_type=\"section\" data-e-type=\"section\" data-settings=\"{&quot;jet_parallax_layout_list&quot;:[],&quot;background_background&quot;:&quot;classic&quot;}\">\n\t\t\t\t\t\t<div class=\"elementor-container elementor-column-gap-default\">\n\t\t\t\t\t<div class=\"elementor-column elementor-col-100 elementor-top-column elementor-element elementor-element-2cdeda8\" data-id=\"2cdeda8\" data-element_type=\"column\" data-e-type=\"column\" data-settings=\"{&quot;background_background&quot;:&quot;classic&quot;}\">\n\t\t\t<div class=\"elementor-widget-wrap elementor-element-populated\">\n\t\t\t\t\t\t<div class=\"elementor-element elementor-element-8406242 elementor-widget elementor-widget-image\" data-id=\"8406242\" data-element_type=\"widget\" data-e-type=\"widget\" data-widget_type=\"image.default\">\n\t\t\t\t<div class=\"elementor-widget-container\">\n\t\t\t\t\t\t\t\t\t\t\t\t\t\t\t<img fetchpriority=\"high\" decoding=\"async\" width=\"486\" height=\"503\" src=\"https:\/\/volkswind.com\/wp-content\/uploads\/Image4.jpg\" class=\"attachment-2048x2048 size-2048x2048 wp-image-3747\" alt=\"DANIEL PORET\" srcset=\"https:\/\/volkswind.com\/wp-content\/uploads\/Image4.jpg 486w, https:\/\/volkswind.com\/wp-content\/uploads\/Image4-290x300.jpg 290w\" sizes=\"(max-width: 486px) 100vw, 486px\" \/>\t\t\t\t\t\t\t\t\t\t\t\t\t\t\t<\/div>\n\t\t\t\t<\/div>\n\t\t\t\t<div class=\"elementor-element elementor-element-c0c756d elementor-widget elementor-widget-text-editor\" data-id=\"c0c756d\" data-element_type=\"widget\" data-e-type=\"widget\" data-widget_type=\"text-editor.default\">\n\t\t\t\t<div class=\"elementor-widget-container\">\n\t\t\t\t\t\t\t\t\t<p>Daniel Poret, Maire de Ligny-Thilloy (Pas-de-Calais)<\/p>\n\t\t\t\t\t\t\t\t<\/div>\n\t\t\t\t<\/div>\n\t\t\t\t<div class=\"elementor-element elementor-element-0ef0449 elementor-widget elementor-widget-text-editor\" data-id=\"0ef0449\" data-element_type=\"widget\" data-e-type=\"widget\" data-widget_type=\"text-editor.default\">\n\t\t\t\t<div class=\"elementor-widget-container\">\n\t\t\t\t\t\t\t\t\t<h4>Pouvez-vous vous pr\u00e9senter et pr\u00e9senter votre commune, votre CC, votre d\u00e9partement ?<\/h4>\n<p>Je suis maire de Ligny-Thilloy depuis 2020, j\u2019\u00e9tais 1er adjoint depuis 2001 et je suis conseill\u00e9 municipal depuis 1983. La commune compte 540 habitants, c\u2019est une commune rurale situ\u00e9e dans la r\u00e9gion des Hauts de France et int\u00e9gr\u00e9e \u00e0 la communaut\u00e9 de commune du Sud Artois.<\/p>\n<h4>Pourquoi accueillir un parc \u00e9olien sur votre territoire ?<\/h4>\n<p>Depuis les ann\u00e9es 2000, nous nous sommes r\u00e9solument tourn\u00e9s vers le d\u00e9veloppement durable et cela nous a paru tout naturel, lorsque l\u2019on a \u00e9t\u00e9 sollicit\u00e9 d\u2019accueillir une ferme \u00e9olienne. C\u2019est un projet global. Par ailleurs nous avons r\u00e9alis\u00e9 l\u2019isolation de nos b\u00e2timents et install\u00e9 une pompe \u00e0 chaleur pour chauffer la salle des f\u00eates et la mairie.<\/p>\n<h4>Est-ce que le conseil municipal a tout de suite adh\u00e9r\u00e9 au projet ?<\/h4>\n<p>Le maire de l\u2019\u00e9poque a pr\u00e9sent\u00e9 le projet progressivement au conseil municipal, il n\u2019y a pas eu de voix contre et le conseil a accept\u00e9 le projet \u00e0 l\u2019unanimit\u00e9. Nous avons fait plusieurs r\u00e9unions d\u2019informations avec la soci\u00e9t\u00e9 Volkswind, tout au long du projet. Les personnes de Volkswind ont toujours \u00e9t\u00e9 tr\u00e8s disponibles pour r\u00e9pondre \u00e0 toutes nos questions.<\/p>\n<h4>Comment le projet a-t-il \u00e9t\u00e9 pr\u00e9sent\u00e9 et accueillis par les habitants ?<\/h4>\n<p>Il y a eu quelques personnes contres, cela s\u2019est limit\u00e9 \u00e0 quelques remarques. Des personnes qui craignaient les nuisances, au niveau sonore et pour la r\u00e9ception de la t\u00e9l\u00e9vision. Mais cela n\u2019a jamais \u00e9t\u00e9 tr\u00e8s important. Maintenant, il n\u2019y a qu\u2019un habitant qui est proche des \u00e9oliennes qui se plaint. . Il y a pourtant eu des contr\u00f4les sonores sur le terrain qui ont prouv\u00e9 qu\u2019il n\u2019y a pas plus de bruit avec les \u00e9oliennes. Quoi qu\u2019il en soit, je suis toujours \u00e0 l\u2019\u00e9coute de chacun des habitants.<\/p>\n<h4>Quelles ont \u00e9t\u00e9 vos relations avec Volkswind, pendant la dur\u00e9e du projet ?<\/h4>\n<p>Au d\u00e9but, une cheffe de projet est venue en r\u00e9union de conseil pour pr\u00e9senter le projet. Et par la suite, nous avons \u00e9galement eu des personnes qui sont venus de chez Volkswind avec une exposition pour expliquer aux habitants le d\u00e9roulement du projet. Tout s\u2019est bien pass\u00e9 avec les diff\u00e9rentes personnes de la soci\u00e9t\u00e9.<\/p>\n<h4>Comment ce parc \u00e9olien, s\u2019est int\u00e9gr\u00e9 \u00e0 votre environnement ?<\/h4>\n<p>Moi personnellement je trouve qu\u2019elles sont bien int\u00e9gr\u00e9es car je ne les vois plus. La ou elles sont install\u00e9es il n\u2019y a ni de ch\u00e2teaux ni de m\u00e9morial \u00e0 proximit\u00e9. . On sait tr\u00e8s bien qu\u2019une \u00e9olienne fait 250 m\u00e8tres de haut, on ne peut pas passer \u00e0 cot\u00e9 sans la voir. Lorsqu\u2019on est dans le village on ne les voit pratiquement pas, elles sont dans la pleine au milieu des champs. On a un village tr\u00e8s \u00e9tendu donc cela ne nous perturbe pas. C\u2019est comme les lignes \u00e0 tr\u00e8s haute tension on ne les voit plus.<\/p>\n<h4>Quels projets ou travaux ont \u00e9t\u00e9 r\u00e9alis\u00e9s gr\u00e2ce \u00e0 l\u2019arriv\u00e9e des \u00e9oliennes ?<\/h4>\n<p>Pour l\u2019instant, nous n\u2019avons pas encore d\u00e9cid\u00e9 de ce que nous ferons avec les retomb\u00e9es financi\u00e8res. Nous avons principalement des projets qui permettront de faire des \u00e9conomies d\u2019\u00e9nergie. Nous envisageons de changer l\u2019\u00e9clairage public et de mettre des ampoules led. Nous avons encore un logement avec une chaudi\u00e8re au fioul, nous souhaitons y installer une pompe \u00e0 chaleur. <br \/>Par la suite je vais proposer des travaux de modification int\u00e9rieur, d\u2019agrandissement et d\u2019isolation de la salle polyvalente. La toiture de cette salle est \u00e9galement \u00e0 refaire nous allons \u00e9tudier la possibilit\u00e9 d\u2019y mettre des panneaux photovolta\u00efques. <br \/>Dans tous les cas, ces retomb\u00e9es financi\u00e8res nous permettent de voir l\u2019avenir un peu plus sereinement. Ce que je souhaite c\u2019est faire des investissements sur l\u2019entretien des b\u00e2timents communaux. Nous avons \u00e9galement \u00e9voqu\u00e9 de faire un city stade et d\u2019enfouir les r\u00e9seaux devant la mairie.<br \/>Nous petites communes, d\u2019ici quelques ann\u00e9es nous n\u2019aurons plus d\u2019entreprises, d\u2019artisans qui viendront s\u2019installer. Grace aux \u00e9oliennes cela nous permet de maintenir le budget et d\u2019envisager des projets. C\u2019est pour cela aussi que je souhaite que le 2\u00e8me projet voie le jour. Pour p\u00e9renniser la sant\u00e9 financi\u00e8re de la commune.<\/p>\n<h4>Qu\u2019est-ce que vous diriez \u00e0 d\u2019autres maires sur votre exp\u00e9rience avec les \u00e9oliennes ?<\/h4>\n<p>Un article est paru dans la presse sur notre village dont le titre \u00e9tait : \u00ab Un village qui aime ses \u00e9oliennes \u00bb. Dans notre secteur, \u00e7a commence \u00e0 devenir compliqu\u00e9. Mais cela fait rentrer de l\u2019argent dans la caisse communale et il y a le cot\u00e9 environnemental, l\u2019\u00e9lectricit\u00e9 \u00e9olienne c\u2019est une \u00e9nergie verte.<\/p>\n\t\t\t\t\t\t\t\t<\/div>\n\t\t\t\t<\/div>\n\t\t\t\t\t<\/div>\n\t\t<\/div>\n\t\t\t\t\t<\/div>\n\t\t<\/section>\n\t\t\t\t<\/div>\n\t\t","protected":false},"excerpt":{"rendered":"<p>Volkswind \/ Interview Interview avec Daniel Poret Maire de Ligny-Thilloy (Pas-de-Calais) Daniel Poret, Maire de Ligny-Thilloy (Pas-de-Calais) Pouvez-vous vous pr\u00e9senter et pr\u00e9senter votre commune, votre CC, votre d\u00e9partement ? Je suis maire de Ligny-Thilloy depuis 2020, j\u2019\u00e9tais 1er adjoint depuis 2001 et je suis conseill\u00e9 municipal depuis 1983. La commune compte 540 habitants, c\u2019est une [&hellip;]<\/p>\n","protected":false},"author":1,"featured_media":1562,"parent":0,"menu_order":0,"comment_status":"closed","ping_status":"closed","template":"","meta":{"footnotes":""},"class_list":["post-8651","page","type-page","status-publish","has-post-thumbnail","hentry"],"yoast_head":"<!-- This site is optimized with the Yoast SEO plugin v27.4 - https:\/\/yoast.com\/product\/yoast-seo-wordpress\/ -->\n<title>Interview avec Daniel Poret Maire de Ligny-Thilloy (Pas-de-Calais) | Volkswind<\/title>\n<meta name=\"description\" content=\"Je suis maire de Ligny-Thilloy depuis 2020, j\u2019\u00e9tais 1er adjoint depuis 2001 et je suis conseill\u00e9 municipal depuis 1983.\" \/>\n<meta name=\"robots\" content=\"index, follow, max-snippet:-1, max-image-preview:large, max-video-preview:-1\" \/>\n<link rel=\"canonical\" href=\"https:\/\/volkswind.com\/interview-with-mr-daniel-poret-mayor-of-ligny-thilloy-pas-de-calais\/\" \/>\n<meta property=\"og:locale\" content=\"fr_FR\" \/>\n<meta property=\"og:type\" content=\"article\" \/>\n<meta property=\"og:title\" content=\"Interview avec Daniel Poret Maire de Ligny-Thilloy (Pas-de-Calais) | Volkswind\" \/>\n<meta property=\"og:description\" content=\"Je suis maire de Ligny-Thilloy depuis 2020, j\u2019\u00e9tais 1er adjoint depuis 2001 et je suis conseill\u00e9 municipal depuis 1983.\" \/>\n<meta property=\"og:url\" content=\"https:\/\/volkswind.com\/interview-with-mr-daniel-poret-mayor-of-ligny-thilloy-pas-de-calais\/\" \/>\n<meta property=\"og:site_name\" content=\"Volkswind\" \/>\n<meta property=\"og:image\" content=\"https:\/\/volkswind.com\/wp-content\/uploads\/Volkswind-042-Web-scaled-1.jpg\" \/>\n\t<meta property=\"og:image:width\" content=\"2560\" \/>\n\t<meta property=\"og:image:height\" content=\"1707\" \/>\n\t<meta property=\"og:image:type\" content=\"image\/jpeg\" \/>\n<meta name=\"twitter:card\" content=\"summary_large_image\" \/>\n<meta name=\"twitter:label1\" content=\"Dur\u00e9e de lecture estim\u00e9e\" \/>\n\t<meta name=\"twitter:data1\" content=\"4 minutes\" \/>\n<script type=\"application\/ld+json\" class=\"yoast-schema-graph\">{\"@context\":\"https:\\\/\\\/schema.org\",\"@graph\":[{\"@type\":\"WebPage\",\"@id\":\"https:\\\/\\\/volkswind.com\\\/interview-with-mr-daniel-poret-mayor-of-ligny-thilloy-pas-de-calais\\\/\",\"url\":\"https:\\\/\\\/volkswind.com\\\/interview-with-mr-daniel-poret-mayor-of-ligny-thilloy-pas-de-calais\\\/\",\"name\":\"Interview avec Daniel Poret Maire de Ligny-Thilloy (Pas-de-Calais) | Volkswind\",\"isPartOf\":{\"@id\":\"https:\\\/\\\/volkswind.com\\\/de\\\/#website\"},\"primaryImageOfPage\":{\"@id\":\"https:\\\/\\\/volkswind.com\\\/interview-with-mr-daniel-poret-mayor-of-ligny-thilloy-pas-de-calais\\\/#primaryimage\"},\"image\":{\"@id\":\"https:\\\/\\\/volkswind.com\\\/interview-with-mr-daniel-poret-mayor-of-ligny-thilloy-pas-de-calais\\\/#primaryimage\"},\"thumbnailUrl\":\"https:\\\/\\\/volkswind.com\\\/wp-content\\\/uploads\\\/Volkswind-042-Web-scaled-1.jpg\",\"datePublished\":\"2025-09-10T07:56:37+00:00\",\"description\":\"Je suis maire de Ligny-Thilloy depuis 2020, j\u2019\u00e9tais 1er adjoint depuis 2001 et je suis conseill\u00e9 municipal depuis 1983.\",\"breadcrumb\":{\"@id\":\"https:\\\/\\\/volkswind.com\\\/interview-with-mr-daniel-poret-mayor-of-ligny-thilloy-pas-de-calais\\\/#breadcrumb\"},\"inLanguage\":\"fr-FR\",\"potentialAction\":[{\"@type\":\"ReadAction\",\"target\":[\"https:\\\/\\\/volkswind.com\\\/interview-with-mr-daniel-poret-mayor-of-ligny-thilloy-pas-de-calais\\\/\"]}]},{\"@type\":\"ImageObject\",\"inLanguage\":\"fr-FR\",\"@id\":\"https:\\\/\\\/volkswind.com\\\/interview-with-mr-daniel-poret-mayor-of-ligny-thilloy-pas-de-calais\\\/#primaryimage\",\"url\":\"https:\\\/\\\/volkswind.com\\\/wp-content\\\/uploads\\\/Volkswind-042-Web-scaled-1.jpg\",\"contentUrl\":\"https:\\\/\\\/volkswind.com\\\/wp-content\\\/uploads\\\/Volkswind-042-Web-scaled-1.jpg\",\"width\":2560,\"height\":1707},{\"@type\":\"BreadcrumbList\",\"@id\":\"https:\\\/\\\/volkswind.com\\\/interview-with-mr-daniel-poret-mayor-of-ligny-thilloy-pas-de-calais\\\/#breadcrumb\",\"itemListElement\":[{\"@type\":\"ListItem\",\"position\":1,\"name\":\"Accueil\",\"item\":\"https:\\\/\\\/volkswind.com\\\/fr\\\/\"},{\"@type\":\"ListItem\",\"position\":2,\"name\":\"Interview avec Daniel Poret Maire de Ligny-Thilloy (Pas-de-Calais)\"}]},{\"@type\":\"WebSite\",\"@id\":\"https:\\\/\\\/volkswind.com\\\/de\\\/#website\",\"url\":\"https:\\\/\\\/volkswind.com\\\/de\\\/\",\"name\":\"Volkswind\",\"description\":\"\",\"potentialAction\":[{\"@type\":\"SearchAction\",\"target\":{\"@type\":\"EntryPoint\",\"urlTemplate\":\"https:\\\/\\\/volkswind.com\\\/de\\\/?s={search_term_string}\"},\"query-input\":{\"@type\":\"PropertyValueSpecification\",\"valueRequired\":true,\"valueName\":\"search_term_string\"}}],\"inLanguage\":\"fr-FR\"}]}<\/script>\n<!-- \/ Yoast SEO plugin. -->","yoast_head_json":{"title":"Interview avec Daniel Poret Maire de Ligny-Thilloy (Pas-de-Calais) | Volkswind","description":"Je suis maire de Ligny-Thilloy depuis 2020, j\u2019\u00e9tais 1er adjoint depuis 2001 et je suis conseill\u00e9 municipal depuis 1983.","robots":{"index":"index","follow":"follow","max-snippet":"max-snippet:-1","max-image-preview":"max-image-preview:large","max-video-preview":"max-video-preview:-1"},"canonical":"https:\/\/volkswind.com\/interview-with-mr-daniel-poret-mayor-of-ligny-thilloy-pas-de-calais\/","og_locale":"fr_FR","og_type":"article","og_title":"Interview avec Daniel Poret Maire de Ligny-Thilloy (Pas-de-Calais) | Volkswind","og_description":"Je suis maire de Ligny-Thilloy depuis 2020, j\u2019\u00e9tais 1er adjoint depuis 2001 et je suis conseill\u00e9 municipal depuis 1983.","og_url":"https:\/\/volkswind.com\/interview-with-mr-daniel-poret-mayor-of-ligny-thilloy-pas-de-calais\/","og_site_name":"Volkswind","og_image":[{"width":2560,"height":1707,"url":"https:\/\/volkswind.com\/wp-content\/uploads\/Volkswind-042-Web-scaled-1.jpg","type":"image\/jpeg"}],"twitter_card":"summary_large_image","twitter_misc":{"Dur\u00e9e de lecture estim\u00e9e":"4 minutes"},"schema":{"@context":"https:\/\/schema.org","@graph":[{"@type":"WebPage","@id":"https:\/\/volkswind.com\/interview-with-mr-daniel-poret-mayor-of-ligny-thilloy-pas-de-calais\/","url":"https:\/\/volkswind.com\/interview-with-mr-daniel-poret-mayor-of-ligny-thilloy-pas-de-calais\/","name":"Interview avec Daniel Poret Maire de Ligny-Thilloy (Pas-de-Calais) | Volkswind","isPartOf":{"@id":"https:\/\/volkswind.com\/de\/#website"},"primaryImageOfPage":{"@id":"https:\/\/volkswind.com\/interview-with-mr-daniel-poret-mayor-of-ligny-thilloy-pas-de-calais\/#primaryimage"},"image":{"@id":"https:\/\/volkswind.com\/interview-with-mr-daniel-poret-mayor-of-ligny-thilloy-pas-de-calais\/#primaryimage"},"thumbnailUrl":"https:\/\/volkswind.com\/wp-content\/uploads\/Volkswind-042-Web-scaled-1.jpg","datePublished":"2025-09-10T07:56:37+00:00","description":"Je suis maire de Ligny-Thilloy depuis 2020, j\u2019\u00e9tais 1er adjoint depuis 2001 et je suis conseill\u00e9 municipal depuis 1983.","breadcrumb":{"@id":"https:\/\/volkswind.com\/interview-with-mr-daniel-poret-mayor-of-ligny-thilloy-pas-de-calais\/#breadcrumb"},"inLanguage":"fr-FR","potentialAction":[{"@type":"ReadAction","target":["https:\/\/volkswind.com\/interview-with-mr-daniel-poret-mayor-of-ligny-thilloy-pas-de-calais\/"]}]},{"@type":"ImageObject","inLanguage":"fr-FR","@id":"https:\/\/volkswind.com\/interview-with-mr-daniel-poret-mayor-of-ligny-thilloy-pas-de-calais\/#primaryimage","url":"https:\/\/volkswind.com\/wp-content\/uploads\/Volkswind-042-Web-scaled-1.jpg","contentUrl":"https:\/\/volkswind.com\/wp-content\/uploads\/Volkswind-042-Web-scaled-1.jpg","width":2560,"height":1707},{"@type":"BreadcrumbList","@id":"https:\/\/volkswind.com\/interview-with-mr-daniel-poret-mayor-of-ligny-thilloy-pas-de-calais\/#breadcrumb","itemListElement":[{"@type":"ListItem","position":1,"name":"Accueil","item":"https:\/\/volkswind.com\/fr\/"},{"@type":"ListItem","position":2,"name":"Interview avec Daniel Poret Maire de Ligny-Thilloy (Pas-de-Calais)"}]},{"@type":"WebSite","@id":"https:\/\/volkswind.com\/de\/#website","url":"https:\/\/volkswind.com\/de\/","name":"Volkswind","description":"","potentialAction":[{"@type":"SearchAction","target":{"@type":"EntryPoint","urlTemplate":"https:\/\/volkswind.com\/de\/?s={search_term_string}"},"query-input":{"@type":"PropertyValueSpecification","valueRequired":true,"valueName":"search_term_string"}}],"inLanguage":"fr-FR"}]}},"_links":{"self":[{"href":"https:\/\/volkswind.com\/fr\/wp-json\/wp\/v2\/pages\/8651","targetHints":{"allow":["GET"]}}],"collection":[{"href":"https:\/\/volkswind.com\/fr\/wp-json\/wp\/v2\/pages"}],"about":[{"href":"https:\/\/volkswind.com\/fr\/wp-json\/wp\/v2\/types\/page"}],"author":[{"embeddable":true,"href":"https:\/\/volkswind.com\/fr\/wp-json\/wp\/v2\/users\/1"}],"replies":[{"embeddable":true,"href":"https:\/\/volkswind.com\/fr\/wp-json\/wp\/v2\/comments?post=8651"}],"version-history":[{"count":1,"href":"https:\/\/volkswind.com\/fr\/wp-json\/wp\/v2\/pages\/8651\/revisions"}],"predecessor-version":[{"id":8652,"href":"https:\/\/volkswind.com\/fr\/wp-json\/wp\/v2\/pages\/8651\/revisions\/8652"}],"wp:featuredmedia":[{"embeddable":true,"href":"https:\/\/volkswind.com\/fr\/wp-json\/wp\/v2\/media\/1562"}],"wp:attachment":[{"href":"https:\/\/volkswind.com\/fr\/wp-json\/wp\/v2\/media?parent=8651"}],"curies":[{"name":"wp","href":"https:\/\/api.w.org\/{rel}","templated":true}]}}