{"id":8643,"date":"2024-03-21T16:23:59","date_gmt":"2024-03-21T16:23:59","guid":{"rendered":"https:\/\/staging-group.volkswind.fr\/interview-avec-bernard-nuttens-maire-de-levergies-aisne\/"},"modified":"2025-09-10T08:06:29","modified_gmt":"2025-09-10T08:06:29","slug":"interview-avec-bernard-nuttens-maire-de-levergies-aisne","status":"publish","type":"page","link":"https:\/\/volkswind.com\/fr\/interview-avec-bernard-nuttens-maire-de-levergies-aisne\/","title":{"rendered":"Interview avec Bernard Nuttens Maire de Levergies (Aisne)"},"content":{"rendered":"\t\t<div data-elementor-type=\"wp-page\" data-elementor-id=\"8643\" class=\"elementor elementor-8643\" data-elementor-post-type=\"page\">\n\t\t\t\t\t\t<section class=\"elementor-section elementor-top-section elementor-element elementor-element-196435e elementor-section-boxed elementor-section-height-default elementor-section-height-default\" data-id=\"196435e\" data-element_type=\"section\" data-e-type=\"section\" data-settings=\"{&quot;jet_parallax_layout_list&quot;:[],&quot;background_background&quot;:&quot;classic&quot;}\">\n\t\t\t\t\t\t\t<div class=\"elementor-background-overlay\"><\/div>\n\t\t\t\t\t\t\t<div class=\"elementor-container elementor-column-gap-default\">\n\t\t\t\t\t<div class=\"elementor-column elementor-col-100 elementor-top-column elementor-element elementor-element-01878ae\" data-id=\"01878ae\" data-element_type=\"column\" data-e-type=\"column\">\n\t\t\t<div class=\"elementor-widget-wrap\">\n\t\t\t\t\t\t\t<\/div>\n\t\t<\/div>\n\t\t\t\t\t<\/div>\n\t\t<\/section>\n\t\t\t\t<section class=\"elementor-section elementor-top-section elementor-element elementor-element-8303c5c elementor-section-boxed elementor-section-height-default elementor-section-height-default\" data-id=\"8303c5c\" data-element_type=\"section\" data-e-type=\"section\" data-settings=\"{&quot;jet_parallax_layout_list&quot;:[]}\">\n\t\t\t\t\t\t<div class=\"elementor-container elementor-column-gap-default\">\n\t\t\t\t\t<div class=\"elementor-column elementor-col-100 elementor-top-column elementor-element elementor-element-bd9b7ab\" data-id=\"bd9b7ab\" data-element_type=\"column\" data-e-type=\"column\">\n\t\t\t<div class=\"elementor-widget-wrap elementor-element-populated\">\n\t\t\t\t\t\t<div class=\"elementor-element elementor-element-6d5af8a elementor-widget elementor-widget-text-editor\" data-id=\"6d5af8a\" data-element_type=\"widget\" data-e-type=\"widget\" data-widget_type=\"text-editor.default\">\n\t\t\t\t<div class=\"elementor-widget-container\">\n\t\t\t\t\t\t\t\t\t<p>Volkswind \/ Interview<\/p>\n\t\t\t\t\t\t\t\t<\/div>\n\t\t\t\t<\/div>\n\t\t\t\t<div class=\"elementor-element elementor-element-02d16da elementor-widget__width-initial elementor-widget elementor-widget-heading\" data-id=\"02d16da\" data-element_type=\"widget\" data-e-type=\"widget\" data-widget_type=\"heading.default\">\n\t\t\t\t<div class=\"elementor-widget-container\">\n\t\t\t\t\t<h1 class=\"elementor-heading-title elementor-size-default\">Interview avec Bernard Nuttens Maire de Levergies (Aisne)<\/h1>\t\t\t\t<\/div>\n\t\t\t\t<\/div>\n\t\t\t\t\t<\/div>\n\t\t<\/div>\n\t\t\t\t\t<\/div>\n\t\t<\/section>\n\t\t\t\t<section class=\"elementor-section elementor-top-section elementor-element elementor-element-112d106 elementor-section-boxed elementor-section-height-default elementor-section-height-default\" data-id=\"112d106\" data-element_type=\"section\" data-e-type=\"section\" data-settings=\"{&quot;jet_parallax_layout_list&quot;:[],&quot;background_background&quot;:&quot;classic&quot;}\">\n\t\t\t\t\t\t<div class=\"elementor-container elementor-column-gap-default\">\n\t\t\t\t\t<div class=\"elementor-column elementor-col-100 elementor-top-column elementor-element elementor-element-6eb1564\" data-id=\"6eb1564\" data-element_type=\"column\" data-e-type=\"column\" data-settings=\"{&quot;background_background&quot;:&quot;classic&quot;}\">\n\t\t\t<div class=\"elementor-widget-wrap elementor-element-populated\">\n\t\t\t\t\t\t<div class=\"elementor-element elementor-element-54c5c05 elementor-widget elementor-widget-image\" data-id=\"54c5c05\" data-element_type=\"widget\" data-e-type=\"widget\" data-widget_type=\"image.default\">\n\t\t\t\t<div class=\"elementor-widget-container\">\n\t\t\t\t\t\t\t\t\t\t\t\t\t\t\t<img fetchpriority=\"high\" decoding=\"async\" width=\"501\" height=\"388\" src=\"https:\/\/volkswind.com\/wp-content\/uploads\/Image5.jpg\" class=\"attachment-2048x2048 size-2048x2048 wp-image-3753\" alt=\"BERNARD NUTTENS\" srcset=\"https:\/\/volkswind.com\/wp-content\/uploads\/Image5.jpg 501w, https:\/\/volkswind.com\/wp-content\/uploads\/Image5-300x232.jpg 300w\" sizes=\"(max-width: 501px) 100vw, 501px\" \/>\t\t\t\t\t\t\t\t\t\t\t\t\t\t\t<\/div>\n\t\t\t\t<\/div>\n\t\t\t\t<div class=\"elementor-element elementor-element-615106b elementor-widget elementor-widget-text-editor\" data-id=\"615106b\" data-element_type=\"widget\" data-e-type=\"widget\" data-widget_type=\"text-editor.default\">\n\t\t\t\t<div class=\"elementor-widget-container\">\n\t\t\t\t\t\t\t\t\t<p>Bernard Nuttens, Maire de Levergies (Aisne)<\/p>\n\t\t\t\t\t\t\t\t<\/div>\n\t\t\t\t<\/div>\n\t\t\t\t<div class=\"elementor-element elementor-element-0831047 elementor-widget elementor-widget-text-editor\" data-id=\"0831047\" data-element_type=\"widget\" data-e-type=\"widget\" data-widget_type=\"text-editor.default\">\n\t\t\t\t<div class=\"elementor-widget-container\">\n\t\t\t\t\t\t\t\t\t<h3><span style=\"color: #000000;\">Pr\u00e9sentation projet et interlocuteur<\/span><\/h3><h4>Pouvez-vous vous pr\u00e9senter et pr\u00e9senter votre commune ?<\/h4><p>Je suis ing\u00e9nieur agricole de L\u2019ISA de Lille, agriculteur, mon exploitation est sur Levergies. J\u2019\u00e9tais entrepreneur de travaux public et je viens de vendre ma soci\u00e9t\u00e9 enfin je suis maire de la commune de Levergies. La commune compte 555 habitants, elle fait partie de la communaut\u00e9\u00a0 de communes des pays du Vermandois. <br \/>Levergies est essentiellement rurale, une seule entreprise de construction de m\u00e9canique industriel y est en activit\u00e9. C\u2019est mon deuxi\u00e8me mandat de maire. Auparavant j\u2019\u00e9tais conseill\u00e9 municipal.<\/p><h4>Quel est votre r\u00f4le au sein de la commune ?<\/h4><p>Mon r\u00f4le est de veiller au bonnes fiances de la commune et de g\u00e9rer le personnel communal. Je suis pr\u00e9sident du syndicat scolaire car nous avons un regroupement scolaire de 3 communes, avec 100 \u00e9l\u00e8ves. En tant que pr\u00e9sident du syndicat des \u00e9coles, je g\u00e8re les relations entre les enseignants et les parents d\u2019\u00e9l\u00e8ves et aussi la gestion de la cantine.<\/p><h4>Pourquoi accueillir un parc \u00e9olien sur votre territoire ?\u00a0<\/h4><p>Le projet a \u00e9t\u00e9 adopt\u00e9 par le conseil municipal pr\u00e9c\u00e9dent dont je faisais partie. Mais \u00e0 titre personnel j\u2019ai pr\u00e9f\u00e9r\u00e9 me retirer \u00e0 chaque r\u00e9union car je risquais d\u2019\u00eatre partie prenante dans ce projet et pour \u00e9viter toute prise ill\u00e9gale d\u2019int\u00e9r\u00eat. <br \/>Finalement je n\u2019ai pas d\u2019\u00e9olienne sur mes terres donc je suis beaucoup plus serein pour g\u00e9rer cela.\u00a0<br \/>Pourquoi accueillir des \u00e9oliennes, c\u2019est tout b\u00eate, nous sommes entour\u00e9s de parcs \u00e9oliens, on s\u2019est dit pourquoi pas nous. Notamment pour les retomb\u00e9es financi\u00e8res pour notre budget, cela permettrait d\u2019envisager sereinement l\u2019avenir au niveau des finances de la commune.<\/p><h4>Est-ce que le conseil municipal a tout de suite adh\u00e9r\u00e9 au projet ? Y\u2019a-t-il eu des voix contre ?<\/h4><p>\u00c7a s\u2019est fait tr\u00e8s simplement lorsque le commissaire enqu\u00eateur est venu et il y a eu deux observations sur le cahier du commissaire enqu\u00eateur : une favorable aux \u00e9oliennes et l\u2019autre qui demandait juste des pr\u00e9cisions techniques. Il n\u2019y a eu aucun mouvement de contestation, de p\u00e9tition, il n\u2019y a pas eu d\u2019articles dans la presse, il n\u2019y a rien eu du tout. Il y avait plus une indiff\u00e9rence de la part des conseillers municipaux et des habitants qu\u2019autre chose.<\/p><h4>Comment le projet a-t-il \u00e9t\u00e9 pr\u00e9sent\u00e9 et accueillis ?<\/h4><p>J\u2019ai tout de suite vu l\u2019int\u00e9r\u00eat pour la r\u00e9fection de tous nos chemins d\u2019exploitation, nos chemins agricoles. Nous sommes dans une r\u00e9gion ou on produit de la betterave et il y a beaucoup de transports de betteraves \u00e0 l\u2019automne et en hiver. Les chemins qui ont \u00e9t\u00e9 cr\u00e9es permettent aux camions de betterave d\u2019\u00e9viter de passer par le village. \u00c7a \u00e9t\u00e9 une grande satisfaction pour les habitants de savoir que les camions ne passeraient plus par le village. Gr\u00e2ce aux chemins cr\u00e9e pour acc\u00e9der au parc.<\/p><p>Il y a aussi certain chemin d\u2019exploitation qui ont \u00e9t\u00e9 refait \u00e0 neuf ce qui donne un certain confort aux agriculteurs pour acc\u00e9der \u00e0 leurs parcelles et aussi pour les promeneurs car cela fait de beaux circuits p\u00e9destres qui sont aussi utilis\u00e9s par les cyclistes.<\/p><h4>Quelles ont \u00e9t\u00e9 vos relations avec Volkswind, pendant la dur\u00e9e du projet ?<\/h4><p>Le projet s\u2019est bien pass\u00e9 avec les diff\u00e9rentes personnes de chez Volkswind, ils ont acc\u00e9d\u00e9 \u00e0 toutes nos demandes, qui n\u2019\u00e9taient pas nombreuses. On a demand\u00e9 de prolonger un chemin pour faire un circuit et nous avons demand\u00e9 de pouvoir conserver la base vie du chantier en l\u2019\u00e9tat pour faire un parking pour notre cimeti\u00e8re.\u00a0<\/p><h4>Comment ce parc \u00e9olien, s\u2019est int\u00e9gr\u00e9 \u00e0 votre environnement ?<\/h4><p>Le chantier n\u2019est pas termin\u00e9, les \u00e9oliennes sont en train d\u2019\u00eatre mont\u00e9e. Mais il en a \u00e0 droite, \u00e0 gauche, au fond, une de plus ou de moins cela ne se voit pas trop.<\/p><h4>Quels projets ou travaux ont \u00e9t\u00e9 r\u00e9alis\u00e9s gr\u00e2ce \u00e0 l\u2019arriv\u00e9e des \u00e9oliennes ?\u00a0<\/h4><p>On imagine de construire un city stade compact pour les enfants de l\u2019\u00e9cole et les jeunes qui pourront jouer au foot, au basket et au volley et on a aussi plant\u00e9 environs 600 arbres sur les terrains un peu d\u00e9saffect\u00e9es de la commune. Nous avons \u00e9galement le projet de faire un petit lotissement, les retomb\u00e9es financi\u00e8res du parc \u00e9olien nous permettront de financer les voiries d\u2019acc\u00e8s aux 3\/4 maisons qui accueillerons de nouvelles familles dans la commune.<\/p><h4>Y a-t-il eu d\u2019autres retomb\u00e9es, sur l\u2019\u00e9conomie locale par exemple ?<\/h4><p>Il y a toutes les entreprises locales, les terrassiers, les transporteurs qui sont all\u00e9s chercher de la grave dans les carri\u00e8res du nord. Il y a une entreprise de parpaings et de b\u00e9ton juste \u00e0 cot\u00e9 qui a fournis tout le b\u00e9ton pour le b\u00e2ti des \u00e9oliennes. <br \/>Il y a des retomb\u00e9es \u00e9normes sur l\u2019\u00e9conomie locale quoi qu\u2019en dise notre pr\u00e9sident de r\u00e9gion qui est contre les \u00e9oliennes.<\/p><h4>Qu\u2019est-ce que vous diriez \u00e0 d\u2019autres maires sur votre exp\u00e9rience avec les \u00e9oliennes ?\u00a0<\/h4><p>Je dirai que je n\u2019ai pas eu de souci particulier avec Volkswind, pas eu de soucis avec l\u2019entreprise qui a fait tous les terrassements et travaux. Ce parc \u00e9olien va repr\u00e9senter une source importante de revenu pour notre commune dans cette p\u00e9riode de crise. On participe aussi \u00e0 l\u2019effort des \u00e9nergies renouvelables mais c\u2019est plus l\u2019aspect financier qu\u2019\u00e9cologique de la chose, il faut \u00eatre honn\u00eate.<\/p>\t\t\t\t\t\t\t\t<\/div>\n\t\t\t\t<\/div>\n\t\t\t\t\t<\/div>\n\t\t<\/div>\n\t\t\t\t\t<\/div>\n\t\t<\/section>\n\t\t\t\t<\/div>\n\t\t","protected":false},"excerpt":{"rendered":"<p>Volkswind \/ Interview Interview avec Bernard Nuttens Maire de Levergies (Aisne) Bernard Nuttens, Maire de Levergies (Aisne) Pr\u00e9sentation projet et interlocuteur Pouvez-vous vous pr\u00e9senter et pr\u00e9senter votre commune ? Je suis ing\u00e9nieur agricole de L\u2019ISA de Lille, agriculteur, mon exploitation est sur Levergies. J\u2019\u00e9tais entrepreneur de travaux public et je viens de vendre ma soci\u00e9t\u00e9 [&hellip;]<\/p>\n","protected":false},"author":1,"featured_media":1562,"parent":0,"menu_order":0,"comment_status":"closed","ping_status":"closed","template":"","meta":{"footnotes":""},"class_list":["post-8643","page","type-page","status-publish","has-post-thumbnail","hentry"],"yoast_head":"<!-- This site is optimized with the Yoast SEO plugin v27.4 - https:\/\/yoast.com\/product\/yoast-seo-wordpress\/ -->\n<title>Interview avec Bernard Nuttens Maire de Levergies (Aisne) | Volkswind<\/title>\n<meta name=\"description\" content=\"Je suis Bernard Nuttens, j\u2019ai 65 ans, je suis ing\u00e9nieur agricole de L\u2019ISA de Lille, agriculteur, mon exploitation est sur Levergies.\" \/>\n<meta name=\"robots\" content=\"index, follow, max-snippet:-1, max-image-preview:large, max-video-preview:-1\" \/>\n<link rel=\"canonical\" href=\"https:\/\/volkswind.com\/interview-with-mr-bernard-nuttens-mayor-of-levergies-aisne\/\" \/>\n<meta property=\"og:locale\" content=\"fr_FR\" \/>\n<meta property=\"og:type\" content=\"article\" \/>\n<meta property=\"og:title\" content=\"Interview avec Bernard Nuttens Maire de Levergies (Aisne) | Volkswind\" \/>\n<meta property=\"og:description\" content=\"Je suis Bernard Nuttens, j\u2019ai 65 ans, je suis ing\u00e9nieur agricole de L\u2019ISA de Lille, agriculteur, mon exploitation est sur Levergies.\" \/>\n<meta property=\"og:url\" content=\"https:\/\/volkswind.com\/interview-with-mr-bernard-nuttens-mayor-of-levergies-aisne\/\" \/>\n<meta property=\"og:site_name\" content=\"Volkswind\" \/>\n<meta property=\"article:modified_time\" content=\"2025-09-10T08:06:29+00:00\" \/>\n<meta property=\"og:image\" content=\"https:\/\/volkswind.com\/wp-content\/uploads\/Volkswind-042-Web-scaled-1.jpg\" \/>\n\t<meta property=\"og:image:width\" content=\"2560\" \/>\n\t<meta property=\"og:image:height\" content=\"1707\" \/>\n\t<meta property=\"og:image:type\" content=\"image\/jpeg\" \/>\n<meta name=\"twitter:card\" content=\"summary_large_image\" \/>\n<meta name=\"twitter:label1\" content=\"Dur\u00e9e de lecture estim\u00e9e\" \/>\n\t<meta name=\"twitter:data1\" content=\"5 minutes\" \/>\n<script type=\"application\/ld+json\" class=\"yoast-schema-graph\">{\"@context\":\"https:\\\/\\\/schema.org\",\"@graph\":[{\"@type\":\"WebPage\",\"@id\":\"https:\\\/\\\/volkswind.com\\\/interview-with-mr-bernard-nuttens-mayor-of-levergies-aisne\\\/\",\"url\":\"https:\\\/\\\/volkswind.com\\\/interview-with-mr-bernard-nuttens-mayor-of-levergies-aisne\\\/\",\"name\":\"Interview avec Bernard Nuttens Maire de Levergies (Aisne) | Volkswind\",\"isPartOf\":{\"@id\":\"https:\\\/\\\/volkswind.com\\\/de\\\/#website\"},\"primaryImageOfPage\":{\"@id\":\"https:\\\/\\\/volkswind.com\\\/interview-with-mr-bernard-nuttens-mayor-of-levergies-aisne\\\/#primaryimage\"},\"image\":{\"@id\":\"https:\\\/\\\/volkswind.com\\\/interview-with-mr-bernard-nuttens-mayor-of-levergies-aisne\\\/#primaryimage\"},\"thumbnailUrl\":\"https:\\\/\\\/volkswind.com\\\/wp-content\\\/uploads\\\/Volkswind-042-Web-scaled-1.jpg\",\"datePublished\":\"2024-03-21T16:23:59+00:00\",\"dateModified\":\"2025-09-10T08:06:29+00:00\",\"description\":\"Je suis Bernard Nuttens, j\u2019ai 65 ans, je suis ing\u00e9nieur agricole de L\u2019ISA de Lille, agriculteur, mon exploitation est sur Levergies.\",\"breadcrumb\":{\"@id\":\"https:\\\/\\\/volkswind.com\\\/interview-with-mr-bernard-nuttens-mayor-of-levergies-aisne\\\/#breadcrumb\"},\"inLanguage\":\"fr-FR\",\"potentialAction\":[{\"@type\":\"ReadAction\",\"target\":[\"https:\\\/\\\/volkswind.com\\\/interview-with-mr-bernard-nuttens-mayor-of-levergies-aisne\\\/\"]}]},{\"@type\":\"ImageObject\",\"inLanguage\":\"fr-FR\",\"@id\":\"https:\\\/\\\/volkswind.com\\\/interview-with-mr-bernard-nuttens-mayor-of-levergies-aisne\\\/#primaryimage\",\"url\":\"https:\\\/\\\/volkswind.com\\\/wp-content\\\/uploads\\\/Volkswind-042-Web-scaled-1.jpg\",\"contentUrl\":\"https:\\\/\\\/volkswind.com\\\/wp-content\\\/uploads\\\/Volkswind-042-Web-scaled-1.jpg\",\"width\":2560,\"height\":1707},{\"@type\":\"BreadcrumbList\",\"@id\":\"https:\\\/\\\/volkswind.com\\\/interview-with-mr-bernard-nuttens-mayor-of-levergies-aisne\\\/#breadcrumb\",\"itemListElement\":[{\"@type\":\"ListItem\",\"position\":1,\"name\":\"Accueil\",\"item\":\"https:\\\/\\\/volkswind.com\\\/fr\\\/\"},{\"@type\":\"ListItem\",\"position\":2,\"name\":\"Interview avec Bernard Nuttens Maire de Levergies (Aisne)\"}]},{\"@type\":\"WebSite\",\"@id\":\"https:\\\/\\\/volkswind.com\\\/de\\\/#website\",\"url\":\"https:\\\/\\\/volkswind.com\\\/de\\\/\",\"name\":\"Volkswind\",\"description\":\"\",\"potentialAction\":[{\"@type\":\"SearchAction\",\"target\":{\"@type\":\"EntryPoint\",\"urlTemplate\":\"https:\\\/\\\/volkswind.com\\\/de\\\/?s={search_term_string}\"},\"query-input\":{\"@type\":\"PropertyValueSpecification\",\"valueRequired\":true,\"valueName\":\"search_term_string\"}}],\"inLanguage\":\"fr-FR\"}]}<\/script>\n<!-- \/ Yoast SEO plugin. -->","yoast_head_json":{"title":"Interview avec Bernard Nuttens Maire de Levergies (Aisne) | Volkswind","description":"Je suis Bernard Nuttens, j\u2019ai 65 ans, je suis ing\u00e9nieur agricole de L\u2019ISA de Lille, agriculteur, mon exploitation est sur Levergies.","robots":{"index":"index","follow":"follow","max-snippet":"max-snippet:-1","max-image-preview":"max-image-preview:large","max-video-preview":"max-video-preview:-1"},"canonical":"https:\/\/volkswind.com\/interview-with-mr-bernard-nuttens-mayor-of-levergies-aisne\/","og_locale":"fr_FR","og_type":"article","og_title":"Interview avec Bernard Nuttens Maire de Levergies (Aisne) | Volkswind","og_description":"Je suis Bernard Nuttens, j\u2019ai 65 ans, je suis ing\u00e9nieur agricole de L\u2019ISA de Lille, agriculteur, mon exploitation est sur Levergies.","og_url":"https:\/\/volkswind.com\/interview-with-mr-bernard-nuttens-mayor-of-levergies-aisne\/","og_site_name":"Volkswind","article_modified_time":"2025-09-10T08:06:29+00:00","og_image":[{"width":2560,"height":1707,"url":"https:\/\/volkswind.com\/wp-content\/uploads\/Volkswind-042-Web-scaled-1.jpg","type":"image\/jpeg"}],"twitter_card":"summary_large_image","twitter_misc":{"Dur\u00e9e de lecture estim\u00e9e":"5 minutes"},"schema":{"@context":"https:\/\/schema.org","@graph":[{"@type":"WebPage","@id":"https:\/\/volkswind.com\/interview-with-mr-bernard-nuttens-mayor-of-levergies-aisne\/","url":"https:\/\/volkswind.com\/interview-with-mr-bernard-nuttens-mayor-of-levergies-aisne\/","name":"Interview avec Bernard Nuttens Maire de Levergies (Aisne) | Volkswind","isPartOf":{"@id":"https:\/\/volkswind.com\/de\/#website"},"primaryImageOfPage":{"@id":"https:\/\/volkswind.com\/interview-with-mr-bernard-nuttens-mayor-of-levergies-aisne\/#primaryimage"},"image":{"@id":"https:\/\/volkswind.com\/interview-with-mr-bernard-nuttens-mayor-of-levergies-aisne\/#primaryimage"},"thumbnailUrl":"https:\/\/volkswind.com\/wp-content\/uploads\/Volkswind-042-Web-scaled-1.jpg","datePublished":"2024-03-21T16:23:59+00:00","dateModified":"2025-09-10T08:06:29+00:00","description":"Je suis Bernard Nuttens, j\u2019ai 65 ans, je suis ing\u00e9nieur agricole de L\u2019ISA de Lille, agriculteur, mon exploitation est sur Levergies.","breadcrumb":{"@id":"https:\/\/volkswind.com\/interview-with-mr-bernard-nuttens-mayor-of-levergies-aisne\/#breadcrumb"},"inLanguage":"fr-FR","potentialAction":[{"@type":"ReadAction","target":["https:\/\/volkswind.com\/interview-with-mr-bernard-nuttens-mayor-of-levergies-aisne\/"]}]},{"@type":"ImageObject","inLanguage":"fr-FR","@id":"https:\/\/volkswind.com\/interview-with-mr-bernard-nuttens-mayor-of-levergies-aisne\/#primaryimage","url":"https:\/\/volkswind.com\/wp-content\/uploads\/Volkswind-042-Web-scaled-1.jpg","contentUrl":"https:\/\/volkswind.com\/wp-content\/uploads\/Volkswind-042-Web-scaled-1.jpg","width":2560,"height":1707},{"@type":"BreadcrumbList","@id":"https:\/\/volkswind.com\/interview-with-mr-bernard-nuttens-mayor-of-levergies-aisne\/#breadcrumb","itemListElement":[{"@type":"ListItem","position":1,"name":"Accueil","item":"https:\/\/volkswind.com\/fr\/"},{"@type":"ListItem","position":2,"name":"Interview avec Bernard Nuttens Maire de Levergies (Aisne)"}]},{"@type":"WebSite","@id":"https:\/\/volkswind.com\/de\/#website","url":"https:\/\/volkswind.com\/de\/","name":"Volkswind","description":"","potentialAction":[{"@type":"SearchAction","target":{"@type":"EntryPoint","urlTemplate":"https:\/\/volkswind.com\/de\/?s={search_term_string}"},"query-input":{"@type":"PropertyValueSpecification","valueRequired":true,"valueName":"search_term_string"}}],"inLanguage":"fr-FR"}]}},"_links":{"self":[{"href":"https:\/\/volkswind.com\/fr\/wp-json\/wp\/v2\/pages\/8643","targetHints":{"allow":["GET"]}}],"collection":[{"href":"https:\/\/volkswind.com\/fr\/wp-json\/wp\/v2\/pages"}],"about":[{"href":"https:\/\/volkswind.com\/fr\/wp-json\/wp\/v2\/types\/page"}],"author":[{"embeddable":true,"href":"https:\/\/volkswind.com\/fr\/wp-json\/wp\/v2\/users\/1"}],"replies":[{"embeddable":true,"href":"https:\/\/volkswind.com\/fr\/wp-json\/wp\/v2\/comments?post=8643"}],"version-history":[{"count":10,"href":"https:\/\/volkswind.com\/fr\/wp-json\/wp\/v2\/pages\/8643\/revisions"}],"predecessor-version":[{"id":13721,"href":"https:\/\/volkswind.com\/fr\/wp-json\/wp\/v2\/pages\/8643\/revisions\/13721"}],"wp:featuredmedia":[{"embeddable":true,"href":"https:\/\/volkswind.com\/fr\/wp-json\/wp\/v2\/media\/1562"}],"wp:attachment":[{"href":"https:\/\/volkswind.com\/fr\/wp-json\/wp\/v2\/media?parent=8643"}],"curies":[{"name":"wp","href":"https:\/\/api.w.org\/{rel}","templated":true}]}}