{"id":8641,"date":"2024-02-02T09:23:43","date_gmt":"2024-02-02T09:23:43","guid":{"rendered":"https:\/\/staging-group.volkswind.fr\/interview-de-katja-stommel-pour-le-30e-anniversaire-de-volkswind\/"},"modified":"2025-11-13T09:44:55","modified_gmt":"2025-11-13T09:44:55","slug":"interview-de-katja-stommel-pour-le-30e-anniversaire-de-volkswind","status":"publish","type":"page","link":"https:\/\/volkswind.com\/fr\/interview-de-katja-stommel-pour-le-30e-anniversaire-de-volkswind\/","title":{"rendered":"Interview de Katja Stommel pour le 30e anniversaire de Volkswind"},"content":{"rendered":"\t\t<div data-elementor-type=\"wp-page\" data-elementor-id=\"8641\" class=\"elementor elementor-8641 elementor-2513\" data-elementor-post-type=\"page\">\n\t\t\t\t\t\t<section class=\"elementor-section elementor-top-section elementor-element elementor-element-70c8830 elementor-section-boxed elementor-section-height-default elementor-section-height-default\" data-id=\"70c8830\" data-element_type=\"section\" data-e-type=\"section\" data-settings=\"{&quot;jet_parallax_layout_list&quot;:[],&quot;background_background&quot;:&quot;classic&quot;}\">\n\t\t\t\t\t\t\t<div class=\"elementor-background-overlay\"><\/div>\n\t\t\t\t\t\t\t<div class=\"elementor-container elementor-column-gap-default\">\n\t\t\t\t\t<div class=\"elementor-column elementor-col-100 elementor-top-column elementor-element elementor-element-4ce40ae\" data-id=\"4ce40ae\" data-element_type=\"column\" data-e-type=\"column\">\n\t\t\t<div class=\"elementor-widget-wrap\">\n\t\t\t\t\t\t\t<\/div>\n\t\t<\/div>\n\t\t\t\t\t<\/div>\n\t\t<\/section>\n\t\t\t\t<section class=\"elementor-section elementor-top-section elementor-element elementor-element-9b846da elementor-section-boxed elementor-section-height-default elementor-section-height-default\" data-id=\"9b846da\" data-element_type=\"section\" data-e-type=\"section\" data-settings=\"{&quot;jet_parallax_layout_list&quot;:[]}\">\n\t\t\t\t\t\t<div class=\"elementor-container elementor-column-gap-default\">\n\t\t\t\t\t<div class=\"elementor-column elementor-col-100 elementor-top-column elementor-element elementor-element-d794dbb\" data-id=\"d794dbb\" data-element_type=\"column\" data-e-type=\"column\">\n\t\t\t<div class=\"elementor-widget-wrap elementor-element-populated\">\n\t\t\t\t\t\t<div class=\"elementor-element elementor-element-a321d9d elementor-widget elementor-widget-text-editor\" data-id=\"a321d9d\" data-element_type=\"widget\" data-e-type=\"widget\" data-widget_type=\"text-editor.default\">\n\t\t\t\t<div class=\"elementor-widget-container\">\n\t\t\t\t\t\t\t\t\t<p>Volkswind \/ Interview<\/p>\n\t\t\t\t\t\t\t\t<\/div>\n\t\t\t\t<\/div>\n\t\t\t\t<div class=\"elementor-element elementor-element-e4011b2 elementor-widget__width-initial elementor-widget elementor-widget-heading\" data-id=\"e4011b2\" data-element_type=\"widget\" data-e-type=\"widget\" data-widget_type=\"heading.default\">\n\t\t\t\t<div class=\"elementor-widget-container\">\n\t\t\t\t\t<h1 class=\"elementor-heading-title elementor-size-default\">Interview de Katja Stommel pour le 30e anniversaire de Volkswind<\/h1>\t\t\t\t<\/div>\n\t\t\t\t<\/div>\n\t\t\t\t\t<\/div>\n\t\t<\/div>\n\t\t\t\t\t<\/div>\n\t\t<\/section>\n\t\t\t\t<section class=\"elementor-section elementor-top-section elementor-element elementor-element-85de5fd elementor-section-boxed elementor-section-height-default elementor-section-height-default\" data-id=\"85de5fd\" data-element_type=\"section\" data-e-type=\"section\" data-settings=\"{&quot;jet_parallax_layout_list&quot;:[]}\">\n\t\t\t\t\t\t<div class=\"elementor-container elementor-column-gap-default\">\n\t\t\t\t\t<div class=\"elementor-column elementor-col-100 elementor-top-column elementor-element elementor-element-ca2b025\" data-id=\"ca2b025\" data-element_type=\"column\" data-e-type=\"column\">\n\t\t\t<div class=\"elementor-widget-wrap elementor-element-populated\">\n\t\t\t\t\t\t<div class=\"elementor-element elementor-element-f08ad37 elementor-widget__width-initial elementor-widget elementor-widget-text-editor\" data-id=\"f08ad37\" data-element_type=\"widget\" data-e-type=\"widget\" data-widget_type=\"text-editor.default\">\n\t\t\t\t<div class=\"elementor-widget-container\">\n\t\t\t\t\t\t\t\t\t<p>Volkswind Allemagne a f\u00eat\u00e9 son 30\u00e8me anniversaire en 2023. Beaucoup de choses se sont pass\u00e9es dans le secteur \u00e9olien, tant sur le march\u00e9 allemand que dans toute l&rsquo;Europe. Katja Stommel ancienne PDG de Volkswind nous parle des \u00e9v\u00e9nements marquants de ces trois derni\u00e8res d\u00e9cennies.<\/p>\t\t\t\t\t\t\t\t<\/div>\n\t\t\t\t<\/div>\n\t\t\t\t\t<\/div>\n\t\t<\/div>\n\t\t\t\t\t<\/div>\n\t\t<\/section>\n\t\t\t\t<section class=\"elementor-section elementor-top-section elementor-element elementor-element-909f818 elementor-section-boxed elementor-section-height-default elementor-section-height-default\" data-id=\"909f818\" data-element_type=\"section\" data-e-type=\"section\" data-settings=\"{&quot;jet_parallax_layout_list&quot;:[],&quot;background_background&quot;:&quot;classic&quot;}\">\n\t\t\t\t\t\t<div class=\"elementor-container elementor-column-gap-default\">\n\t\t\t\t\t<div class=\"elementor-column elementor-col-100 elementor-top-column elementor-element elementor-element-cb298d7\" data-id=\"cb298d7\" data-element_type=\"column\" data-e-type=\"column\" data-settings=\"{&quot;background_background&quot;:&quot;classic&quot;}\">\n\t\t\t<div class=\"elementor-widget-wrap elementor-element-populated\">\n\t\t\t\t\t\t<div class=\"elementor-element elementor-element-ffcc1e9 elementor-widget elementor-widget-image\" data-id=\"ffcc1e9\" data-element_type=\"widget\" data-e-type=\"widget\" data-widget_type=\"image.default\">\n\t\t\t\t<div class=\"elementor-widget-container\">\n\t\t\t\t\t\t\t\t\t\t\t\t\t\t\t<img fetchpriority=\"high\" decoding=\"async\" width=\"800\" height=\"533\" src=\"https:\/\/volkswind.com\/wp-content\/uploads\/2306-katja-stommel-web-qualitaet-004.jpg\" class=\"attachment-2048x2048 size-2048x2048 wp-image-2519\" alt=\"2306-katja-stommel-web-qualitaet-004\" srcset=\"https:\/\/volkswind.com\/wp-content\/uploads\/2306-katja-stommel-web-qualitaet-004.jpg 800w, https:\/\/volkswind.com\/wp-content\/uploads\/2306-katja-stommel-web-qualitaet-004-300x200.jpg 300w, https:\/\/volkswind.com\/wp-content\/uploads\/2306-katja-stommel-web-qualitaet-004-768x512.jpg 768w\" sizes=\"(max-width: 800px) 100vw, 800px\" \/>\t\t\t\t\t\t\t\t\t\t\t\t\t\t\t<\/div>\n\t\t\t\t<\/div>\n\t\t\t\t<div class=\"elementor-element elementor-element-c47d448 elementor-widget elementor-widget-text-editor\" data-id=\"c47d448\" data-element_type=\"widget\" data-e-type=\"widget\" data-widget_type=\"text-editor.default\">\n\t\t\t\t<div class=\"elementor-widget-container\">\n\t\t\t\t\t\t\t\t\t<p>Katja Stommel, ancienne PDG de Volkswind et ex cheffe de la division Wind d&rsquo;Axpo<\/p>\t\t\t\t\t\t\t\t<\/div>\n\t\t\t\t<\/div>\n\t\t\t\t<div class=\"elementor-element elementor-element-826e084 elementor-widget elementor-widget-text-editor\" data-id=\"826e084\" data-element_type=\"widget\" data-e-type=\"widget\" data-widget_type=\"text-editor.default\">\n\t\t\t\t<div class=\"elementor-widget-container\">\n\t\t\t\t\t\t\t\t\t<h4>Volkswind existe depuis 30 ans. C&rsquo;est une longue p\u00e9riode. Comment tout cela a-t-il commenc\u00e9 ?<\/h4><p>Au cours de l&rsquo;\u00e9t\u00e9 1992, je venais de terminer une formation dans les m\u00e9tiers bancaire et j&rsquo;\u00e9tais au deuxi\u00e8me semestre de mes \u00e9tudes de math\u00e9matiques. Nous avons d\u00e9m\u00e9nag\u00e9 en Frise orientale. Mon futur mari Matthias (Stommel) et notre ami Martin (Daubner) travaillaient pour un fabricant d&rsquo;\u00e9oliennes \u00e0 Aurich. A ce moment-l\u00e0, nous avons eu l&rsquo;occasion de r\u00e9aliser notre premi\u00e8re centrale \u00e9olienne. Un agriculteur local avait obtenu un permis pour deux \u00e9oliennes et voulait les r\u00e9aliser lui-m\u00eame. Nous avons saisi l&rsquo;occasion et sommes soudain devenus fondateurs. En r\u00e9alit\u00e9, il n&rsquo;\u00e9tait pas pr\u00e9vu que nous fondions une entreprise \u00e0 trois &#8211; un ing\u00e9nieur civil, un ing\u00e9nieur \u00e9lectricien et moi du c\u00f4t\u00e9 commercial. \u00c0 l&rsquo;\u00e9poque, nous avions une grande libert\u00e9. Nous devions nous conformer \u00e0 un simple code de la construction et \u00e0 quelques autres r\u00e9glementations. C&rsquo;\u00e9tait un domaine totalement nouveau. Nous \u00e9tions consid\u00e9r\u00e9s comme des \u00e9colos-fous. Nous n&rsquo;avons jamais imagin\u00e9 que nous irions aussi loin et que nous en serions l\u00e0 aujourd&rsquo;hui. En fait, nous voulions simplement montrer une alternative \u00e0 Tchernobyl.<\/p><h4>Et que s&rsquo;est-il pass\u00e9 ensuite ?<\/h4><p>Les ann\u00e9es qui ont suivi ont \u00e9t\u00e9 un exercice d&rsquo;\u00e9quilibre entre les \u00e9tudes et la carri\u00e8re. Jusqu&rsquo;en 1988, Volkswind n&rsquo;\u00e9tait qu&rsquo;un emploi \u00e0 temps partiel. J&rsquo;\u00e9tudiais et les autres travaillaient \u00e0 plein temps. Nous avons construit cinq centrales \u00e9oliennes pendant cette p\u00e9riode. En 1997, nous avons embauch\u00e9 nos premiers employ\u00e9s, des gens qui avaient le m\u00eame \u00e9tat d&rsquo;esprit que nous. Mon voisin m&rsquo;a aid\u00e9 \u00e0 tenir la comptabilit\u00e9 et nous avons engag\u00e9 un commercial \u00e0 Engel.<\/p><p>Jusqu&rsquo;en 2005, nous n&rsquo;avions pas de bureau central. Nous \u00e9tions d\u00e9j\u00e0 en avance sur notre temps en mati\u00e8re de travail mobile (rires). Nos collaborateurs pouvaient travailler de mani\u00e8re flexible dans des succursales ou \u00e0 domicile. Mais lorsque nous n&rsquo;avons plus eu de place dans la cuisine pour pr\u00e9parer le d\u00e9jeuner de nos enfants, nous avons ouvert notre premier bureau central \u00e0 Ganderkesee.<\/p><h4>Serait-il possible de r\u00e9p\u00e9ter cette histoire aujourd&rsquo;hui ?<\/h4><p>Non, pas dans le secteur \u00e9olien, mais dans d&rsquo;autres secteurs oui certainement. Si vous \u00eates absolument convaincu de ce que vous faites, vous pouvez y arriver. L&rsquo;accident de la centrale nucl\u00e9aire de Tchernobyl a montr\u00e9 qu&rsquo;il fallait trouver d&rsquo;autres solutions.<\/p><h4>Quelle \u00e9tait votre motivation \u00e0 l&rsquo;\u00e9poque ?<\/h4><p>Nous voulions changer activement quelque chose. Il ne s&rsquo;agissait pas de gagner des parts de march\u00e9 ou de faire des b\u00e9n\u00e9fices. Nous voulions faire en sorte que la situation change et que l&rsquo;on utilise davantage d&rsquo;\u00e9lectricit\u00e9 renouvelable. Nous nous sommes battus pour cela avec passion. Nous nous amusions, nous \u00e9tions tr\u00e8s motiv\u00e9s et notre hobby est devenu notre travail.<\/p><h4>Qu&rsquo;est-ce qui distingue Volkswind aujourd&rsquo;hui ?<\/h4><p>Nous aimons toujours les d\u00e9fis. Nous essayons de nous adapter aux contextes changeants et de rester polyvalents. L&rsquo;industrie \u00e9olienne n&rsquo;est pas une autoroute rectiligne, il y a toujours des virages \u00e0 gauche et \u00e0 droite \u00e0 prendre pour atteindre la ligne d&rsquo;arriv\u00e9e. Trouver la bonne voie est un d\u00e9fi. Il n&rsquo;y a pas de chemin traditionnel, il faut toujours penser diff\u00e9remment.<\/p><p>Nous essayons de tout remettre en question de mani\u00e8re cr\u00e9ative et de garder l&rsquo;esprit ouvert. Ainsi, notre travail reste passionnant m\u00eame dans le cadre actuel.<\/p><h4>En 2015, Volkswind a \u00e9t\u00e9 rachet\u00e9 par le groupe Suisse Axpo. Qu&rsquo;est-ce qui a chang\u00e9 depuis ?<\/h4><p>Pas grand-chose. Et c&rsquo;est la cl\u00e9 d&rsquo;une reprise r\u00e9ussie. Nous avons proc\u00e9d\u00e9 de mani\u00e8re pragmatique. La compr\u00e9hension mutuelle \u00e9tait l\u00e0, v\u00e9cue et mise en \u0153uvre. Cela a fonctionn\u00e9 dans le pass\u00e9 et continue de bien fonctionner aujourd&rsquo;hui.<\/p><h4>Comment les activit\u00e9s de Volkswind ont-elles \u00e9volu\u00e9 au cours des trois derni\u00e8res d\u00e9cennies ?<\/h4><p>En principe, les choses sont rest\u00e9es les m\u00eames : nous construisons toujours des parcs \u00e9oliens. Bien s\u00fbr, nous en construisons aujourd&rsquo;hui beaucoup plus dans de nombreux pays, mais l&rsquo;id\u00e9e de base n&rsquo;a pas chang\u00e9. En revanche, il est devenu beaucoup plus compliqu\u00e9 d&rsquo;atteindre l&rsquo;objectif. Autrefois, il suffisait de pr\u00e9senter quelques feuilles de papier dans un dossier pour obtenir un permis. Aujourd&rsquo;hui, il s&rsquo;agit de plusieurs classeurs remplis de documents.<\/p><h4>Y a-t-il eu des p\u00e9riodes difficiles ?<\/h4><p>Les contextes politiques en Allemagne \u00e9taient souvent incertaines. Par exemple, \u00e0 deux reprises, nous n&rsquo;avons re\u00e7u pratiquement aucun tarif de rachat et, dans le m\u00eame temps, nous n&rsquo;avions pas acc\u00e8s aux march\u00e9s de l&rsquo;\u00e9lectricit\u00e9. Tout le financement de nos projets \u00e9tait en suspens.<\/p><p>Les dix derni\u00e8res ann\u00e9es ont \u00e9t\u00e9 difficiles parce que les d\u00e9cideurs politiques allemands ne voulaient pas de l&rsquo;\u00e9nergie \u00e9olienne. Nous n&rsquo;obtenions pas de permis et le march\u00e9 \u00e9tait artificiellement maintenu \u00e0 un faible niveau. Les changements apport\u00e9s \u00e0 la proc\u00e9dure d&rsquo;appel d&rsquo;offres du secteur ont \u00e9t\u00e9 motiv\u00e9s par des consid\u00e9rations politiques. Malheureusement, nous sommes toujours d\u00e9pendants de la politique ; le plafonnement des prix de l&rsquo;UE l&rsquo;ann\u00e9e derni\u00e8re a \u00e9t\u00e9 une gifle.<\/p><h4>Les changements politiques sont-ils suffisants pour redonner de l&rsquo;\u00e9lan au march\u00e9 allemand et l&rsquo;objectif d&rsquo;un mix \u00e9lectrique compos\u00e9 \u00e0 80 % d&rsquo;\u00e9nergies renouvelables peut-il \u00eatre atteint ? Quels sont les changements n\u00e9cessaires pour parvenir \u00e0 un v\u00e9ritable retournement de situation ?<\/h4><p>L&rsquo;expansion du r\u00e9seau est le plus important. Si les amendements l\u00e9gislatifs r\u00e9cemment adopt\u00e9s sont activement mis en \u0153uvre, nous n&rsquo;aurons plus de probl\u00e8mes ici. Presque tous les pays europ\u00e9ens sont en retard dans ce domaine. Souvent, ce n&rsquo;est pas le permis qui pose probl\u00e8me, c&rsquo;est l&rsquo;extension du r\u00e9seau qui est le goulot d&rsquo;\u00e9tranglement.<\/p><h4>En collaboration avec Volkswind, Axpo souhaite accro\u00eetre massivement le d\u00e9veloppement de l&rsquo;\u00e9nergie \u00e9olienne d&rsquo;ici \u00e0 2030. Comment pouvons-nous atteindre cet objectif ?<\/h4><p>Nous avons consid\u00e9rablement renforc\u00e9 notre \u00e9quipe de d\u00e9veloppement en Allemagne, en France et nos activit\u00e9s dans d&rsquo;autres pays afin d&rsquo;augmenter rapidement les capacit\u00e9s. Volkswind est pr\u00e9sent en Allemagne et en France et, avec Axpo, en Finlande et en Roumanie. Nous \u00e9tudions d&rsquo;autres march\u00e9s.<\/p><h4>L&rsquo;entreprise a connu une forte croissance. \u00c0 quoi ressemble la structure de l&rsquo;entreprise et comment veillez vous \u00e0 ce que Volkswind reste un employeur attrayant ?<\/h4><p>En tant que directeur, vous devez cr\u00e9er un bon esprit et faire rire les gens. Il faut \u00eatre capable de faire des blagues, m\u00eame dans les moments les plus difficiles. Une culture positive de l&rsquo;erreur est importante pour nous : Pas de r\u00e9primandes, mais des explications et des analyses. Nous vivons une culture d&rsquo;entreprise ouverte, encourageons la r\u00e9flexion proactive et travaillons dans le cadre d&rsquo;une organisation horizontale. Ma porte est toujours ouverte, m\u00eame s&rsquo;il faut parfois prendre un ticket pour entrer (rires).<\/p><h4>Qu&rsquo;est-ce que les partenaires appr\u00e9cient dans leur collaboration avec Volkswind ?<\/h4><p>Ils appr\u00e9cient notre fiabilit\u00e9. Nous ne promettons pas de ch\u00e2teaux en l&rsquo;air. Nous travaillons efficacement et d\u00e9finissons les diff\u00e9rentes \u00e9tapes \u00e0 l&rsquo;avance. Nous sommes orient\u00e9s vers les solutions et, bien entendu, pr\u00eats \u00e0 faire des compromis.<\/p><h4>Votre conclusion : 30 ans de Volkswind, une raison de se r\u00e9jouir ?<\/h4><p>Oui, bien s\u00fbr, car cela fait 30 ans que Volkswind est le moteur de l&rsquo;expansion des \u00e9nergies renouvelables. Beaucoup d&rsquo;entreprises du secteur \u00e9olien ont disparu ces derni\u00e8res ann\u00e9es. Nous sommes toujours l\u00e0 et nous avons du succ\u00e8s. Nous avons conserv\u00e9 l&rsquo;esprit et la passion des premiers jours.<\/p><h4>Perspectives. Que souhaitez-vous pour les 30 prochaines ann\u00e9es ?<\/h4><p>Personnellement, j&rsquo;aimerais \u00eatre aussi en forme dans 30 ans qu&rsquo;aujourd&rsquo;hui. J&rsquo;esp\u00e8re que nous parviendrons \u00e0 ma\u00eetriser le changement climatique le plus rapidement possible. Si nous n&rsquo;y parvenons pas, nous n&rsquo;aurons plus la vie que nous avons aujourd&rsquo;hui. Cela n\u00e9cessitera une expansion massive des \u00e9nergies renouvelables. J&rsquo;esp\u00e8re \u00e9galement que nous trouverons des innovations pour r\u00e9duire les \u00e9missions de CO2 dans l&rsquo;atmosph\u00e8re. Et tout cela demain plut\u00f4t que dans 30 ans. Avec Axpo, Volkswind apportera sa contribution \u00e0 la transition \u00e9nerg\u00e9tique. Mais nous ne pouvons pas le faire seuls.<\/p>\t\t\t\t\t\t\t\t<\/div>\n\t\t\t\t<\/div>\n\t\t\t\t\t<\/div>\n\t\t<\/div>\n\t\t\t\t\t<\/div>\n\t\t<\/section>\n\t\t\t\t<\/div>\n\t\t","protected":false},"excerpt":{"rendered":"<p>Volkswind \/ Interview Interview de Katja Stommel pour le 30e anniversaire de Volkswind Volkswind Allemagne a f\u00eat\u00e9 son 30\u00e8me anniversaire en 2023. Beaucoup de choses se sont pass\u00e9es dans le secteur \u00e9olien, tant sur le march\u00e9 allemand que dans toute l&rsquo;Europe. Katja Stommel ancienne PDG de Volkswind nous parle des \u00e9v\u00e9nements marquants de ces trois [&hellip;]<\/p>\n","protected":false},"author":1,"featured_media":1562,"parent":0,"menu_order":0,"comment_status":"closed","ping_status":"closed","template":"","meta":{"footnotes":""},"class_list":["post-8641","page","type-page","status-publish","has-post-thumbnail","hentry"],"yoast_head":"<!-- This site is optimized with the Yoast SEO plugin v27.4 - https:\/\/yoast.com\/product\/yoast-seo-wordpress\/ -->\n<title>Interview de Katja Stommel pour le 30e anniversaire de Volkswind | Volkswind<\/title>\n<meta name=\"description\" content=\"Katja Stommel, PDG de Volkswind et responsable de la division \u00ab \u00e9nergie \u00e9olienne \u00bb \u00e0 Axpo nous parle des \u00e9v\u00e9nements marquants.\" \/>\n<meta name=\"robots\" content=\"index, follow, max-snippet:-1, max-image-preview:large, max-video-preview:-1\" \/>\n<link rel=\"canonical\" href=\"https:\/\/volkswind.com\/interview-with-katja-stommel-on-volkswinds-30th-anniversary\/\" \/>\n<meta property=\"og:locale\" content=\"fr_FR\" \/>\n<meta property=\"og:type\" content=\"article\" \/>\n<meta property=\"og:title\" content=\"Interview de Katja Stommel pour le 30e anniversaire de Volkswind | Volkswind\" \/>\n<meta property=\"og:description\" content=\"Katja Stommel, PDG de Volkswind et responsable de la division \u00ab \u00e9nergie \u00e9olienne \u00bb \u00e0 Axpo nous parle des \u00e9v\u00e9nements marquants.\" \/>\n<meta property=\"og:url\" content=\"https:\/\/volkswind.com\/interview-with-katja-stommel-on-volkswinds-30th-anniversary\/\" \/>\n<meta property=\"og:site_name\" content=\"Volkswind\" \/>\n<meta property=\"article:modified_time\" content=\"2025-11-13T09:44:55+00:00\" \/>\n<meta property=\"og:image\" content=\"https:\/\/volkswind.com\/wp-content\/uploads\/Volkswind-042-Web-scaled-1.jpg\" \/>\n\t<meta property=\"og:image:width\" content=\"2560\" \/>\n\t<meta property=\"og:image:height\" content=\"1707\" \/>\n\t<meta property=\"og:image:type\" content=\"image\/jpeg\" \/>\n<meta name=\"twitter:card\" content=\"summary_large_image\" \/>\n<meta name=\"twitter:label1\" content=\"Dur\u00e9e de lecture estim\u00e9e\" \/>\n\t<meta name=\"twitter:data1\" content=\"7 minutes\" \/>\n<script type=\"application\/ld+json\" class=\"yoast-schema-graph\">{\"@context\":\"https:\\\/\\\/schema.org\",\"@graph\":[{\"@type\":\"WebPage\",\"@id\":\"https:\\\/\\\/volkswind.com\\\/interview-with-katja-stommel-on-volkswinds-30th-anniversary\\\/\",\"url\":\"https:\\\/\\\/volkswind.com\\\/interview-with-katja-stommel-on-volkswinds-30th-anniversary\\\/\",\"name\":\"Interview de Katja Stommel pour le 30e anniversaire de Volkswind | Volkswind\",\"isPartOf\":{\"@id\":\"https:\\\/\\\/volkswind.com\\\/de\\\/#website\"},\"primaryImageOfPage\":{\"@id\":\"https:\\\/\\\/volkswind.com\\\/interview-with-katja-stommel-on-volkswinds-30th-anniversary\\\/#primaryimage\"},\"image\":{\"@id\":\"https:\\\/\\\/volkswind.com\\\/interview-with-katja-stommel-on-volkswinds-30th-anniversary\\\/#primaryimage\"},\"thumbnailUrl\":\"https:\\\/\\\/volkswind.com\\\/wp-content\\\/uploads\\\/Volkswind-042-Web-scaled-1.jpg\",\"datePublished\":\"2024-02-02T09:23:43+00:00\",\"dateModified\":\"2025-11-13T09:44:55+00:00\",\"description\":\"Katja Stommel, PDG de Volkswind et responsable de la division \u00ab \u00e9nergie \u00e9olienne \u00bb \u00e0 Axpo nous parle des \u00e9v\u00e9nements marquants.\",\"breadcrumb\":{\"@id\":\"https:\\\/\\\/volkswind.com\\\/interview-with-katja-stommel-on-volkswinds-30th-anniversary\\\/#breadcrumb\"},\"inLanguage\":\"fr-FR\",\"potentialAction\":[{\"@type\":\"ReadAction\",\"target\":[\"https:\\\/\\\/volkswind.com\\\/interview-with-katja-stommel-on-volkswinds-30th-anniversary\\\/\"]}]},{\"@type\":\"ImageObject\",\"inLanguage\":\"fr-FR\",\"@id\":\"https:\\\/\\\/volkswind.com\\\/interview-with-katja-stommel-on-volkswinds-30th-anniversary\\\/#primaryimage\",\"url\":\"https:\\\/\\\/volkswind.com\\\/wp-content\\\/uploads\\\/Volkswind-042-Web-scaled-1.jpg\",\"contentUrl\":\"https:\\\/\\\/volkswind.com\\\/wp-content\\\/uploads\\\/Volkswind-042-Web-scaled-1.jpg\",\"width\":2560,\"height\":1707},{\"@type\":\"BreadcrumbList\",\"@id\":\"https:\\\/\\\/volkswind.com\\\/interview-with-katja-stommel-on-volkswinds-30th-anniversary\\\/#breadcrumb\",\"itemListElement\":[{\"@type\":\"ListItem\",\"position\":1,\"name\":\"Accueil\",\"item\":\"https:\\\/\\\/volkswind.com\\\/fr\\\/\"},{\"@type\":\"ListItem\",\"position\":2,\"name\":\"Interview de Katja Stommel pour le 30e anniversaire de Volkswind\"}]},{\"@type\":\"WebSite\",\"@id\":\"https:\\\/\\\/volkswind.com\\\/de\\\/#website\",\"url\":\"https:\\\/\\\/volkswind.com\\\/de\\\/\",\"name\":\"Volkswind\",\"description\":\"\",\"potentialAction\":[{\"@type\":\"SearchAction\",\"target\":{\"@type\":\"EntryPoint\",\"urlTemplate\":\"https:\\\/\\\/volkswind.com\\\/de\\\/?s={search_term_string}\"},\"query-input\":{\"@type\":\"PropertyValueSpecification\",\"valueRequired\":true,\"valueName\":\"search_term_string\"}}],\"inLanguage\":\"fr-FR\"}]}<\/script>\n<!-- \/ Yoast SEO plugin. -->","yoast_head_json":{"title":"Interview de Katja Stommel pour le 30e anniversaire de Volkswind | Volkswind","description":"Katja Stommel, PDG de Volkswind et responsable de la division \u00ab \u00e9nergie \u00e9olienne \u00bb \u00e0 Axpo nous parle des \u00e9v\u00e9nements marquants.","robots":{"index":"index","follow":"follow","max-snippet":"max-snippet:-1","max-image-preview":"max-image-preview:large","max-video-preview":"max-video-preview:-1"},"canonical":"https:\/\/volkswind.com\/interview-with-katja-stommel-on-volkswinds-30th-anniversary\/","og_locale":"fr_FR","og_type":"article","og_title":"Interview de Katja Stommel pour le 30e anniversaire de Volkswind | Volkswind","og_description":"Katja Stommel, PDG de Volkswind et responsable de la division \u00ab \u00e9nergie \u00e9olienne \u00bb \u00e0 Axpo nous parle des \u00e9v\u00e9nements marquants.","og_url":"https:\/\/volkswind.com\/interview-with-katja-stommel-on-volkswinds-30th-anniversary\/","og_site_name":"Volkswind","article_modified_time":"2025-11-13T09:44:55+00:00","og_image":[{"width":2560,"height":1707,"url":"https:\/\/volkswind.com\/wp-content\/uploads\/Volkswind-042-Web-scaled-1.jpg","type":"image\/jpeg"}],"twitter_card":"summary_large_image","twitter_misc":{"Dur\u00e9e de lecture estim\u00e9e":"7 minutes"},"schema":{"@context":"https:\/\/schema.org","@graph":[{"@type":"WebPage","@id":"https:\/\/volkswind.com\/interview-with-katja-stommel-on-volkswinds-30th-anniversary\/","url":"https:\/\/volkswind.com\/interview-with-katja-stommel-on-volkswinds-30th-anniversary\/","name":"Interview de Katja Stommel pour le 30e anniversaire de Volkswind | Volkswind","isPartOf":{"@id":"https:\/\/volkswind.com\/de\/#website"},"primaryImageOfPage":{"@id":"https:\/\/volkswind.com\/interview-with-katja-stommel-on-volkswinds-30th-anniversary\/#primaryimage"},"image":{"@id":"https:\/\/volkswind.com\/interview-with-katja-stommel-on-volkswinds-30th-anniversary\/#primaryimage"},"thumbnailUrl":"https:\/\/volkswind.com\/wp-content\/uploads\/Volkswind-042-Web-scaled-1.jpg","datePublished":"2024-02-02T09:23:43+00:00","dateModified":"2025-11-13T09:44:55+00:00","description":"Katja Stommel, PDG de Volkswind et responsable de la division \u00ab \u00e9nergie \u00e9olienne \u00bb \u00e0 Axpo nous parle des \u00e9v\u00e9nements marquants.","breadcrumb":{"@id":"https:\/\/volkswind.com\/interview-with-katja-stommel-on-volkswinds-30th-anniversary\/#breadcrumb"},"inLanguage":"fr-FR","potentialAction":[{"@type":"ReadAction","target":["https:\/\/volkswind.com\/interview-with-katja-stommel-on-volkswinds-30th-anniversary\/"]}]},{"@type":"ImageObject","inLanguage":"fr-FR","@id":"https:\/\/volkswind.com\/interview-with-katja-stommel-on-volkswinds-30th-anniversary\/#primaryimage","url":"https:\/\/volkswind.com\/wp-content\/uploads\/Volkswind-042-Web-scaled-1.jpg","contentUrl":"https:\/\/volkswind.com\/wp-content\/uploads\/Volkswind-042-Web-scaled-1.jpg","width":2560,"height":1707},{"@type":"BreadcrumbList","@id":"https:\/\/volkswind.com\/interview-with-katja-stommel-on-volkswinds-30th-anniversary\/#breadcrumb","itemListElement":[{"@type":"ListItem","position":1,"name":"Accueil","item":"https:\/\/volkswind.com\/fr\/"},{"@type":"ListItem","position":2,"name":"Interview de Katja Stommel pour le 30e anniversaire de Volkswind"}]},{"@type":"WebSite","@id":"https:\/\/volkswind.com\/de\/#website","url":"https:\/\/volkswind.com\/de\/","name":"Volkswind","description":"","potentialAction":[{"@type":"SearchAction","target":{"@type":"EntryPoint","urlTemplate":"https:\/\/volkswind.com\/de\/?s={search_term_string}"},"query-input":{"@type":"PropertyValueSpecification","valueRequired":true,"valueName":"search_term_string"}}],"inLanguage":"fr-FR"}]}},"_links":{"self":[{"href":"https:\/\/volkswind.com\/fr\/wp-json\/wp\/v2\/pages\/8641","targetHints":{"allow":["GET"]}}],"collection":[{"href":"https:\/\/volkswind.com\/fr\/wp-json\/wp\/v2\/pages"}],"about":[{"href":"https:\/\/volkswind.com\/fr\/wp-json\/wp\/v2\/types\/page"}],"author":[{"embeddable":true,"href":"https:\/\/volkswind.com\/fr\/wp-json\/wp\/v2\/users\/1"}],"replies":[{"embeddable":true,"href":"https:\/\/volkswind.com\/fr\/wp-json\/wp\/v2\/comments?post=8641"}],"version-history":[{"count":7,"href":"https:\/\/volkswind.com\/fr\/wp-json\/wp\/v2\/pages\/8641\/revisions"}],"predecessor-version":[{"id":15546,"href":"https:\/\/volkswind.com\/fr\/wp-json\/wp\/v2\/pages\/8641\/revisions\/15546"}],"wp:featuredmedia":[{"embeddable":true,"href":"https:\/\/volkswind.com\/fr\/wp-json\/wp\/v2\/media\/1562"}],"wp:attachment":[{"href":"https:\/\/volkswind.com\/fr\/wp-json\/wp\/v2\/media?parent=8641"}],"curies":[{"name":"wp","href":"https:\/\/api.w.org\/{rel}","templated":true}]}}