{"id":8599,"date":"2025-09-10T07:56:37","date_gmt":"2025-09-10T07:56:37","guid":{"rendered":"https:\/\/staging-group.volkswind.fr\/interview-mit-daniel-poret-buergermeister-von-ligny-thilloy-pas-de-calais\/"},"modified":"2024-08-14T15:09:54","modified_gmt":"2024-08-14T15:09:54","slug":"interview-mit-daniel-poret-buergermeister-von-ligny-thilloy-pas-de-calais","status":"publish","type":"page","link":"https:\/\/volkswind.com\/de\/interview-mit-daniel-poret-buergermeister-von-ligny-thilloy-pas-de-calais\/","title":{"rendered":"Interview mit Daniel Poret, B\u00fcrgermeister von Ligny-Thilloy (Pas-de-Calais)"},"content":{"rendered":"\t\t<div data-elementor-type=\"wp-page\" data-elementor-id=\"8599\" class=\"elementor elementor-8599 elementor-15313\" data-elementor-post-type=\"page\">\n\t\t\t\t\t\t<section class=\"elementor-section elementor-top-section elementor-element elementor-element-794a820 elementor-section-boxed elementor-section-height-default elementor-section-height-default\" data-id=\"794a820\" data-element_type=\"section\" data-e-type=\"section\" data-settings=\"{&quot;jet_parallax_layout_list&quot;:[],&quot;background_background&quot;:&quot;classic&quot;}\">\n\t\t\t\t\t\t\t<div class=\"elementor-background-overlay\"><\/div>\n\t\t\t\t\t\t\t<div class=\"elementor-container elementor-column-gap-default\">\n\t\t\t\t\t<div class=\"elementor-column elementor-col-100 elementor-top-column elementor-element elementor-element-4a357f2\" data-id=\"4a357f2\" data-element_type=\"column\" data-e-type=\"column\">\n\t\t\t<div class=\"elementor-widget-wrap\">\n\t\t\t\t\t\t\t<\/div>\n\t\t<\/div>\n\t\t\t\t\t<\/div>\n\t\t<\/section>\n\t\t\t\t<section class=\"elementor-section elementor-top-section elementor-element elementor-element-31bd3e4 elementor-section-boxed elementor-section-height-default elementor-section-height-default\" data-id=\"31bd3e4\" data-element_type=\"section\" data-e-type=\"section\" data-settings=\"{&quot;jet_parallax_layout_list&quot;:[]}\">\n\t\t\t\t\t\t<div class=\"elementor-container elementor-column-gap-default\">\n\t\t\t\t\t<div class=\"elementor-column elementor-col-100 elementor-top-column elementor-element elementor-element-6251081\" data-id=\"6251081\" data-element_type=\"column\" data-e-type=\"column\">\n\t\t\t<div class=\"elementor-widget-wrap elementor-element-populated\">\n\t\t\t\t\t\t<div class=\"elementor-element elementor-element-b204dbc elementor-widget elementor-widget-text-editor\" data-id=\"b204dbc\" data-element_type=\"widget\" data-e-type=\"widget\" data-widget_type=\"text-editor.default\">\n\t\t\t\t<div class=\"elementor-widget-container\">\n\t\t\t\t\t\t\t\t\t<p>Volkswind \/ Interview<\/p>\n\t\t\t\t\t\t\t\t<\/div>\n\t\t\t\t<\/div>\n\t\t\t\t<div class=\"elementor-element elementor-element-db47261 elementor-widget__width-initial elementor-widget elementor-widget-heading\" data-id=\"db47261\" data-element_type=\"widget\" data-e-type=\"widget\" data-widget_type=\"heading.default\">\n\t\t\t\t<div class=\"elementor-widget-container\">\n\t\t\t\t\t<h1 class=\"elementor-heading-title elementor-size-default\">Interview mit Daniel Poret, B\u00fcrgermeister von Ligny-Thilloy (Pas-de-Calais)<\/h1>\t\t\t\t<\/div>\n\t\t\t\t<\/div>\n\t\t\t\t\t<\/div>\n\t\t<\/div>\n\t\t\t\t\t<\/div>\n\t\t<\/section>\n\t\t\t\t<section class=\"elementor-section elementor-top-section elementor-element elementor-element-be7c1e5 elementor-section-boxed elementor-section-height-default elementor-section-height-default\" data-id=\"be7c1e5\" data-element_type=\"section\" data-e-type=\"section\" data-settings=\"{&quot;jet_parallax_layout_list&quot;:[],&quot;background_background&quot;:&quot;classic&quot;}\">\n\t\t\t\t\t\t<div class=\"elementor-container elementor-column-gap-default\">\n\t\t\t\t\t<div class=\"elementor-column elementor-col-100 elementor-top-column elementor-element elementor-element-2cdeda8\" data-id=\"2cdeda8\" data-element_type=\"column\" data-e-type=\"column\" data-settings=\"{&quot;background_background&quot;:&quot;classic&quot;}\">\n\t\t\t<div class=\"elementor-widget-wrap elementor-element-populated\">\n\t\t\t\t\t\t<div class=\"elementor-element elementor-element-8406242 elementor-widget elementor-widget-image\" data-id=\"8406242\" data-element_type=\"widget\" data-e-type=\"widget\" data-widget_type=\"image.default\">\n\t\t\t\t<div class=\"elementor-widget-container\">\n\t\t\t\t\t\t\t\t\t\t\t\t\t\t\t<img fetchpriority=\"high\" decoding=\"async\" width=\"486\" height=\"503\" src=\"https:\/\/volkswind.com\/wp-content\/uploads\/Image4.jpg\" class=\"attachment-2048x2048 size-2048x2048 wp-image-3748\" alt=\"DANIEL PORET\" srcset=\"https:\/\/volkswind.com\/wp-content\/uploads\/Image4.jpg 486w, https:\/\/volkswind.com\/wp-content\/uploads\/Image4-290x300.jpg 290w\" sizes=\"(max-width: 486px) 100vw, 486px\" \/>\t\t\t\t\t\t\t\t\t\t\t\t\t\t\t<\/div>\n\t\t\t\t<\/div>\n\t\t\t\t<div class=\"elementor-element elementor-element-c0c756d elementor-widget elementor-widget-text-editor\" data-id=\"c0c756d\" data-element_type=\"widget\" data-e-type=\"widget\" data-widget_type=\"text-editor.default\">\n\t\t\t\t<div class=\"elementor-widget-container\">\n\t\t\t\t\t\t\t\t\t<p>Daniel Poret, B\u00fcrgermeister von Ligny-Thilloy (Pas-de-Calais)<\/p>\n\t\t\t\t\t\t\t\t<\/div>\n\t\t\t\t<\/div>\n\t\t\t\t<div class=\"elementor-element elementor-element-0ef0449 elementor-widget elementor-widget-text-editor\" data-id=\"0ef0449\" data-element_type=\"widget\" data-e-type=\"widget\" data-widget_type=\"text-editor.default\">\n\t\t\t\t<div class=\"elementor-widget-container\">\n\t\t\t\t\t\t\t\t\t<h4>K\u00f6nnen Sie sich, Ihre Gemeinde und Ihre Abteilung vorstellen?<\/h4>\n<p>Ich bin seit 2020 B\u00fcrgermeister von Ligny-Thilloy, seit 2001 1. Stellvertreter und seit 1983 Stadtrat. Ligny-Thilloy hat 540 Einwohner und ist eine l\u00e4ndliche Gemeinde in der Region Hauts de France, die zur Gemeinde Sud Artois geh\u00f6rt.<\/p>\n<h4>Warum haben Sie ein Windparkprojekt in Ihrer N\u00e4he unterst\u00fctzt?<\/h4>\n<p>Seit den 2000er Jahren engagieren wir uns stark f\u00fcr eine nachhaltige Entwicklung, daher schien es nur nat\u00fcrlich, dass wir gebeten wurden, einen Windpark zu genehmigen. Es ist ein globales Projekt. Au\u00dferdem haben wir unsere Geb\u00e4ude isoliert und eine W\u00e4rmepumpe installiert, um das Gemeindehaus und das Rathaus zu heizen.<\/p>\n<h4>Hat der Stadtrat das Projekt sofort genehmigt?<\/h4>\n<p>Der damalige B\u00fcrgermeister stellte das Projekt nach und nach dem Stadtrat vor, es gab keine Gegenstimmen und der Rat nahm das Projekt einstimmig an. W\u00e4hrend des gesamten Projekts haben wir mehrere Informationsveranstaltungen mit Volkswind durchgef\u00fchrt. Die Leute von Volkswind standen uns bei Fragen jederzeit zur Verf\u00fcgung.<\/p>\n<h4>Wie wurde das Projekt von den Anwohnern vorgestellt und aufgenommen?<\/h4>\n<p>Es gab ein paar Leute gegen das Projekt, aber es beschr\u00e4nkte sich auf ein paar Kommentare. Einige Leute waren besorgt \u00fcber L\u00e4rmbel\u00e4stigung und Fernsehempfang. Aber es war nie ein gro\u00dfes Problem. Jetzt gibt es nur noch eine Person, die in der N\u00e4he der Windturbinen wohnt und sich beschwert. Und dennoch gab es Schallpr\u00fcfungen vor Ort, die bewiesen haben, dass es bei Windkraftanlagen keine Zunahme des L\u00e4rms gibt. Wie dem auch sei, ich bin immer bereit, jedem einzelnen Bewohner zuzuh\u00f6ren.<\/p>\n<h4>Wie war Ihre Beziehung zu Volkswind w\u00e4hrend des Projekts?<\/h4>\n<p>Zu Beginn kam ein Projektleiter in die Ratssitzung, um das Projekt vorzustellen. Sp\u00e4ter hatten wir auch Leute von Volkswind mit vor Ort, die mit einer Pr\u00e4sentation kamen, um den Bewohnern das Projekt zu erkl\u00e4ren. Mit den verschiedenen Ansprechpartnern aus dem Unternehmen lief alles gut.<\/p>\n<h4>Wie hat sich dieser Windpark in Ihre Umgebung eingef\u00fcgt?<\/h4>\n<p>Ich pers\u00f6nlich finde, dass sich die Windr\u00e4der sehr gut einf\u00fcgen, weil ich sie nicht mehr sehe. Es gibt keine Schl\u00f6sser oder Denkm\u00e4ler in der N\u00e4he. Eine Windkraftanlage ist rund 250 Meter hoch ist, Sie k\u00f6nnen nicht daran vorbeigehen, ohne sie zu sehen. Wenn man im Dorf ist, kann man sie kaum sehen; sie sind mitten auf den Feldern. Wir haben ein sehr gro\u00dfes Dorf, also st\u00f6rt es uns nicht. Es ist wie bei den Hochspannungsleitungen, man kann sie nicht mehr sehen.<\/p>\n<h4>Welche Projekte oder Arbeiten wurden dank der Ankunft der Windkraftanlagen durchgef\u00fchrt?<\/h4>\n<p>Im Moment haben wir noch nicht entschieden, was wir mit den finanziellen Benefits machen werden. Wir haben haupts\u00e4chlich Projekte, die Energie sparen. Wir planen, die Stra\u00dfenbeleuchtung zu \u00e4ndern und LED-Lampen einzubauen. Wir haben immer noch ein Haus mit einem \u00d6lkessel und wollen eine W\u00e4rmepumpe installieren. <br \/>Danach werde ich Innenumbauten, Erweiterungen und Isolierungsarbeiten f\u00fcr die Mehrzweckhalle vorschlagen. Wir werden auch die M\u00f6glichkeit pr\u00fcfen, Photovoltaikmodule auf dem Dach zu installieren. <br \/>Diese finanziellen Vorteile erm\u00f6glichen es uns jedenfalls, etwas gelassener in die Zukunft zu blicken. Was ich tun m\u00f6chte, ist, in die Instandhaltung der st\u00e4dtischen Geb\u00e4ude zu investieren. Wir haben auch dar\u00fcber gesprochen, ein Stadtstadion zu bauen und die Speicher vor dem Rathaus zu vergraben.<br \/>In ein paar Jahren werden wir keine Unternehmen oder Handwerker mehr haben, die sich in unseren kleinen Gemeinden niederlassen. Dank der Windkraftanlagen k\u00f6nnen wir unser Budget einhalten und neue Projekte ins Auge fassen. Das ist ein weiterer Grund, warum ich m\u00f6chte, dass das zweite Projekt weitergeht. Um die anhaltende finanzielle Gesundheit der Stadt zu gew\u00e4hrleisten.<\/p>\n<h4>Was w\u00fcrden Sie anderen B\u00fcrgermeistern \u00fcber Ihre Erfahrungen mit Windkraftanlagen sagen?<\/h4>\n<p>In der Presse gab es einen Artikel \u00fcber unser Dorf mit der \u00dcberschrift: &#8222;Ein Dorf, das seine Windr\u00e4der liebt&#8220;. In unserer Gegend wird es langsam kompliziert. Aber es bringt Geld f\u00fcr den Gemeinderat und es gibt auch den Umweltaspekt: Windstrom ist gr\u00fcne Energie.<\/p>\n\t\t\t\t\t\t\t\t<\/div>\n\t\t\t\t<\/div>\n\t\t\t\t\t<\/div>\n\t\t<\/div>\n\t\t\t\t\t<\/div>\n\t\t<\/section>\n\t\t\t\t<\/div>\n\t\t","protected":false},"excerpt":{"rendered":"<p>Volkswind \/ Interview Interview mit Daniel Poret, B\u00fcrgermeister von Ligny-Thilloy (Pas-de-Calais) Daniel Poret, B\u00fcrgermeister von Ligny-Thilloy (Pas-de-Calais) K\u00f6nnen Sie sich, Ihre Gemeinde und Ihre Abteilung vorstellen? Ich bin seit 2020 B\u00fcrgermeister von Ligny-Thilloy, seit 2001 1. Stellvertreter und seit 1983 Stadtrat. Ligny-Thilloy hat 540 Einwohner und ist eine l\u00e4ndliche Gemeinde in der Region Hauts de [&hellip;]<\/p>\n","protected":false},"author":1,"featured_media":1563,"parent":0,"menu_order":0,"comment_status":"closed","ping_status":"closed","template":"","meta":{"footnotes":""},"class_list":["post-8599","page","type-page","status-publish","has-post-thumbnail","hentry"],"yoast_head":"<!-- This site is optimized with the Yoast SEO plugin v27.4 - https:\/\/yoast.com\/product\/yoast-seo-wordpress\/ -->\n<title>Interview mit Daniel Poret, B\u00fcrgermeister von Ligny-Thilloy (Pas-de-Calais) | Volkswind<\/title>\n<meta name=\"description\" content=\"Ich bin seit 2020 B\u00fcrgermeister von Ligny-Thilloy, seit 2001 1. Stellvertreter und seit 1983 Stadtrat.\" \/>\n<meta name=\"robots\" content=\"index, follow, max-snippet:-1, max-image-preview:large, max-video-preview:-1\" \/>\n<link rel=\"canonical\" href=\"https:\/\/volkswind.com\/de\/interview-mit-daniel-poret-buergermeister-von-ligny-thilloy-pas-de-calais\/\" \/>\n<meta property=\"og:locale\" content=\"de_DE\" \/>\n<meta property=\"og:type\" content=\"article\" \/>\n<meta property=\"og:title\" content=\"Interview mit Daniel Poret, B\u00fcrgermeister von Ligny-Thilloy (Pas-de-Calais) | Volkswind\" \/>\n<meta property=\"og:description\" content=\"Ich bin seit 2020 B\u00fcrgermeister von Ligny-Thilloy, seit 2001 1. Stellvertreter und seit 1983 Stadtrat.\" \/>\n<meta property=\"og:url\" content=\"https:\/\/volkswind.com\/de\/interview-mit-daniel-poret-buergermeister-von-ligny-thilloy-pas-de-calais\/\" \/>\n<meta property=\"og:site_name\" content=\"Volkswind\" \/>\n<meta property=\"og:image\" content=\"https:\/\/volkswind.com\/wp-content\/uploads\/Volkswind-042-Web-scaled-1.jpg\" \/>\n\t<meta property=\"og:image:width\" content=\"2560\" \/>\n\t<meta property=\"og:image:height\" content=\"1707\" \/>\n\t<meta property=\"og:image:type\" content=\"image\/jpeg\" \/>\n<meta name=\"twitter:card\" content=\"summary_large_image\" \/>\n<meta name=\"twitter:label1\" content=\"Gesch\u00e4tzte Lesezeit\" \/>\n\t<meta name=\"twitter:data1\" content=\"4\u00a0Minuten\" \/>\n<script type=\"application\/ld+json\" class=\"yoast-schema-graph\">{\"@context\":\"https:\\\/\\\/schema.org\",\"@graph\":[{\"@type\":\"WebPage\",\"@id\":\"https:\\\/\\\/volkswind.com\\\/de\\\/interview-mit-daniel-poret-buergermeister-von-ligny-thilloy-pas-de-calais\\\/\",\"url\":\"https:\\\/\\\/volkswind.com\\\/de\\\/interview-mit-daniel-poret-buergermeister-von-ligny-thilloy-pas-de-calais\\\/\",\"name\":\"Interview mit Daniel Poret, B\u00fcrgermeister von Ligny-Thilloy (Pas-de-Calais) | Volkswind\",\"isPartOf\":{\"@id\":\"https:\\\/\\\/volkswind.com\\\/de\\\/#website\"},\"primaryImageOfPage\":{\"@id\":\"https:\\\/\\\/volkswind.com\\\/de\\\/interview-mit-daniel-poret-buergermeister-von-ligny-thilloy-pas-de-calais\\\/#primaryimage\"},\"image\":{\"@id\":\"https:\\\/\\\/volkswind.com\\\/de\\\/interview-mit-daniel-poret-buergermeister-von-ligny-thilloy-pas-de-calais\\\/#primaryimage\"},\"thumbnailUrl\":\"https:\\\/\\\/volkswind.com\\\/wp-content\\\/uploads\\\/Volkswind-042-Web-scaled-1.jpg\",\"datePublished\":\"2025-09-10T07:56:37+00:00\",\"description\":\"Ich bin seit 2020 B\u00fcrgermeister von Ligny-Thilloy, seit 2001 1. Stellvertreter und seit 1983 Stadtrat.\",\"breadcrumb\":{\"@id\":\"https:\\\/\\\/volkswind.com\\\/de\\\/interview-mit-daniel-poret-buergermeister-von-ligny-thilloy-pas-de-calais\\\/#breadcrumb\"},\"inLanguage\":\"de\",\"potentialAction\":[{\"@type\":\"ReadAction\",\"target\":[\"https:\\\/\\\/volkswind.com\\\/de\\\/interview-mit-daniel-poret-buergermeister-von-ligny-thilloy-pas-de-calais\\\/\"]}]},{\"@type\":\"ImageObject\",\"inLanguage\":\"de\",\"@id\":\"https:\\\/\\\/volkswind.com\\\/de\\\/interview-mit-daniel-poret-buergermeister-von-ligny-thilloy-pas-de-calais\\\/#primaryimage\",\"url\":\"https:\\\/\\\/volkswind.com\\\/wp-content\\\/uploads\\\/Volkswind-042-Web-scaled-1.jpg\",\"contentUrl\":\"https:\\\/\\\/volkswind.com\\\/wp-content\\\/uploads\\\/Volkswind-042-Web-scaled-1.jpg\",\"width\":2560,\"height\":1707},{\"@type\":\"BreadcrumbList\",\"@id\":\"https:\\\/\\\/volkswind.com\\\/de\\\/interview-mit-daniel-poret-buergermeister-von-ligny-thilloy-pas-de-calais\\\/#breadcrumb\",\"itemListElement\":[{\"@type\":\"ListItem\",\"position\":1,\"name\":\"Accueil\",\"item\":\"https:\\\/\\\/volkswind.com\\\/de\\\/\"},{\"@type\":\"ListItem\",\"position\":2,\"name\":\"Interview mit Daniel Poret, B\u00fcrgermeister von Ligny-Thilloy (Pas-de-Calais)\"}]},{\"@type\":\"WebSite\",\"@id\":\"https:\\\/\\\/volkswind.com\\\/de\\\/#website\",\"url\":\"https:\\\/\\\/volkswind.com\\\/de\\\/\",\"name\":\"Volkswind\",\"description\":\"\",\"potentialAction\":[{\"@type\":\"SearchAction\",\"target\":{\"@type\":\"EntryPoint\",\"urlTemplate\":\"https:\\\/\\\/volkswind.com\\\/de\\\/?s={search_term_string}\"},\"query-input\":{\"@type\":\"PropertyValueSpecification\",\"valueRequired\":true,\"valueName\":\"search_term_string\"}}],\"inLanguage\":\"de\"}]}<\/script>\n<!-- \/ Yoast SEO plugin. -->","yoast_head_json":{"title":"Interview mit Daniel Poret, B\u00fcrgermeister von Ligny-Thilloy (Pas-de-Calais) | Volkswind","description":"Ich bin seit 2020 B\u00fcrgermeister von Ligny-Thilloy, seit 2001 1. Stellvertreter und seit 1983 Stadtrat.","robots":{"index":"index","follow":"follow","max-snippet":"max-snippet:-1","max-image-preview":"max-image-preview:large","max-video-preview":"max-video-preview:-1"},"canonical":"https:\/\/volkswind.com\/de\/interview-mit-daniel-poret-buergermeister-von-ligny-thilloy-pas-de-calais\/","og_locale":"de_DE","og_type":"article","og_title":"Interview mit Daniel Poret, B\u00fcrgermeister von Ligny-Thilloy (Pas-de-Calais) | Volkswind","og_description":"Ich bin seit 2020 B\u00fcrgermeister von Ligny-Thilloy, seit 2001 1. Stellvertreter und seit 1983 Stadtrat.","og_url":"https:\/\/volkswind.com\/de\/interview-mit-daniel-poret-buergermeister-von-ligny-thilloy-pas-de-calais\/","og_site_name":"Volkswind","og_image":[{"width":2560,"height":1707,"url":"https:\/\/volkswind.com\/wp-content\/uploads\/Volkswind-042-Web-scaled-1.jpg","type":"image\/jpeg"}],"twitter_card":"summary_large_image","twitter_misc":{"Gesch\u00e4tzte Lesezeit":"4\u00a0Minuten"},"schema":{"@context":"https:\/\/schema.org","@graph":[{"@type":"WebPage","@id":"https:\/\/volkswind.com\/de\/interview-mit-daniel-poret-buergermeister-von-ligny-thilloy-pas-de-calais\/","url":"https:\/\/volkswind.com\/de\/interview-mit-daniel-poret-buergermeister-von-ligny-thilloy-pas-de-calais\/","name":"Interview mit Daniel Poret, B\u00fcrgermeister von Ligny-Thilloy (Pas-de-Calais) | Volkswind","isPartOf":{"@id":"https:\/\/volkswind.com\/de\/#website"},"primaryImageOfPage":{"@id":"https:\/\/volkswind.com\/de\/interview-mit-daniel-poret-buergermeister-von-ligny-thilloy-pas-de-calais\/#primaryimage"},"image":{"@id":"https:\/\/volkswind.com\/de\/interview-mit-daniel-poret-buergermeister-von-ligny-thilloy-pas-de-calais\/#primaryimage"},"thumbnailUrl":"https:\/\/volkswind.com\/wp-content\/uploads\/Volkswind-042-Web-scaled-1.jpg","datePublished":"2025-09-10T07:56:37+00:00","description":"Ich bin seit 2020 B\u00fcrgermeister von Ligny-Thilloy, seit 2001 1. Stellvertreter und seit 1983 Stadtrat.","breadcrumb":{"@id":"https:\/\/volkswind.com\/de\/interview-mit-daniel-poret-buergermeister-von-ligny-thilloy-pas-de-calais\/#breadcrumb"},"inLanguage":"de","potentialAction":[{"@type":"ReadAction","target":["https:\/\/volkswind.com\/de\/interview-mit-daniel-poret-buergermeister-von-ligny-thilloy-pas-de-calais\/"]}]},{"@type":"ImageObject","inLanguage":"de","@id":"https:\/\/volkswind.com\/de\/interview-mit-daniel-poret-buergermeister-von-ligny-thilloy-pas-de-calais\/#primaryimage","url":"https:\/\/volkswind.com\/wp-content\/uploads\/Volkswind-042-Web-scaled-1.jpg","contentUrl":"https:\/\/volkswind.com\/wp-content\/uploads\/Volkswind-042-Web-scaled-1.jpg","width":2560,"height":1707},{"@type":"BreadcrumbList","@id":"https:\/\/volkswind.com\/de\/interview-mit-daniel-poret-buergermeister-von-ligny-thilloy-pas-de-calais\/#breadcrumb","itemListElement":[{"@type":"ListItem","position":1,"name":"Accueil","item":"https:\/\/volkswind.com\/de\/"},{"@type":"ListItem","position":2,"name":"Interview mit Daniel Poret, B\u00fcrgermeister von Ligny-Thilloy (Pas-de-Calais)"}]},{"@type":"WebSite","@id":"https:\/\/volkswind.com\/de\/#website","url":"https:\/\/volkswind.com\/de\/","name":"Volkswind","description":"","potentialAction":[{"@type":"SearchAction","target":{"@type":"EntryPoint","urlTemplate":"https:\/\/volkswind.com\/de\/?s={search_term_string}"},"query-input":{"@type":"PropertyValueSpecification","valueRequired":true,"valueName":"search_term_string"}}],"inLanguage":"de"}]}},"_links":{"self":[{"href":"https:\/\/volkswind.com\/de\/wp-json\/wp\/v2\/pages\/8599","targetHints":{"allow":["GET"]}}],"collection":[{"href":"https:\/\/volkswind.com\/de\/wp-json\/wp\/v2\/pages"}],"about":[{"href":"https:\/\/volkswind.com\/de\/wp-json\/wp\/v2\/types\/page"}],"author":[{"embeddable":true,"href":"https:\/\/volkswind.com\/de\/wp-json\/wp\/v2\/users\/1"}],"replies":[{"embeddable":true,"href":"https:\/\/volkswind.com\/de\/wp-json\/wp\/v2\/comments?post=8599"}],"version-history":[{"count":2,"href":"https:\/\/volkswind.com\/de\/wp-json\/wp\/v2\/pages\/8599\/revisions"}],"predecessor-version":[{"id":8622,"href":"https:\/\/volkswind.com\/de\/wp-json\/wp\/v2\/pages\/8599\/revisions\/8622"}],"wp:featuredmedia":[{"embeddable":true,"href":"https:\/\/volkswind.com\/de\/wp-json\/wp\/v2\/media\/1563"}],"wp:attachment":[{"href":"https:\/\/volkswind.com\/de\/wp-json\/wp\/v2\/media?parent=8599"}],"curies":[{"name":"wp","href":"https:\/\/api.w.org\/{rel}","templated":true}]}}