{"id":8597,"date":"2025-09-10T08:10:10","date_gmt":"2025-09-10T08:10:10","guid":{"rendered":"https:\/\/staging-group.volkswind.fr\/interview-mit-olivier-bertrand-buergermeister-von-arcy-sur-cure\/"},"modified":"2024-08-14T15:10:09","modified_gmt":"2024-08-14T15:10:09","slug":"interview-mit-olivier-bertrand-buergermeister-von-arcy-sur-cure","status":"publish","type":"page","link":"https:\/\/volkswind.com\/de\/interview-mit-olivier-bertrand-buergermeister-von-arcy-sur-cure\/","title":{"rendered":"Interview mit Olivier Bertrand B\u00fcrgermeister von Arcy-sur-Cure"},"content":{"rendered":"\t\t<div data-elementor-type=\"wp-page\" data-elementor-id=\"8597\" class=\"elementor elementor-8597 elementor-15325\" data-elementor-post-type=\"page\">\n\t\t\t\t\t\t<section class=\"elementor-section elementor-top-section elementor-element elementor-element-dc5a16a elementor-section-boxed elementor-section-height-default elementor-section-height-default\" data-id=\"dc5a16a\" data-element_type=\"section\" data-e-type=\"section\" data-settings=\"{&quot;jet_parallax_layout_list&quot;:[],&quot;background_background&quot;:&quot;classic&quot;}\">\n\t\t\t\t\t\t\t<div class=\"elementor-background-overlay\"><\/div>\n\t\t\t\t\t\t\t<div class=\"elementor-container elementor-column-gap-default\">\n\t\t\t\t\t<div class=\"elementor-column elementor-col-100 elementor-top-column elementor-element elementor-element-bcdf069\" data-id=\"bcdf069\" data-element_type=\"column\" data-e-type=\"column\">\n\t\t\t<div class=\"elementor-widget-wrap\">\n\t\t\t\t\t\t\t<\/div>\n\t\t<\/div>\n\t\t\t\t\t<\/div>\n\t\t<\/section>\n\t\t\t\t<section class=\"elementor-section elementor-top-section elementor-element elementor-element-70b47d6 elementor-section-boxed elementor-section-height-default elementor-section-height-default\" data-id=\"70b47d6\" data-element_type=\"section\" data-e-type=\"section\" data-settings=\"{&quot;jet_parallax_layout_list&quot;:[]}\">\n\t\t\t\t\t\t<div class=\"elementor-container elementor-column-gap-default\">\n\t\t\t\t\t<div class=\"elementor-column elementor-col-100 elementor-top-column elementor-element elementor-element-db93e3a\" data-id=\"db93e3a\" data-element_type=\"column\" data-e-type=\"column\">\n\t\t\t<div class=\"elementor-widget-wrap elementor-element-populated\">\n\t\t\t\t\t\t<div class=\"elementor-element elementor-element-d7146ef elementor-widget elementor-widget-text-editor\" data-id=\"d7146ef\" data-element_type=\"widget\" data-e-type=\"widget\" data-widget_type=\"text-editor.default\">\n\t\t\t\t<div class=\"elementor-widget-container\">\n\t\t\t\t\t\t\t\t\t<p>Volkswind \/ Interview<\/p>\n\t\t\t\t\t\t\t\t<\/div>\n\t\t\t\t<\/div>\n\t\t\t\t<div class=\"elementor-element elementor-element-e735cbd elementor-widget__width-initial elementor-widget elementor-widget-heading\" data-id=\"e735cbd\" data-element_type=\"widget\" data-e-type=\"widget\" data-widget_type=\"heading.default\">\n\t\t\t\t<div class=\"elementor-widget-container\">\n\t\t\t\t\t<h1 class=\"elementor-heading-title elementor-size-default\">Interview mit Olivier Bertrand B\u00fcrgermeister von Arcy-sur-Cure<\/h1>\t\t\t\t<\/div>\n\t\t\t\t<\/div>\n\t\t\t\t\t<\/div>\n\t\t<\/div>\n\t\t\t\t\t<\/div>\n\t\t<\/section>\n\t\t\t\t<section class=\"elementor-section elementor-top-section elementor-element elementor-element-d9f67bf elementor-section-boxed elementor-section-height-default elementor-section-height-default\" data-id=\"d9f67bf\" data-element_type=\"section\" data-e-type=\"section\" data-settings=\"{&quot;jet_parallax_layout_list&quot;:[],&quot;background_background&quot;:&quot;classic&quot;}\">\n\t\t\t\t\t\t<div class=\"elementor-container elementor-column-gap-default\">\n\t\t\t\t\t<div class=\"elementor-column elementor-col-100 elementor-top-column elementor-element elementor-element-8938f2a\" data-id=\"8938f2a\" data-element_type=\"column\" data-e-type=\"column\" data-settings=\"{&quot;background_background&quot;:&quot;classic&quot;}\">\n\t\t\t<div class=\"elementor-widget-wrap elementor-element-populated\">\n\t\t\t\t\t\t<div class=\"elementor-element elementor-element-f3ddf74 elementor-widget elementor-widget-image\" data-id=\"f3ddf74\" data-element_type=\"widget\" data-e-type=\"widget\" data-widget_type=\"image.default\">\n\t\t\t\t<div class=\"elementor-widget-container\">\n\t\t\t\t\t\t\t\t\t\t\t\t\t\t\t<img fetchpriority=\"high\" decoding=\"async\" width=\"250\" height=\"295\" src=\"https:\/\/volkswind.com\/wp-content\/uploads\/Image1.jpg\" class=\"attachment-2048x2048 size-2048x2048 wp-image-3736\" alt=\"Olivier Bertrand\" \/>\t\t\t\t\t\t\t\t\t\t\t\t\t\t\t<\/div>\n\t\t\t\t<\/div>\n\t\t\t\t<div class=\"elementor-element elementor-element-92e4edd elementor-widget elementor-widget-text-editor\" data-id=\"92e4edd\" data-element_type=\"widget\" data-e-type=\"widget\" data-widget_type=\"text-editor.default\">\n\t\t\t\t<div class=\"elementor-widget-container\">\n\t\t\t\t\t\t\t\t\t<p>Olivier Bertrand B\u00fcrgermeister von Arcy-sur-Cure<\/p>\n\t\t\t\t\t\t\t\t<\/div>\n\t\t\t\t<\/div>\n\t\t\t\t<div class=\"elementor-element elementor-element-fc07bf3 elementor-widget elementor-widget-text-editor\" data-id=\"fc07bf3\" data-element_type=\"widget\" data-e-type=\"widget\" data-widget_type=\"text-editor.default\">\n\t\t\t\t<div class=\"elementor-widget-container\">\n\t\t\t\t\t\t\t\t\t<h4>K\u00f6nnen Sie sich und Ihre Gemeinde vorstellen?<\/h4>\n<p>Ich bin Olivier Bertrand, seit 2001 B\u00fcrgermeister von Arcy-sur-Cure. Arcy hat 500 Einwohner im Departement Yonne. Das Dorf liegt in der Talsohle: Das Windparkprojekt wurde auf dem Plateau entwickelt, das noch weit vom Dorf entfernt ist. Diese l\u00e4ndliche Gemeinde hat eine geringe Industriedichte und ein relativ geringes Pro-Kopf-Steuerpotenzial. Alle neuen Einnahmequellen sind f\u00fcr die Gemeinde willkommen. Die Entwicklung der Windenergie war eine der erwarteten Quellen industrieller Unterst\u00fctzung.<\/p>\n<h4>K\u00f6nnen Sie Ihre Gegend beschreiben?<\/h4>\n<p>In der Gemeinde gibt es Natura-2000-Zonen, und das Tal ist als Naturzone von \u00f6kologischem, faunistischem und floristischem Interesse (ZNIEFF) klassifiziert. Es war anfangs nicht unbedingt sehr einfach, Windkraftanlagen in einem Gebiet wie diesem zu errichten, und mit der N\u00e4he eines Standorts wie V\u00e9zelay, der anfangs einige Probleme verursachen konnte.<\/p>\n<h4>Warum einen Windpark in Ihrer N\u00e4he unterst\u00fctzen? Was war der Grund f\u00fcr diese Entscheidung?<\/h4>\n<p>Die Gemeinde Arcy war von Anfang an f\u00fcr das Projekt und es wurde sehr positiv aufgenommen, was damals nicht unbedingt einfach war, da es in der Gegend nicht viele Windkraftanlagen gab und die Menschen solchen Anlagen etwas misstrauisch gegen\u00fcberstanden. Auf der anderen Seite war uns schon vor mehr als 10 Jahren bewusst, dass etwas f\u00fcr erneuerbare Energien getan werden muss, auch wenn diese Themen noch nicht so aktuell sind wie heute. Die Menschen, die sich auf diese Art von Projekt einlie\u00dfen, waren Pioniere. Eine Nachbargemeinde hatte bereits ein Projekt zur Installation von Windkraftanlagen gestartet und zahlreiche Einspr\u00fcche eingelegt. Ich habe den Eindruck, dass unser Projekt ziemlich einfach durchgegangen ist, weil sich alle auf das andere, viel gr\u00f6\u00dfere Projekt konzentriert haben, das inzwischen abgeschlossen ist.<\/p>\n<h4>Haben der Stadtrat und die Anwohner das Projekt sofort unterst\u00fctzt? Gab es Gegenstimmen?<\/h4>\n<p>Es gab nur sehr wenige Einw\u00e4nde von den Bewohnern von Arcy; Die Einw\u00e4nde kamen von Verb\u00e4nden au\u00dferhalb der Gemeinde. Der damalige Stadtrat gab mit nur einer Enthaltung eine positive Stellungnahme ab. Im Gro\u00dfen und Ganzen lief alles gut und die Bewohner waren daf\u00fcr. Am Ende war der Kampf eher administrativer Natur als mit Schwierigkeiten mit der Bev\u00f6lkerung oder der Zustimmung der B\u00fcrger verbunden.<\/p>\n<h4>Wie war Ihre Beziehung zu Volkswind w\u00e4hrend des Projekts?<\/h4>\n<p>Wir hatten immer gute Beziehungen zu Volkswind und haben \u00fcber viele Jahre hinweg eine Reihe von Kontakten. Trotz der Tatsache, dass das Projekt aus politischen Gr\u00fcnden gestoppt wurde, was uns eher demotivierte, kamen immer wieder Leute von Volkswind, um uns \u00fcber den Projektfortschritt, Gesetzes\u00e4nderungen und andere Entwicklungen auf dem Laufenden zu halten. Wir hatten mehrere Kontakte, aber es waren immer gute Kontakte. <br \/>Was die Konstruktion angeht, war alles perfekt. Wir hatten nie ein Problem, alles wurde so gemacht, wie wir es gesagt haben. Sei es die Zufahrtsstra\u00dfen oder die Ber\u00fccksichtigung der Bed\u00fcrfnisse der Bauern f\u00fcr die Nutzung und die ONF f\u00fcr die W\u00e4lder (wir befinden uns am Rande eines Waldgebiets). Die H\u00fcgel sind bewaldet, und wenn man auf das Plateau kommt, gibt es landwirtschaftliche Fl\u00e4chen, so dass die Windkraftanlagen im landwirtschaftlichen Gebiet nach dem Waldgebiet gebaut wurden.. Zwischen der Waldgrenze und den Windr\u00e4dern herrschte Misstrauen. Aber der Austausch zwischen den verschiedenen Parteien war respektvoll und alles verlief reibungslos.<\/p>\n<h4>Wie hat sich der Windpark in Ihre Umgebung eingef\u00fcgt?<\/h4>\n<p>Volkswind zeigte uns Fotomontagen der Windr\u00e4der Nat\u00fcrlich erhalten Sie je nach Blickwinkel und Standpunkt unterschiedliche Ansichten. Nach dem Aufstellen der Anlagen gab es einige Reaktionen: &#8222;Na ja, so haben wir das noch nicht gesehen&#8220;, &#8222;Na ja, wir k\u00f6nnen das anders sehen&#8220;. Am Ende stimmte alles, es gab keine T\u00e4uschung zwischen dem Projekt und seiner Fertigstellung.<\/p>\n<h4>Was sind die finanziellen Vorteile f\u00fcr Ihre Kommune?<\/h4>\n<p>Wir hatten mit der ehemaligen Gemeindegemeinschaft eine Vereinbarung \u00fcber eine Teilr\u00fcckzahlung, die von der heutigen Gemeindegemeinschaft beibehalten wurde. So erhalten wir heute das, was das Gesetz vorschreibt, und eine Zahlung dessen, was die Gemeinde Gemeinde rh\u00e4lt, was der H\u00e4lfte der erhaltenen Summen entspricht. Dies ist sehr positiv, da dies nicht f\u00fcr alle Gemeinden der Fall ist.<\/p>\n<h4>Welche Projekte oder Arbeiten wurden dank der Ankunft der Windkraftanlagen durchgef\u00fchrt?<\/h4>\n<p>Es hat uns erm\u00f6glicht, eine ganze Reihe von Projekten durchzuf\u00fchren, mit der Priorit\u00e4t, die Steuern nicht zu erh\u00f6hen. Wir haben zum Beispiel Ladestationen f\u00fcr Elektrofahrzeuge installiert. Wir haben die alten Stra\u00dfenlaternen durch LED-Leuchten ersetzt. Wir konnten eine Beleuchtung auf dem Fu\u00dfballplatz installieren, damit die Trainingseinheiten auch abends stattfinden k\u00f6nnen. Jedes Jahr werden wir \u00fcber eine gr\u00f6\u00dfere Investitionskapazit\u00e4t verf\u00fcgen. Dies beinhaltet Verbesserungen an Gehwegen, Stra\u00dfen usw.<br \/>Die Installation von Windkraftanlagen hat den meisten Menschen ein positives Bild von erneuerbaren Energien vermittelt. Wir haben viele Antr\u00e4ge auf Genehmigungen f\u00fcr die Installation von Photovoltaikmodulen auf H\u00e4usern. Wir haben ein Agri-Photovoltaik-Projekt mit Landwirten im Gange, um Paneele auf ihren Feldern zu installieren.<\/p>\n<p>Und in der Umgebung haben wir ein Projekt zur Installation von Photovoltaikmodulen auf dem Dach der B\u00e4ckerei, damit sie ihren eigenen Strom nutzen kann. Wir sind wirklich im Stande, lokal zu konsumieren und kontinuierlich Energie zu produzieren. Die Windr\u00e4der haben m\u00f6glicherweise einen Bewusstseinswandel hin zu erneuerbaren Energien in unseren l\u00e4ndlichen Gebieten ausgel\u00f6st. Es gibt auch ein Methanisierungsprojekt, das in Avallonnais in Betrieb genommen wird. In unseren Regionen wird nach und nach ein anderes Energieangebot eingef\u00fchrt.<\/p>\n<h4>Was w\u00fcrden Sie anderen B\u00fcrgermeistern \u00fcber Ihre Erfahrungen mit Windkraftanlagen sagen?<\/h4>\n<p>Ich pers\u00f6nlich war schon immer ein Bef\u00fcrworter von Windkraft und Photovoltaik und habe mir selbst Sonnenkollektoren auf dem Dach meines Hauses installieren lassen. Mir war bereits bewusst, dass wir etwas tun mussten, um von fossilen Brennstoffen wegzukommen, und tats\u00e4chlich hatten wir vor der Ankunft der Windr\u00e4der die Heizungen im Rathaus und in den Schulen auf Holzpelletheizung umgestellt. Aufeinanderfolgende Stadtr\u00e4te waren sehr daran interessiert, erneuerbare Energien zu entwickeln.<\/p>\n\t\t\t\t\t\t\t\t<\/div>\n\t\t\t\t<\/div>\n\t\t\t\t\t<\/div>\n\t\t<\/div>\n\t\t\t\t\t<\/div>\n\t\t<\/section>\n\t\t\t\t<\/div>\n\t\t","protected":false},"excerpt":{"rendered":"<p>Volkswind \/ Interview Interview mit Olivier Bertrand B\u00fcrgermeister von Arcy-sur-Cure Olivier Bertrand B\u00fcrgermeister von Arcy-sur-Cure K\u00f6nnen Sie sich und Ihre Gemeinde vorstellen? Ich bin Olivier Bertrand, seit 2001 B\u00fcrgermeister von Arcy-sur-Cure. Arcy hat 500 Einwohner im Departement Yonne. Das Dorf liegt in der Talsohle: Das Windparkprojekt wurde auf dem Plateau entwickelt, das noch weit vom [&hellip;]<\/p>\n","protected":false},"author":1,"featured_media":1563,"parent":0,"menu_order":0,"comment_status":"closed","ping_status":"closed","template":"","meta":{"footnotes":""},"class_list":["post-8597","page","type-page","status-publish","has-post-thumbnail","hentry"],"yoast_head":"<!-- This site is optimized with the Yoast SEO plugin v27.4 - https:\/\/yoast.com\/product\/yoast-seo-wordpress\/ -->\n<title>Interview mit Olivier Bertrand B\u00fcrgermeister von Arcy-sur-Cure | Volkswind<\/title>\n<meta name=\"description\" content=\"Ich bin Olivier Bertrand, seit 2001 B\u00fcrgermeister von Arcy-sur-Cure. Arcy hat 500 Einwohner im Departement Yonne.\" \/>\n<meta name=\"robots\" content=\"index, follow, max-snippet:-1, max-image-preview:large, max-video-preview:-1\" \/>\n<link rel=\"canonical\" href=\"https:\/\/volkswind.com\/interview-with-olivier-bertrand-mayor-of-arcy-sur-cure\/\" \/>\n<meta property=\"og:locale\" content=\"de_DE\" \/>\n<meta property=\"og:type\" content=\"article\" \/>\n<meta property=\"og:title\" content=\"Interview mit Olivier Bertrand B\u00fcrgermeister von Arcy-sur-Cure | Volkswind\" \/>\n<meta property=\"og:description\" content=\"Ich bin Olivier Bertrand, seit 2001 B\u00fcrgermeister von Arcy-sur-Cure. Arcy hat 500 Einwohner im Departement Yonne.\" \/>\n<meta property=\"og:url\" content=\"https:\/\/volkswind.com\/interview-with-olivier-bertrand-mayor-of-arcy-sur-cure\/\" \/>\n<meta property=\"og:site_name\" content=\"Volkswind\" \/>\n<meta property=\"og:image\" content=\"https:\/\/volkswind.com\/wp-content\/uploads\/Volkswind-042-Web-scaled-1.jpg\" \/>\n\t<meta property=\"og:image:width\" content=\"2560\" \/>\n\t<meta property=\"og:image:height\" content=\"1707\" \/>\n\t<meta property=\"og:image:type\" content=\"image\/jpeg\" \/>\n<meta name=\"twitter:card\" content=\"summary_large_image\" \/>\n<meta name=\"twitter:label1\" content=\"Gesch\u00e4tzte Lesezeit\" \/>\n\t<meta name=\"twitter:data1\" content=\"5\u00a0Minuten\" \/>\n<script type=\"application\/ld+json\" class=\"yoast-schema-graph\">{\"@context\":\"https:\\\/\\\/schema.org\",\"@graph\":[{\"@type\":\"WebPage\",\"@id\":\"https:\\\/\\\/volkswind.com\\\/interview-with-olivier-bertrand-mayor-of-arcy-sur-cure\\\/\",\"url\":\"https:\\\/\\\/volkswind.com\\\/interview-with-olivier-bertrand-mayor-of-arcy-sur-cure\\\/\",\"name\":\"Interview mit Olivier Bertrand B\u00fcrgermeister von Arcy-sur-Cure | Volkswind\",\"isPartOf\":{\"@id\":\"https:\\\/\\\/volkswind.com\\\/de\\\/#website\"},\"primaryImageOfPage\":{\"@id\":\"https:\\\/\\\/volkswind.com\\\/interview-with-olivier-bertrand-mayor-of-arcy-sur-cure\\\/#primaryimage\"},\"image\":{\"@id\":\"https:\\\/\\\/volkswind.com\\\/interview-with-olivier-bertrand-mayor-of-arcy-sur-cure\\\/#primaryimage\"},\"thumbnailUrl\":\"https:\\\/\\\/volkswind.com\\\/wp-content\\\/uploads\\\/Volkswind-042-Web-scaled-1.jpg\",\"datePublished\":\"2025-09-10T08:10:10+00:00\",\"description\":\"Ich bin Olivier Bertrand, seit 2001 B\u00fcrgermeister von Arcy-sur-Cure. Arcy hat 500 Einwohner im Departement Yonne.\",\"breadcrumb\":{\"@id\":\"https:\\\/\\\/volkswind.com\\\/interview-with-olivier-bertrand-mayor-of-arcy-sur-cure\\\/#breadcrumb\"},\"inLanguage\":\"de\",\"potentialAction\":[{\"@type\":\"ReadAction\",\"target\":[\"https:\\\/\\\/volkswind.com\\\/interview-with-olivier-bertrand-mayor-of-arcy-sur-cure\\\/\"]}]},{\"@type\":\"ImageObject\",\"inLanguage\":\"de\",\"@id\":\"https:\\\/\\\/volkswind.com\\\/interview-with-olivier-bertrand-mayor-of-arcy-sur-cure\\\/#primaryimage\",\"url\":\"https:\\\/\\\/volkswind.com\\\/wp-content\\\/uploads\\\/Volkswind-042-Web-scaled-1.jpg\",\"contentUrl\":\"https:\\\/\\\/volkswind.com\\\/wp-content\\\/uploads\\\/Volkswind-042-Web-scaled-1.jpg\",\"width\":2560,\"height\":1707},{\"@type\":\"BreadcrumbList\",\"@id\":\"https:\\\/\\\/volkswind.com\\\/interview-with-olivier-bertrand-mayor-of-arcy-sur-cure\\\/#breadcrumb\",\"itemListElement\":[{\"@type\":\"ListItem\",\"position\":1,\"name\":\"Accueil\",\"item\":\"https:\\\/\\\/volkswind.com\\\/de\\\/\"},{\"@type\":\"ListItem\",\"position\":2,\"name\":\"Interview mit Olivier Bertrand B\u00fcrgermeister von Arcy-sur-Cure\"}]},{\"@type\":\"WebSite\",\"@id\":\"https:\\\/\\\/volkswind.com\\\/de\\\/#website\",\"url\":\"https:\\\/\\\/volkswind.com\\\/de\\\/\",\"name\":\"Volkswind\",\"description\":\"\",\"potentialAction\":[{\"@type\":\"SearchAction\",\"target\":{\"@type\":\"EntryPoint\",\"urlTemplate\":\"https:\\\/\\\/volkswind.com\\\/de\\\/?s={search_term_string}\"},\"query-input\":{\"@type\":\"PropertyValueSpecification\",\"valueRequired\":true,\"valueName\":\"search_term_string\"}}],\"inLanguage\":\"de\"}]}<\/script>\n<!-- \/ Yoast SEO plugin. -->","yoast_head_json":{"title":"Interview mit Olivier Bertrand B\u00fcrgermeister von Arcy-sur-Cure | Volkswind","description":"Ich bin Olivier Bertrand, seit 2001 B\u00fcrgermeister von Arcy-sur-Cure. Arcy hat 500 Einwohner im Departement Yonne.","robots":{"index":"index","follow":"follow","max-snippet":"max-snippet:-1","max-image-preview":"max-image-preview:large","max-video-preview":"max-video-preview:-1"},"canonical":"https:\/\/volkswind.com\/interview-with-olivier-bertrand-mayor-of-arcy-sur-cure\/","og_locale":"de_DE","og_type":"article","og_title":"Interview mit Olivier Bertrand B\u00fcrgermeister von Arcy-sur-Cure | Volkswind","og_description":"Ich bin Olivier Bertrand, seit 2001 B\u00fcrgermeister von Arcy-sur-Cure. Arcy hat 500 Einwohner im Departement Yonne.","og_url":"https:\/\/volkswind.com\/interview-with-olivier-bertrand-mayor-of-arcy-sur-cure\/","og_site_name":"Volkswind","og_image":[{"width":2560,"height":1707,"url":"https:\/\/volkswind.com\/wp-content\/uploads\/Volkswind-042-Web-scaled-1.jpg","type":"image\/jpeg"}],"twitter_card":"summary_large_image","twitter_misc":{"Gesch\u00e4tzte Lesezeit":"5\u00a0Minuten"},"schema":{"@context":"https:\/\/schema.org","@graph":[{"@type":"WebPage","@id":"https:\/\/volkswind.com\/interview-with-olivier-bertrand-mayor-of-arcy-sur-cure\/","url":"https:\/\/volkswind.com\/interview-with-olivier-bertrand-mayor-of-arcy-sur-cure\/","name":"Interview mit Olivier Bertrand B\u00fcrgermeister von Arcy-sur-Cure | Volkswind","isPartOf":{"@id":"https:\/\/volkswind.com\/de\/#website"},"primaryImageOfPage":{"@id":"https:\/\/volkswind.com\/interview-with-olivier-bertrand-mayor-of-arcy-sur-cure\/#primaryimage"},"image":{"@id":"https:\/\/volkswind.com\/interview-with-olivier-bertrand-mayor-of-arcy-sur-cure\/#primaryimage"},"thumbnailUrl":"https:\/\/volkswind.com\/wp-content\/uploads\/Volkswind-042-Web-scaled-1.jpg","datePublished":"2025-09-10T08:10:10+00:00","description":"Ich bin Olivier Bertrand, seit 2001 B\u00fcrgermeister von Arcy-sur-Cure. Arcy hat 500 Einwohner im Departement Yonne.","breadcrumb":{"@id":"https:\/\/volkswind.com\/interview-with-olivier-bertrand-mayor-of-arcy-sur-cure\/#breadcrumb"},"inLanguage":"de","potentialAction":[{"@type":"ReadAction","target":["https:\/\/volkswind.com\/interview-with-olivier-bertrand-mayor-of-arcy-sur-cure\/"]}]},{"@type":"ImageObject","inLanguage":"de","@id":"https:\/\/volkswind.com\/interview-with-olivier-bertrand-mayor-of-arcy-sur-cure\/#primaryimage","url":"https:\/\/volkswind.com\/wp-content\/uploads\/Volkswind-042-Web-scaled-1.jpg","contentUrl":"https:\/\/volkswind.com\/wp-content\/uploads\/Volkswind-042-Web-scaled-1.jpg","width":2560,"height":1707},{"@type":"BreadcrumbList","@id":"https:\/\/volkswind.com\/interview-with-olivier-bertrand-mayor-of-arcy-sur-cure\/#breadcrumb","itemListElement":[{"@type":"ListItem","position":1,"name":"Accueil","item":"https:\/\/volkswind.com\/de\/"},{"@type":"ListItem","position":2,"name":"Interview mit Olivier Bertrand B\u00fcrgermeister von Arcy-sur-Cure"}]},{"@type":"WebSite","@id":"https:\/\/volkswind.com\/de\/#website","url":"https:\/\/volkswind.com\/de\/","name":"Volkswind","description":"","potentialAction":[{"@type":"SearchAction","target":{"@type":"EntryPoint","urlTemplate":"https:\/\/volkswind.com\/de\/?s={search_term_string}"},"query-input":{"@type":"PropertyValueSpecification","valueRequired":true,"valueName":"search_term_string"}}],"inLanguage":"de"}]}},"_links":{"self":[{"href":"https:\/\/volkswind.com\/de\/wp-json\/wp\/v2\/pages\/8597","targetHints":{"allow":["GET"]}}],"collection":[{"href":"https:\/\/volkswind.com\/de\/wp-json\/wp\/v2\/pages"}],"about":[{"href":"https:\/\/volkswind.com\/de\/wp-json\/wp\/v2\/types\/page"}],"author":[{"embeddable":true,"href":"https:\/\/volkswind.com\/de\/wp-json\/wp\/v2\/users\/1"}],"replies":[{"embeddable":true,"href":"https:\/\/volkswind.com\/de\/wp-json\/wp\/v2\/comments?post=8597"}],"version-history":[{"count":4,"href":"https:\/\/volkswind.com\/de\/wp-json\/wp\/v2\/pages\/8597\/revisions"}],"predecessor-version":[{"id":8629,"href":"https:\/\/volkswind.com\/de\/wp-json\/wp\/v2\/pages\/8597\/revisions\/8629"}],"wp:featuredmedia":[{"embeddable":true,"href":"https:\/\/volkswind.com\/de\/wp-json\/wp\/v2\/media\/1563"}],"wp:attachment":[{"href":"https:\/\/volkswind.com\/de\/wp-json\/wp\/v2\/media?parent=8597"}],"curies":[{"name":"wp","href":"https:\/\/api.w.org\/{rel}","templated":true}]}}