{"id":8581,"date":"2024-02-02T09:23:43","date_gmt":"2024-02-02T09:23:43","guid":{"rendered":"https:\/\/staging-group.volkswind.fr\/interview-mit-katja-stommel-zum-30jaehrigen-jubilaeum-von-volkswind\/"},"modified":"2025-08-12T08:15:26","modified_gmt":"2025-08-12T08:15:26","slug":"interview-mit-katja-stommel-zum-30jaehrigen-jubilaeum-von-volkswind","status":"publish","type":"page","link":"https:\/\/volkswind.com\/de\/interview-mit-katja-stommel-zum-30jaehrigen-jubilaeum-von-volkswind\/","title":{"rendered":"Interview mit Katja Stommel zum 30j\u00e4hrigen Jubil\u00e4um von Volkswind"},"content":{"rendered":"\t\t<div data-elementor-type=\"wp-page\" data-elementor-id=\"8581\" class=\"elementor elementor-8581 elementor-2513\" data-elementor-post-type=\"page\">\n\t\t\t\t\t\t<section class=\"elementor-section elementor-top-section elementor-element elementor-element-70c8830 elementor-section-boxed elementor-section-height-default elementor-section-height-default\" data-id=\"70c8830\" data-element_type=\"section\" data-e-type=\"section\" data-settings=\"{&quot;jet_parallax_layout_list&quot;:[],&quot;background_background&quot;:&quot;classic&quot;}\">\n\t\t\t\t\t\t\t<div class=\"elementor-background-overlay\"><\/div>\n\t\t\t\t\t\t\t<div class=\"elementor-container elementor-column-gap-default\">\n\t\t\t\t\t<div class=\"elementor-column elementor-col-100 elementor-top-column elementor-element elementor-element-4ce40ae\" data-id=\"4ce40ae\" data-element_type=\"column\" data-e-type=\"column\">\n\t\t\t<div class=\"elementor-widget-wrap\">\n\t\t\t\t\t\t\t<\/div>\n\t\t<\/div>\n\t\t\t\t\t<\/div>\n\t\t<\/section>\n\t\t\t\t<section class=\"elementor-section elementor-top-section elementor-element elementor-element-9b846da elementor-section-boxed elementor-section-height-default elementor-section-height-default\" data-id=\"9b846da\" data-element_type=\"section\" data-e-type=\"section\" data-settings=\"{&quot;jet_parallax_layout_list&quot;:[]}\">\n\t\t\t\t\t\t<div class=\"elementor-container elementor-column-gap-default\">\n\t\t\t\t\t<div class=\"elementor-column elementor-col-100 elementor-top-column elementor-element elementor-element-d794dbb\" data-id=\"d794dbb\" data-element_type=\"column\" data-e-type=\"column\">\n\t\t\t<div class=\"elementor-widget-wrap elementor-element-populated\">\n\t\t\t\t\t\t<div class=\"elementor-element elementor-element-a321d9d elementor-widget elementor-widget-text-editor\" data-id=\"a321d9d\" data-element_type=\"widget\" data-e-type=\"widget\" data-widget_type=\"text-editor.default\">\n\t\t\t\t<div class=\"elementor-widget-container\">\n\t\t\t\t\t\t\t\t\t<p>Volkswind \/ Interview<\/p>\n\t\t\t\t\t\t\t\t<\/div>\n\t\t\t\t<\/div>\n\t\t\t\t<div class=\"elementor-element elementor-element-e4011b2 elementor-widget__width-initial elementor-widget elementor-widget-heading\" data-id=\"e4011b2\" data-element_type=\"widget\" data-e-type=\"widget\" data-widget_type=\"heading.default\">\n\t\t\t\t<div class=\"elementor-widget-container\">\n\t\t\t\t\t<h1 class=\"elementor-heading-title elementor-size-default\">Interview mit Katja Stommel zum 30j\u00e4hrigen Jubil\u00e4um von Volkswind<\/h1>\t\t\t\t<\/div>\n\t\t\t\t<\/div>\n\t\t\t\t\t<\/div>\n\t\t<\/div>\n\t\t\t\t\t<\/div>\n\t\t<\/section>\n\t\t\t\t<section class=\"elementor-section elementor-top-section elementor-element elementor-element-85de5fd elementor-section-boxed elementor-section-height-default elementor-section-height-default\" data-id=\"85de5fd\" data-element_type=\"section\" data-e-type=\"section\" data-settings=\"{&quot;jet_parallax_layout_list&quot;:[]}\">\n\t\t\t\t\t\t<div class=\"elementor-container elementor-column-gap-default\">\n\t\t\t\t\t<div class=\"elementor-column elementor-col-100 elementor-top-column elementor-element elementor-element-ca2b025\" data-id=\"ca2b025\" data-element_type=\"column\" data-e-type=\"column\">\n\t\t\t<div class=\"elementor-widget-wrap elementor-element-populated\">\n\t\t\t\t\t\t<div class=\"elementor-element elementor-element-f08ad37 elementor-widget__width-initial elementor-widget elementor-widget-text-editor\" data-id=\"f08ad37\" data-element_type=\"widget\" data-e-type=\"widget\" data-widget_type=\"text-editor.default\">\n\t\t\t\t<div class=\"elementor-widget-container\">\n\t\t\t\t\t\t\t\t\t<p>Volkswind ist seit \u00fcber 30 Jahren im Bereich der Windenergie aktiv. In dieser Zeit ist auf dem deutschen Markt und europaweit im Windbusiness einiges passiert. Seit Beginn an mit dabei ist die Mitgr\u00fcnderin und heutige CEO von Volkswind, Katja Stommel. Von ihr erfahren wir im Interview die Meilensteine der letzten drei Dekaden.<\/p>\t\t\t\t\t\t\t\t<\/div>\n\t\t\t\t<\/div>\n\t\t\t\t\t<\/div>\n\t\t<\/div>\n\t\t\t\t\t<\/div>\n\t\t<\/section>\n\t\t\t\t<section class=\"elementor-section elementor-top-section elementor-element elementor-element-909f818 elementor-section-boxed elementor-section-height-default elementor-section-height-default\" data-id=\"909f818\" data-element_type=\"section\" data-e-type=\"section\" data-settings=\"{&quot;jet_parallax_layout_list&quot;:[],&quot;background_background&quot;:&quot;classic&quot;}\">\n\t\t\t\t\t\t<div class=\"elementor-container elementor-column-gap-default\">\n\t\t\t\t\t<div class=\"elementor-column elementor-col-100 elementor-top-column elementor-element elementor-element-cb298d7\" data-id=\"cb298d7\" data-element_type=\"column\" data-e-type=\"column\" data-settings=\"{&quot;background_background&quot;:&quot;classic&quot;}\">\n\t\t\t<div class=\"elementor-widget-wrap elementor-element-populated\">\n\t\t\t\t\t\t<div class=\"elementor-element elementor-element-ffcc1e9 elementor-widget elementor-widget-image\" data-id=\"ffcc1e9\" data-element_type=\"widget\" data-e-type=\"widget\" data-widget_type=\"image.default\">\n\t\t\t\t<div class=\"elementor-widget-container\">\n\t\t\t\t\t\t\t\t\t\t\t\t\t\t\t<img fetchpriority=\"high\" decoding=\"async\" width=\"800\" height=\"533\" src=\"https:\/\/volkswind.com\/wp-content\/uploads\/2306-katja-stommel-web-qualitaet-004.jpg\" class=\"attachment-2048x2048 size-2048x2048 wp-image-2520\" alt=\"2306-katja-stommel-web-qualitaet-004\" srcset=\"https:\/\/volkswind.com\/wp-content\/uploads\/2306-katja-stommel-web-qualitaet-004.jpg 800w, https:\/\/volkswind.com\/wp-content\/uploads\/2306-katja-stommel-web-qualitaet-004-300x200.jpg 300w, https:\/\/volkswind.com\/wp-content\/uploads\/2306-katja-stommel-web-qualitaet-004-768x512.jpg 768w\" sizes=\"(max-width: 800px) 100vw, 800px\" \/>\t\t\t\t\t\t\t\t\t\t\t\t\t\t\t<\/div>\n\t\t\t\t<\/div>\n\t\t\t\t<div class=\"elementor-element elementor-element-c47d448 elementor-widget elementor-widget-text-editor\" data-id=\"c47d448\" data-element_type=\"widget\" data-e-type=\"widget\" data-widget_type=\"text-editor.default\">\n\t\t\t\t<div class=\"elementor-widget-container\">\n\t\t\t\t\t\t\t\t\t<p>Katja Stommel, Volkswind CEO und Head Division Wind bei Axpo<\/p>\n\t\t\t\t\t\t\t\t<\/div>\n\t\t\t\t<\/div>\n\t\t\t\t<div class=\"elementor-element elementor-element-4881c49 elementor-widget__width-initial elementor-widget elementor-widget-heading\" data-id=\"4881c49\" data-element_type=\"widget\" data-e-type=\"widget\" data-widget_type=\"heading.default\">\n\t\t\t\t<div class=\"elementor-widget-container\">\n\t\t\t\t\t<h1 class=\"elementor-heading-title elementor-size-default\">\u201eWir wollten eine Alternative zu Tschernobyl aufzeigen\u201c<\/h1>\t\t\t\t<\/div>\n\t\t\t\t<\/div>\n\t\t\t\t<div class=\"elementor-element elementor-element-826e084 elementor-widget elementor-widget-text-editor\" data-id=\"826e084\" data-element_type=\"widget\" data-e-type=\"widget\" data-widget_type=\"text-editor.default\">\n\t\t\t\t<div class=\"elementor-widget-container\">\n\t\t\t\t\t\t\t\t\t<h4>30 Jahre Volkswind. Das ist eine lange Zeit. Das ist eine lange Zeit. Wie begann alles?<\/h4>\n<p>Gleich nach meiner Banklehre im Sommer 1992, ich war gerade im 2. Semester meines Mathematikstudiums sind wir nach Ostfriesland gezogen Mein zuk\u00fcnftiger Mann Matthias (Stommel) und unser Freund Martin (Daubner) haben bei einem Windkrafthersteller in Aurich gearbeitet. Dann hat sich pl\u00f6tzlich f\u00fcr uns eine M\u00f6glichkeit ergeben, unsere erste eigene Windkraftanlage zu realisieren. Ein Landwirt hatte Genehmigungen f\u00fcr zwei Windkraftanlagen bekommen, wollte selbst aber nur eine realisieren. Wir haben die Chance ergriffen und waren ganz pl\u00f6tzlich Gr\u00fcnder. Das war so eigentlich gar nicht geplant. Ein Bauingenieur, ein Elektroingenieur und ich f\u00fcr den kaufm\u00e4nnischen Bereich. Wir waren damals frei es gab nur das einfache Baugesetz und wenig weitere Regulierungen. Alles war noch ganz neu. Man stand als \u00f6kologischer Spinner da. Wir haben uns damals nicht ertr\u00e4umen lassen, dass wir so weit kommen w\u00fcrden und heute an diesem Punkt stehen. Eigentlich wollten wir nur eine Alternative zu Tschernobyl aufzeigen.<\/p>\n<h4>Und wie ging es dann weiter?<\/h4>\n<p>Die n\u00e4chsten Jahre waren ein Spagat zwischen Studium und Beruf. Bis 1998 war Volkswind nur ein Nebenjob. Ich habe studiert, die anderen waren fest in Vollzeit angestellt. In dieser Zeit haben wir f\u00fcnf Windkraftanlagen gebaut. Bereits 1997 konnten wir die ersten Mitarbeitenden einstellen, die mit uns am gleichen Strick zogen. Meine Nachbarin unterst\u00fctzte mich bei der Buchhaltung und in Egeln stellten wir einen Vertriebsmitarbeiter ein.<\/p>\n<p>Bis 2005 hatten wir kein zentrales B\u00fcro. Was mobiles Arbeiten angeht, waren wir schon damals Vorreiter (lacht). Unsere Mitarbeitenden konnten bereits damals flexibel arbeiten beziehungsweise in kleinen Niederlassungen oder sich bei uns in der Wohnung einquartieren. Als wir dann aber in der eigenen K\u00fcche kein Platz mehr hatten, um das Mittagessen f\u00fcr die Kinder zu kochen, haben wir dann in Ganderkesee unser erstes zentrales B\u00fcro er\u00f6ffnet.<\/p>\n<h4>K\u00f6nnte man eure Geschichte heute wiederholen?<\/h4>\n<p>Nein, im Wind nicht, in anderen Bereichen schon. Wenn man von dem, was man tut, absolut \u00fcberzeugt ist, dann schafft man das. Uns hat damals das Ereignis im Kernkraftwerk Tschernobyl gezeigt, dass man andere L\u00f6sungen anstreben muss.<\/p>\n<h4>Worin bestand damals der Reiz?<\/h4>\n<p>Es ging damals darum, etwas aktiv \u00e4ndern zu wollen. Es ging nicht um Marktanteile oder darum, sich eine goldene Nase zu verdienen. Wir wollten etwas tun, damit sich die Situation \u00e4ndert und mehr erneuerbarer Strom genutzt wurde. Daf\u00fcr haben wir mit Herzblut gek\u00e4mpft. Wir hatten Spa\u00df an der Sache, gro\u00dfe Motivation und unser Hobby wurde unsere Arbeit.<\/p>\n<h4>Was zeichnet Volkswind heute noch aus?<\/h4>\n<p>Wir haben immer noch Spa\u00df an der Herausforderung. Wir versuchen, uns schnell an wechselnde Rahmenbedingungen anzupassen und sind wandelbar. Die Windindustrie ist keine gerade Autobahn, sondern es gibt immer links und rechts Kurven, die man nehmen muss, um ans Ziel zu kommen. Den richtigen Weg zu finden, ist eine Herausforderung. Es gibt keine eingefahrenen Wege, sondern man muss immer neu denken.<\/p>\n<p>Unser Freiheitsgrad ist durch die Regulierungen des Genehmigungsprozesses heute zwar eingeschr\u00e4nkter, aber es bleibt noch Potenzial, das wir nutzen k\u00f6nnen. Wir versuchen, alles kreativ zu hinterfragen und geistig freizubleiben. So bleibt unsere Arbeit auch mit den gegebenen Rahmenbedingungen spannend.<\/p>\n<p>\u201eFr\u00fcher reichte es f\u00fcr einen Bewilligungsantrag aus, ein paar Bl\u00e4tter in einem Schnellhefter einzureichen, heute sind es gleich mehrere dicke Ordner mit Unterlagen.\u201c<\/p>\n<h3>Volkswind wurde 2015 durch die Schweizer Axpo \u00fcbernommen. Was hat sich dadurch ge\u00e4ndert?<\/h3>\n<p>Nicht viel. Und das ist auch der Schl\u00fcssel f\u00fcr eine gelungen \u00dcbernahme. Wir sind pragmatisch an die Sache herangegangen. Das gegenseitige Verst\u00e4ndnis war da, wurde gelebt und umgesetzt. So hat es prima funktioniert und funktioniert auch heute noch gut.<\/p>\n<h4>Wie hat sich das Gesch\u00e4ft von Volkswind in den letzten drei Jahrzehnten ver\u00e4ndert?<\/h4>\n<p>Im Prinzip ist es \u00e4hnlich geblieben: Wir bauen immer noch Windkraftanlagen. Wir bauen zwar mehr und in mehreren L\u00e4ndern, aber die Grundidee ist geblieben. Allerdings ist es heute wesentlich komplizierter geworden, ans Ziel zu kommen. Fr\u00fcher reichte es f\u00fcr einen Bewilligungsantrag aus, ein paar Bl\u00e4tter in einem Schnellhefter einzureichen, heute sind es gleich mehrere dicke Ordner mit Unterlagen.<\/p>\n<h4>Gab es auch schwierige Zeiten?<\/h4>\n<p>Die politischen Rahmenbedingungen in Deutschland waren oftmals unsicher. So hatten wir zweimal fast keinen Einspeisetarifmehr bei gleichzeitigem fehlenden Zugang zu Stromm\u00e4rkten. Da stand die ganze Finanzierung der Projekte auf der Kippe.<\/p>\n<p>Insbesondere die letzten zehn Jahre waren hart, weil die Politik in Deutschland keine Windkraft wollte. Wir erhielten keine Genehmigungen mehr und der Markt wurde k\u00fcnstlich klein gehalten. Die Delle, die die Umstellung auf Ausschreibungen in der Branche verursacht hat, war politisch gewollt. Leider sind wir immer noch von der Politik abh\u00e4ngig, auch der Price Cap der EU im letzten Jahr war f\u00fcr uns eine Ohrfeige.<\/p>\n<p>Katja Stommel, Volkswind CEO und Head Division Wind bei Axpo<br \/>Mit dem \u201eWind-an-Land\u201c-Gesetz und weiteren Novellierungen will die deutsche Regierung den Ausbau der Windenergie deutlich schneller voranbringen. Wie sind diese Bestrebungen einzuordnen.<\/p>\n<p>Die Weichen sind so gestellt, dass wir das verlorene der letzten Jahre wieder aufholen k\u00f6nnen. Die Praxis wird zeigen, ob die beteiligten Akteure auch willens sind diese um zu setzen.<\/p>\n<h4>Reichen die politischen \u00c4nderungen aus, um den deutschen Markt in Schwung zu bringen und die geplanten 80 Prozent erneuerbare Energien im Strommix zu erreichen? Welche \u00c4nderungen sind n\u00f6tig, um eine wirkliche Wende zu erzielen?<\/h4>\n<p>Das Wichtigste ist der Netzausbau. Wenn der zusammen mit einer aktiven Umsetzung der j\u00fcngst beschlossenen Gesetzesnovellierungen steht, dann haben wir kein Problem mehr. Fast in allen europ\u00e4ischen L\u00e4ndern stockt es an dieser Stelle. Die Genehmigung ist jetzt oft nicht das Problem, sondern der Netzausbau ist der Flaschenhals.<\/p>\n<p>Axpo will zusammen mit Volkswind den Ausbau der Windenergie bis 2030 massiv steigern. Wie wollen wir dieses Ziel erreichen?<\/p>\n<p>In Deutschland haben wir uns Entwicklungsteam massiv ausgebaut und auch in anderen L\u00e4ndern unser Gesch\u00e4ft ausgeweitet, um die Kapazit\u00e4ten schnell auszubauen. Mit Volkswind sind wir in Deutschland und Frankreich aktiv und zusammen mit Axpo in Finnland und Rum\u00e4nien. Weitere M\u00e4rkte pr\u00fcfen wir.<\/p>\n<h4>Das Unternehmen ist stark gewachsen. Wie sieht die Unternehmenskultur aus und wie sorgst du daf\u00fcr, dass Volkswind eine attraktive Arbeitgeberin bleibt?<\/h4>\n<p>Als Managerin soll man gute Laune verbreiten und die Leute zum Lachen bringen. Man muss auch in den schwierigsten Zeiten noch Sp\u00e4\u00dfe machen k\u00f6nnen. Wichtig ist bei uns auch eine positive Fehlerkultur: Nicht Ohren langziehen, sondern erkl\u00e4ren und analysieren. Wir leben eine offene Unternehmenskultur, f\u00f6rdern proaktives Denken und haben flache Strukturen. Ich habe immer eine offene T\u00fcr, auch wenn man manchmal Wartezettel ziehen muss (lacht).<\/p>\n<h4>Was sch\u00e4tzen Partner an einer Zusammenarbeit mit Volkswind?<\/h4>\n<p>Unsere Gesch\u00e4ftspartner sch\u00e4tzen unsere Verl\u00e4sslichkeit. Wir versprechen keine Luftschl\u00f6sser. Wir arbeiten effizient und kl\u00e4ren bereits im Vorfeld die verschiedenen Schritte. Wir sind l\u00f6sungsorientiert und nat\u00fcrlich auch kompromissbereit.<\/p>\n<h2>Dein Res\u00fcmee: 30 Jahre Volkswind. Ein Grund zum Feiern?<\/h2>\n<p>Ja klar, 30 Jahre den Ausbau von erneuerbaren Energien vorangetrieben. Es sind viele Unternehmen in der Windbranche in den letzten Jahren auf der Strecke geblieben. Uns gibt es noch und wir sind dabei auch noch erfolgreich. Der Geist und das Herzblut von damals ist geblieben.<\/p>\n<h4>Ausblick. Was w\u00fcnscht du dir f\u00fcr die n\u00e4chsten 30 Jahre?<\/h4>\n<p>Pers\u00f6nlich m\u00f6chte ich in 30 Jahren so fit sein wie heute. Ich w\u00fcnsche mir, dass wir den Klimawandel m\u00f6glichst schnell in Griff kriegen. Schaffen wir das nicht, gibt es das Leben, wie wir es heute kennen, nicht mehr. Daf\u00fcr braucht es einen massiven Zubau von erneuerbaren Energien. Auch w\u00fcnsche ich mir Innovationen zur Reduktion von C02 aus der Atmosph\u00e4re. Und das alles nat\u00fcrlich schon morgen und nicht erst in 30 Jahren. Volkswind wird zusammen mit Axpo einen Teil zur Energiewende beitragen. Aber allein k\u00f6nnen wir es nicht schaffen.<\/p>\n\t\t\t\t\t\t\t\t<\/div>\n\t\t\t\t<\/div>\n\t\t\t\t\t<\/div>\n\t\t<\/div>\n\t\t\t\t\t<\/div>\n\t\t<\/section>\n\t\t\t\t<\/div>\n\t\t","protected":false},"excerpt":{"rendered":"<p>Volkswind \/ Interview Interview mit Katja Stommel zum 30j\u00e4hrigen Jubil\u00e4um von Volkswind Volkswind ist seit \u00fcber 30 Jahren im Bereich der Windenergie aktiv. In dieser Zeit ist auf dem deutschen Markt und europaweit im Windbusiness einiges passiert. Seit Beginn an mit dabei ist die Mitgr\u00fcnderin und heutige CEO von Volkswind, Katja Stommel. Von ihr erfahren [&hellip;]<\/p>\n","protected":false},"author":1,"featured_media":1563,"parent":0,"menu_order":0,"comment_status":"closed","ping_status":"closed","template":"","meta":{"footnotes":""},"class_list":["post-8581","page","type-page","status-publish","has-post-thumbnail","hentry"],"yoast_head":"<!-- This site is optimized with the Yoast SEO plugin v27.4 - https:\/\/yoast.com\/product\/yoast-seo-wordpress\/ -->\n<title>Interview mit Katja Stommel zum 30j\u00e4hrigen Jubil\u00e4um von Volkswind | Volkswind<\/title>\n<meta name=\"description\" content=\"Seit Beginn an mit dabei ist die Mitgr\u00fcnderin und heutige CEO von Volkswind, Katja Stommel.\" \/>\n<meta name=\"robots\" content=\"index, follow, max-snippet:-1, max-image-preview:large, max-video-preview:-1\" \/>\n<link rel=\"canonical\" href=\"https:\/\/volkswind.com\/interview-with-katja-stommel-on-volkswinds-30th-anniversary\/\" \/>\n<meta property=\"og:locale\" content=\"de_DE\" \/>\n<meta property=\"og:type\" content=\"article\" \/>\n<meta property=\"og:title\" content=\"Interview mit Katja Stommel zum 30j\u00e4hrigen Jubil\u00e4um von Volkswind | Volkswind\" \/>\n<meta property=\"og:description\" content=\"Seit Beginn an mit dabei ist die Mitgr\u00fcnderin und heutige CEO von Volkswind, Katja Stommel.\" \/>\n<meta property=\"og:url\" content=\"https:\/\/volkswind.com\/interview-with-katja-stommel-on-volkswinds-30th-anniversary\/\" \/>\n<meta property=\"og:site_name\" content=\"Volkswind\" \/>\n<meta property=\"article:modified_time\" content=\"2025-08-12T08:15:26+00:00\" \/>\n<meta property=\"og:image\" content=\"https:\/\/volkswind.com\/wp-content\/uploads\/Volkswind-042-Web-scaled-1.jpg\" \/>\n\t<meta property=\"og:image:width\" content=\"2560\" \/>\n\t<meta property=\"og:image:height\" content=\"1707\" \/>\n\t<meta property=\"og:image:type\" content=\"image\/jpeg\" \/>\n<meta name=\"twitter:card\" content=\"summary_large_image\" \/>\n<meta name=\"twitter:label1\" content=\"Gesch\u00e4tzte Lesezeit\" \/>\n\t<meta name=\"twitter:data1\" content=\"8\u00a0Minuten\" \/>\n<script type=\"application\/ld+json\" class=\"yoast-schema-graph\">{\"@context\":\"https:\\\/\\\/schema.org\",\"@graph\":[{\"@type\":\"WebPage\",\"@id\":\"https:\\\/\\\/volkswind.com\\\/interview-with-katja-stommel-on-volkswinds-30th-anniversary\\\/\",\"url\":\"https:\\\/\\\/volkswind.com\\\/interview-with-katja-stommel-on-volkswinds-30th-anniversary\\\/\",\"name\":\"Interview mit Katja Stommel zum 30j\u00e4hrigen Jubil\u00e4um von Volkswind | Volkswind\",\"isPartOf\":{\"@id\":\"https:\\\/\\\/volkswind.com\\\/de\\\/#website\"},\"primaryImageOfPage\":{\"@id\":\"https:\\\/\\\/volkswind.com\\\/interview-with-katja-stommel-on-volkswinds-30th-anniversary\\\/#primaryimage\"},\"image\":{\"@id\":\"https:\\\/\\\/volkswind.com\\\/interview-with-katja-stommel-on-volkswinds-30th-anniversary\\\/#primaryimage\"},\"thumbnailUrl\":\"https:\\\/\\\/volkswind.com\\\/wp-content\\\/uploads\\\/Volkswind-042-Web-scaled-1.jpg\",\"datePublished\":\"2024-02-02T09:23:43+00:00\",\"dateModified\":\"2025-08-12T08:15:26+00:00\",\"description\":\"Seit Beginn an mit dabei ist die Mitgr\u00fcnderin und heutige CEO von Volkswind, Katja Stommel.\",\"breadcrumb\":{\"@id\":\"https:\\\/\\\/volkswind.com\\\/interview-with-katja-stommel-on-volkswinds-30th-anniversary\\\/#breadcrumb\"},\"inLanguage\":\"de\",\"potentialAction\":[{\"@type\":\"ReadAction\",\"target\":[\"https:\\\/\\\/volkswind.com\\\/interview-with-katja-stommel-on-volkswinds-30th-anniversary\\\/\"]}]},{\"@type\":\"ImageObject\",\"inLanguage\":\"de\",\"@id\":\"https:\\\/\\\/volkswind.com\\\/interview-with-katja-stommel-on-volkswinds-30th-anniversary\\\/#primaryimage\",\"url\":\"https:\\\/\\\/volkswind.com\\\/wp-content\\\/uploads\\\/Volkswind-042-Web-scaled-1.jpg\",\"contentUrl\":\"https:\\\/\\\/volkswind.com\\\/wp-content\\\/uploads\\\/Volkswind-042-Web-scaled-1.jpg\",\"width\":2560,\"height\":1707},{\"@type\":\"BreadcrumbList\",\"@id\":\"https:\\\/\\\/volkswind.com\\\/interview-with-katja-stommel-on-volkswinds-30th-anniversary\\\/#breadcrumb\",\"itemListElement\":[{\"@type\":\"ListItem\",\"position\":1,\"name\":\"Accueil\",\"item\":\"https:\\\/\\\/volkswind.com\\\/de\\\/\"},{\"@type\":\"ListItem\",\"position\":2,\"name\":\"Interview mit Katja Stommel zum 30j\u00e4hrigen Jubil\u00e4um von Volkswind\"}]},{\"@type\":\"WebSite\",\"@id\":\"https:\\\/\\\/volkswind.com\\\/de\\\/#website\",\"url\":\"https:\\\/\\\/volkswind.com\\\/de\\\/\",\"name\":\"Volkswind\",\"description\":\"\",\"potentialAction\":[{\"@type\":\"SearchAction\",\"target\":{\"@type\":\"EntryPoint\",\"urlTemplate\":\"https:\\\/\\\/volkswind.com\\\/de\\\/?s={search_term_string}\"},\"query-input\":{\"@type\":\"PropertyValueSpecification\",\"valueRequired\":true,\"valueName\":\"search_term_string\"}}],\"inLanguage\":\"de\"}]}<\/script>\n<!-- \/ Yoast SEO plugin. -->","yoast_head_json":{"title":"Interview mit Katja Stommel zum 30j\u00e4hrigen Jubil\u00e4um von Volkswind | Volkswind","description":"Seit Beginn an mit dabei ist die Mitgr\u00fcnderin und heutige CEO von Volkswind, Katja Stommel.","robots":{"index":"index","follow":"follow","max-snippet":"max-snippet:-1","max-image-preview":"max-image-preview:large","max-video-preview":"max-video-preview:-1"},"canonical":"https:\/\/volkswind.com\/interview-with-katja-stommel-on-volkswinds-30th-anniversary\/","og_locale":"de_DE","og_type":"article","og_title":"Interview mit Katja Stommel zum 30j\u00e4hrigen Jubil\u00e4um von Volkswind | Volkswind","og_description":"Seit Beginn an mit dabei ist die Mitgr\u00fcnderin und heutige CEO von Volkswind, Katja Stommel.","og_url":"https:\/\/volkswind.com\/interview-with-katja-stommel-on-volkswinds-30th-anniversary\/","og_site_name":"Volkswind","article_modified_time":"2025-08-12T08:15:26+00:00","og_image":[{"width":2560,"height":1707,"url":"https:\/\/volkswind.com\/wp-content\/uploads\/Volkswind-042-Web-scaled-1.jpg","type":"image\/jpeg"}],"twitter_card":"summary_large_image","twitter_misc":{"Gesch\u00e4tzte Lesezeit":"8\u00a0Minuten"},"schema":{"@context":"https:\/\/schema.org","@graph":[{"@type":"WebPage","@id":"https:\/\/volkswind.com\/interview-with-katja-stommel-on-volkswinds-30th-anniversary\/","url":"https:\/\/volkswind.com\/interview-with-katja-stommel-on-volkswinds-30th-anniversary\/","name":"Interview mit Katja Stommel zum 30j\u00e4hrigen Jubil\u00e4um von Volkswind | Volkswind","isPartOf":{"@id":"https:\/\/volkswind.com\/de\/#website"},"primaryImageOfPage":{"@id":"https:\/\/volkswind.com\/interview-with-katja-stommel-on-volkswinds-30th-anniversary\/#primaryimage"},"image":{"@id":"https:\/\/volkswind.com\/interview-with-katja-stommel-on-volkswinds-30th-anniversary\/#primaryimage"},"thumbnailUrl":"https:\/\/volkswind.com\/wp-content\/uploads\/Volkswind-042-Web-scaled-1.jpg","datePublished":"2024-02-02T09:23:43+00:00","dateModified":"2025-08-12T08:15:26+00:00","description":"Seit Beginn an mit dabei ist die Mitgr\u00fcnderin und heutige CEO von Volkswind, Katja Stommel.","breadcrumb":{"@id":"https:\/\/volkswind.com\/interview-with-katja-stommel-on-volkswinds-30th-anniversary\/#breadcrumb"},"inLanguage":"de","potentialAction":[{"@type":"ReadAction","target":["https:\/\/volkswind.com\/interview-with-katja-stommel-on-volkswinds-30th-anniversary\/"]}]},{"@type":"ImageObject","inLanguage":"de","@id":"https:\/\/volkswind.com\/interview-with-katja-stommel-on-volkswinds-30th-anniversary\/#primaryimage","url":"https:\/\/volkswind.com\/wp-content\/uploads\/Volkswind-042-Web-scaled-1.jpg","contentUrl":"https:\/\/volkswind.com\/wp-content\/uploads\/Volkswind-042-Web-scaled-1.jpg","width":2560,"height":1707},{"@type":"BreadcrumbList","@id":"https:\/\/volkswind.com\/interview-with-katja-stommel-on-volkswinds-30th-anniversary\/#breadcrumb","itemListElement":[{"@type":"ListItem","position":1,"name":"Accueil","item":"https:\/\/volkswind.com\/de\/"},{"@type":"ListItem","position":2,"name":"Interview mit Katja Stommel zum 30j\u00e4hrigen Jubil\u00e4um von Volkswind"}]},{"@type":"WebSite","@id":"https:\/\/volkswind.com\/de\/#website","url":"https:\/\/volkswind.com\/de\/","name":"Volkswind","description":"","potentialAction":[{"@type":"SearchAction","target":{"@type":"EntryPoint","urlTemplate":"https:\/\/volkswind.com\/de\/?s={search_term_string}"},"query-input":{"@type":"PropertyValueSpecification","valueRequired":true,"valueName":"search_term_string"}}],"inLanguage":"de"}]}},"_links":{"self":[{"href":"https:\/\/volkswind.com\/de\/wp-json\/wp\/v2\/pages\/8581","targetHints":{"allow":["GET"]}}],"collection":[{"href":"https:\/\/volkswind.com\/de\/wp-json\/wp\/v2\/pages"}],"about":[{"href":"https:\/\/volkswind.com\/de\/wp-json\/wp\/v2\/types\/page"}],"author":[{"embeddable":true,"href":"https:\/\/volkswind.com\/de\/wp-json\/wp\/v2\/users\/1"}],"replies":[{"embeddable":true,"href":"https:\/\/volkswind.com\/de\/wp-json\/wp\/v2\/comments?post=8581"}],"version-history":[{"count":18,"href":"https:\/\/volkswind.com\/de\/wp-json\/wp\/v2\/pages\/8581\/revisions"}],"predecessor-version":[{"id":14479,"href":"https:\/\/volkswind.com\/de\/wp-json\/wp\/v2\/pages\/8581\/revisions\/14479"}],"wp:featuredmedia":[{"embeddable":true,"href":"https:\/\/volkswind.com\/de\/wp-json\/wp\/v2\/media\/1563"}],"wp:attachment":[{"href":"https:\/\/volkswind.com\/de\/wp-json\/wp\/v2\/media?parent=8581"}],"curies":[{"name":"wp","href":"https:\/\/api.w.org\/{rel}","templated":true}]}}