{"id":15342,"date":"2024-03-21T16:23:59","date_gmt":"2024-03-21T16:23:59","guid":{"rendered":"https:\/\/volkswind.com\/?page_id=15342"},"modified":"2025-09-10T08:29:49","modified_gmt":"2025-09-10T08:29:49","slug":"interview-with-bernard-nuttens-mayor-of-levergies-aisne","status":"publish","type":"page","link":"https:\/\/volkswind.com\/de\/interview-with-bernard-nuttens-mayor-of-levergies-aisne\/","title":{"rendered":"Interview with Bernard Nuttens, Mayor of Levergies (Aisne)"},"content":{"rendered":"\t\t<div data-elementor-type=\"wp-page\" data-elementor-id=\"15342\" class=\"elementor elementor-15342 elementor-8643\" data-elementor-post-type=\"page\">\n\t\t\t\t\t\t<section class=\"elementor-section elementor-top-section elementor-element elementor-element-196435e elementor-section-boxed elementor-section-height-default elementor-section-height-default\" data-id=\"196435e\" data-element_type=\"section\" data-e-type=\"section\" data-settings=\"{&quot;jet_parallax_layout_list&quot;:[],&quot;background_background&quot;:&quot;classic&quot;}\">\n\t\t\t\t\t\t\t<div class=\"elementor-background-overlay\"><\/div>\n\t\t\t\t\t\t\t<div class=\"elementor-container elementor-column-gap-default\">\n\t\t\t\t\t<div class=\"elementor-column elementor-col-100 elementor-top-column elementor-element elementor-element-01878ae\" data-id=\"01878ae\" data-element_type=\"column\" data-e-type=\"column\">\n\t\t\t<div class=\"elementor-widget-wrap\">\n\t\t\t\t\t\t\t<\/div>\n\t\t<\/div>\n\t\t\t\t\t<\/div>\n\t\t<\/section>\n\t\t\t\t<section class=\"elementor-section elementor-top-section elementor-element elementor-element-8303c5c elementor-section-boxed elementor-section-height-default elementor-section-height-default\" data-id=\"8303c5c\" data-element_type=\"section\" data-e-type=\"section\" data-settings=\"{&quot;jet_parallax_layout_list&quot;:[]}\">\n\t\t\t\t\t\t<div class=\"elementor-container elementor-column-gap-default\">\n\t\t\t\t\t<div class=\"elementor-column elementor-col-100 elementor-top-column elementor-element elementor-element-bd9b7ab\" data-id=\"bd9b7ab\" data-element_type=\"column\" data-e-type=\"column\">\n\t\t\t<div class=\"elementor-widget-wrap elementor-element-populated\">\n\t\t\t\t\t\t<div class=\"elementor-element elementor-element-6d5af8a elementor-widget elementor-widget-text-editor\" data-id=\"6d5af8a\" data-element_type=\"widget\" data-e-type=\"widget\" data-widget_type=\"text-editor.default\">\n\t\t\t\t<div class=\"elementor-widget-container\">\n\t\t\t\t\t\t\t\t\t<p>Volkswind \/ Interview<\/p>\n\t\t\t\t\t\t\t\t<\/div>\n\t\t\t\t<\/div>\n\t\t\t\t<div class=\"elementor-element elementor-element-02d16da elementor-widget__width-initial elementor-widget elementor-widget-heading\" data-id=\"02d16da\" data-element_type=\"widget\" data-e-type=\"widget\" data-widget_type=\"heading.default\">\n\t\t\t\t<div class=\"elementor-widget-container\">\n\t\t\t\t\t<h1 class=\"elementor-heading-title elementor-size-default\">Interview avec Bernard Nuttens Maire de Levergies (Aisne)<\/h1>\t\t\t\t<\/div>\n\t\t\t\t<\/div>\n\t\t\t\t\t<\/div>\n\t\t<\/div>\n\t\t\t\t\t<\/div>\n\t\t<\/section>\n\t\t\t\t<section class=\"elementor-section elementor-top-section elementor-element elementor-element-112d106 elementor-section-boxed elementor-section-height-default elementor-section-height-default\" data-id=\"112d106\" data-element_type=\"section\" data-e-type=\"section\" data-settings=\"{&quot;jet_parallax_layout_list&quot;:[],&quot;background_background&quot;:&quot;classic&quot;}\">\n\t\t\t\t\t\t<div class=\"elementor-container elementor-column-gap-default\">\n\t\t\t\t\t<div class=\"elementor-column elementor-col-100 elementor-top-column elementor-element elementor-element-6eb1564\" data-id=\"6eb1564\" data-element_type=\"column\" data-e-type=\"column\" data-settings=\"{&quot;background_background&quot;:&quot;classic&quot;}\">\n\t\t\t<div class=\"elementor-widget-wrap elementor-element-populated\">\n\t\t\t\t\t\t<div class=\"elementor-element elementor-element-54c5c05 elementor-widget elementor-widget-image\" data-id=\"54c5c05\" data-element_type=\"widget\" data-e-type=\"widget\" data-widget_type=\"image.default\">\n\t\t\t\t<div class=\"elementor-widget-container\">\n\t\t\t\t\t\t\t\t\t\t\t\t\t\t\t<img fetchpriority=\"high\" decoding=\"async\" width=\"501\" height=\"388\" src=\"https:\/\/volkswind.com\/wp-content\/uploads\/Image5.jpg\" class=\"attachment-2048x2048 size-2048x2048 wp-image-3754\" alt=\"BERNARD NUTTENS\" srcset=\"https:\/\/volkswind.com\/wp-content\/uploads\/Image5.jpg 501w, https:\/\/volkswind.com\/wp-content\/uploads\/Image5-300x232.jpg 300w\" sizes=\"(max-width: 501px) 100vw, 501px\" \/>\t\t\t\t\t\t\t\t\t\t\t\t\t\t\t<\/div>\n\t\t\t\t<\/div>\n\t\t\t\t<div class=\"elementor-element elementor-element-615106b elementor-widget elementor-widget-text-editor\" data-id=\"615106b\" data-element_type=\"widget\" data-e-type=\"widget\" data-widget_type=\"text-editor.default\">\n\t\t\t\t<div class=\"elementor-widget-container\">\n\t\t\t\t\t\t\t\t\t<p>Bernard Nuttens, Maire de Levergies (Aisne)<\/p>\n\t\t\t\t\t\t\t\t<\/div>\n\t\t\t\t<\/div>\n\t\t\t\t<div class=\"elementor-element elementor-element-0831047 elementor-widget elementor-widget-text-editor\" data-id=\"0831047\" data-element_type=\"widget\" data-e-type=\"widget\" data-widget_type=\"text-editor.default\">\n\t\t\t\t<div class=\"elementor-widget-container\">\n\t\t\t\t\t\t\t\t\t<h4>K\u00f6nnen Sie sich, Ihre Gemeinde, ihren Lebenslauf und Ihre Abteilung vorstellen?<\/h4><p>Mein Name ist Bernard Nuttens, ich bin 65 Jahre alt, ich bin Agraringenieur von ISA in Lille, ich bin Landwirt, mein Hof ist in Levergies. Ich war ein Bauunternehmer f\u00fcr \u00f6ffentliche Arbeiten und habe erst vor einem Monat meine Firma verkauft. Schlie\u00dflich bin ich der B\u00fcrgermeister von Levergies. Die Gemeinde hat 555 Einwohner und ist Teil des Pays du Vermandois com. Levergies ist im Wesentlichen l\u00e4ndlich, mit nur einem Industriemaschinenbauunternehmen, das dort t\u00e4tig ist. Es gibt nur sehr wenige Arbeitslose in der Gemeinde und viele Einwohner von Levergies arbeiten im St. Quentin-Krankenhaus. Es gibt auch LKW-Fahrer von lokalen Verkehrsunternehmen. Dies ist meine zweite Amtszeit als B\u00fcrgermeister. Davor war ich Gemeinderat.<\/p><h4>Was ist Ihre Rolle innerhalb der Kommunalbeh\u00f6rde?<\/h4><p>Die Rolle eines B\u00fcrgermeisters besteht darin, sich um die Finanzen der Gemeinde zu k\u00fcmmern, das Personal der Gemeinde zu verwalten, und ich bin Pr\u00e4sident der Schulgewerkschaft, weil wir eine Schulgruppe von 3 Gemeinden mit 100 Sch\u00fclern haben. Als Vorsitzender der Schulgewerkschaft k\u00fcmmere ich mich um die Beziehungen zwischen den Lehrern und den Eltern und leite die Kantine. Das Schwierigste ist, die Eltern zu managen. Wir sind in einer Generation von Kinderk\u00f6nigen. Die t\u00e4gliche Polizeiarbeit, die Sicherstellung, dass sich die Menschen bei der Instandhaltung ihres Eigentums richtig verhalten, Probleme mit Nachbarn, die sehr zahlreich sein k\u00f6nnen, Probleme mit bellenden Hunden \u2013 das sind die negativen Aspekte der Rolle des B\u00fcrgermeisters.<\/p><h4>Warum haben Sie den Bau eines Windpark in Ihrer N\u00e4he unterst\u00fctzt?<\/h4><p>Das Projekt wurde vom vorherigen Stadtrat angenommen, dem ich angeh\u00f6rte. Aber ich pers\u00f6nlich zog es vor, mich von jedem Treffen zur\u00fcckzuziehen, weil ich riskierte, als Landbesitzer nicht unabh\u00e4ngig in diesem Projekt zu sein. Letztendlich habe ich keine Windkraftanlagen auf meinem Land, also bin ich viel ruhiger, was die Verwaltung angeht. Au\u00dferdem war ich fr\u00fcher Tiefbauunternehmer und wir haben an einer Reihe von Windparkstandorten gearbeitet, darunter der 1. Windpark in Coudigny f\u00fcr \u00fcber 15 Jahre mit Unternehmen wie Eiffage, Colas und Volkswind. Es ist ganz einfach: Wir sind von Windparks umgeben, also dachten wir, warum nicht auch bei uns? Insbesondere wegen der positiven finanziellen Nebeneffekte f\u00fcr unseren Haushalt erm\u00f6glicht uns der Windpark, in Bezug auf die Finanzen der Gemeinde beruhigt in die Zukunft zu blicken.<\/p><h4>Haben Sie eine Vorstellung von den finanziellen Vorteilen, die der Windpark mit sich bringen wird?<\/h4><p>Wir erhalten 73.000 \u20ac pro Jahr ab dem Zeitpunkt, an dem die Windr\u00e4der in Betrieb genommen werden.<\/p><h4>Hat der Stadtrat das Projekt sofort unterschrieben?<\/h4><p>Es war sehr einfach, als der Untersuchungskommissar kam und es nur zwei Kommentare im Notizbuch des Untersuchungskommissars gab, von denen einer f\u00fcr Windkraftanlagen war und der andere nur nach technischen Details fragte. Es gab keine Proteste, keine Petitionen, keine Artikel in der Presse, \u00fcberhaupt nichts. Es gab mehr Gleichg\u00fcltigkeit seitens der Gemeinder\u00e4te und Anwohner als alles andere.<\/p><h4>Wie wurde das Projekt in der Gemeinde aufgenommen?<\/h4><p>Als Landwirt habe ich selbst die Vorteile der Modernisierung aller unserer Wirtschaftswege gesehen. Und vor allem sind wir in einem R\u00fcbenanbaugebiet, also gibt es im Herbst und Winter viele R\u00fcbentransporte, und die angelegten Stra\u00dfen f\u00fchren dazu, dass die R\u00fcbenlastwagen nicht durch das Dorf fahren m\u00fcssen. Es war eine gro\u00dfe Genugtuung f\u00fcr die Bewohner zu wissen, dass die Lastwagen dank der Wege, die f\u00fcr den Zugang zum Windpark geschaffen wurden, nicht mehr durch das Dorf fahren w\u00fcrden. Einige der Feldwege wurden auch umgebaut, um den Landwirten den Zugang zu ihren Grundst\u00fccken zu erleichtern.<\/p><h4>Wie war Ihre Beziehung zu Volkswind w\u00e4hrend des Projekts?<\/h4><p>Das Projekt lief gut mit den verschiedenen Leuten bei Volkswind, sie sind auf alle unsere W\u00fcnsche eingegangen, von denen es nicht viele gab. Wir baten darum, einen Weg zu erweitern, um einen Rundgang zu machen, und wir baten darum, die Lebensgrundlage des Gel\u00e4ndes so zu erhalten, wie sie war, um einen Parkplatz f\u00fcr unseren Friedhof zu schaffen.<\/p><h4>Wie hat sich dieser Windpark in Ihre Umgebung eingef\u00fcgt?<\/h4><p><span style=\"font-weight: 400;\">Die Baustelle ist noch nicht fertig, die Windr\u00e4der werden noch errichtet. Aber es gibt einige, rechts, links, hinten, ein Windpark mehr oder weniger ist nicht allzu auff\u00e4llig.\u00a0<\/span><\/p><h4>Welche Projekte oder Arbeiten wurden dank der Ankunft von Windkraftanlagen durchgef\u00fchrt?<\/h4><p>Wir planen den Bau eines kompakten Stadtstadions, in dem Sch\u00fcler und Jugendliche Fu\u00dfball, Basketball und Volleyball spielen k\u00f6nnen, und wir haben auch rund 600 B\u00e4ume auf einem Gel\u00e4nde der Gemeinde gepflanzt. Wir planen auch den Bau einer kleinen Wohnsiedlung, und die finanziellen Vorteile des Windparks werden es uns erm\u00f6glichen, die Zufahrtsstra\u00dfen zu den 3\/4-H\u00e4usern zu finanzieren, die neue Familien in der Gemeinde willkommen hei\u00dfen werden.<\/p><h4>Gab es noch andere Nebeneffekte, zum Beispiel auf die lokale Wirtschaft?<\/h4><p>Es gibt all die lokalen Unternehmen, die Baggerunternehmen und Spediteure, die den Kies aus den Steinbr\u00fcchen im Norden holen. Es gibt eine Firma f\u00fcr Fundamentarbeiten direkt nebenan, die den gesamten Beton f\u00fcr die Windkraftanlagen geliefert hat. Wir arbeiten seit \u00fcber Jahren in der Windindustrie, und das hatte enorme Auswirkungen auf die lokale Wirtschaft, was auch immer unser Regionalpr\u00e4sident Xavier Bertrand, der gegen Windkraftanlagen ist, sagen mag.<\/p>\t\t\t\t\t\t\t\t<\/div>\n\t\t\t\t<\/div>\n\t\t\t\t\t<\/div>\n\t\t<\/div>\n\t\t\t\t\t<\/div>\n\t\t<\/section>\n\t\t\t\t<\/div>\n\t\t","protected":false},"excerpt":{"rendered":"<p>Volkswind \/ Interview Interview avec Bernard Nuttens Maire de Levergies (Aisne) Bernard Nuttens, Maire de Levergies (Aisne) K\u00f6nnen Sie sich, Ihre Gemeinde, ihren Lebenslauf und Ihre Abteilung vorstellen? Mein Name ist Bernard Nuttens, ich bin 65 Jahre alt, ich bin Agraringenieur von ISA in Lille, ich bin Landwirt, mein Hof ist in Levergies. Ich war [&hellip;]<\/p>\n","protected":false},"author":1,"featured_media":0,"parent":0,"menu_order":0,"comment_status":"closed","ping_status":"closed","template":"","meta":{"footnotes":""},"class_list":["post-15342","page","type-page","status-publish","hentry"],"yoast_head":"<!-- This site is optimized with the Yoast SEO plugin v27.4 - https:\/\/yoast.com\/product\/yoast-seo-wordpress\/ -->\n<title>Interview with Bernard Nuttens, Mayor of Levergies (Aisne) | Volkswind<\/title>\n<meta name=\"robots\" content=\"index, follow, max-snippet:-1, max-image-preview:large, max-video-preview:-1\" \/>\n<link rel=\"canonical\" href=\"https:\/\/volkswind.com\/interview-with-mr-bernard-nuttens-mayor-of-levergies-aisne\/\" \/>\n<meta property=\"og:locale\" content=\"de_DE\" \/>\n<meta property=\"og:type\" content=\"article\" \/>\n<meta property=\"og:title\" content=\"Interview with Bernard Nuttens, Mayor of Levergies (Aisne) | Volkswind\" \/>\n<meta property=\"og:description\" content=\"Volkswind \/ Interview Interview avec Bernard Nuttens Maire de Levergies (Aisne) Bernard Nuttens, Maire de Levergies (Aisne) K\u00f6nnen Sie sich, Ihre Gemeinde, ihren Lebenslauf und Ihre Abteilung vorstellen? Mein Name ist Bernard Nuttens, ich bin 65 Jahre alt, ich bin Agraringenieur von ISA in Lille, ich bin Landwirt, mein Hof ist in Levergies. Ich war [&hellip;]\" \/>\n<meta property=\"og:url\" content=\"https:\/\/volkswind.com\/interview-with-mr-bernard-nuttens-mayor-of-levergies-aisne\/\" \/>\n<meta property=\"og:site_name\" content=\"Volkswind\" \/>\n<meta property=\"article:modified_time\" content=\"2025-09-10T08:29:49+00:00\" \/>\n<meta property=\"og:image\" content=\"https:\/\/volkswind.com\/wp-content\/uploads\/Image5.jpg\" \/>\n<meta name=\"twitter:card\" content=\"summary_large_image\" \/>\n<meta name=\"twitter:label1\" content=\"Gesch\u00e4tzte Lesezeit\" \/>\n\t<meta name=\"twitter:data1\" content=\"5\u00a0Minuten\" \/>\n<script type=\"application\/ld+json\" class=\"yoast-schema-graph\">{\"@context\":\"https:\\\/\\\/schema.org\",\"@graph\":[{\"@type\":\"WebPage\",\"@id\":\"https:\\\/\\\/volkswind.com\\\/interview-with-mr-bernard-nuttens-mayor-of-levergies-aisne\\\/\",\"url\":\"https:\\\/\\\/volkswind.com\\\/interview-with-mr-bernard-nuttens-mayor-of-levergies-aisne\\\/\",\"name\":\"Interview with Bernard Nuttens, Mayor of Levergies (Aisne) | Volkswind\",\"isPartOf\":{\"@id\":\"https:\\\/\\\/volkswind.com\\\/de\\\/#website\"},\"primaryImageOfPage\":{\"@id\":\"https:\\\/\\\/volkswind.com\\\/interview-with-mr-bernard-nuttens-mayor-of-levergies-aisne\\\/#primaryimage\"},\"image\":{\"@id\":\"https:\\\/\\\/volkswind.com\\\/interview-with-mr-bernard-nuttens-mayor-of-levergies-aisne\\\/#primaryimage\"},\"thumbnailUrl\":\"https:\\\/\\\/volkswind.com\\\/wp-content\\\/uploads\\\/Image5.jpg\",\"datePublished\":\"2024-03-21T16:23:59+00:00\",\"dateModified\":\"2025-09-10T08:29:49+00:00\",\"breadcrumb\":{\"@id\":\"https:\\\/\\\/volkswind.com\\\/interview-with-mr-bernard-nuttens-mayor-of-levergies-aisne\\\/#breadcrumb\"},\"inLanguage\":\"de\",\"potentialAction\":[{\"@type\":\"ReadAction\",\"target\":[\"https:\\\/\\\/volkswind.com\\\/interview-with-mr-bernard-nuttens-mayor-of-levergies-aisne\\\/\"]}]},{\"@type\":\"ImageObject\",\"inLanguage\":\"de\",\"@id\":\"https:\\\/\\\/volkswind.com\\\/interview-with-mr-bernard-nuttens-mayor-of-levergies-aisne\\\/#primaryimage\",\"url\":\"https:\\\/\\\/volkswind.com\\\/wp-content\\\/uploads\\\/Image5.jpg\",\"contentUrl\":\"https:\\\/\\\/volkswind.com\\\/wp-content\\\/uploads\\\/Image5.jpg\"},{\"@type\":\"BreadcrumbList\",\"@id\":\"https:\\\/\\\/volkswind.com\\\/interview-with-mr-bernard-nuttens-mayor-of-levergies-aisne\\\/#breadcrumb\",\"itemListElement\":[{\"@type\":\"ListItem\",\"position\":1,\"name\":\"Accueil\",\"item\":\"https:\\\/\\\/volkswind.com\\\/de\\\/\"},{\"@type\":\"ListItem\",\"position\":2,\"name\":\"Interview with Bernard Nuttens, Mayor of Levergies (Aisne)\"}]},{\"@type\":\"WebSite\",\"@id\":\"https:\\\/\\\/volkswind.com\\\/de\\\/#website\",\"url\":\"https:\\\/\\\/volkswind.com\\\/de\\\/\",\"name\":\"Volkswind\",\"description\":\"\",\"potentialAction\":[{\"@type\":\"SearchAction\",\"target\":{\"@type\":\"EntryPoint\",\"urlTemplate\":\"https:\\\/\\\/volkswind.com\\\/de\\\/?s={search_term_string}\"},\"query-input\":{\"@type\":\"PropertyValueSpecification\",\"valueRequired\":true,\"valueName\":\"search_term_string\"}}],\"inLanguage\":\"de\"}]}<\/script>\n<!-- \/ Yoast SEO plugin. -->","yoast_head_json":{"title":"Interview with Bernard Nuttens, Mayor of Levergies (Aisne) | Volkswind","robots":{"index":"index","follow":"follow","max-snippet":"max-snippet:-1","max-image-preview":"max-image-preview:large","max-video-preview":"max-video-preview:-1"},"canonical":"https:\/\/volkswind.com\/interview-with-mr-bernard-nuttens-mayor-of-levergies-aisne\/","og_locale":"de_DE","og_type":"article","og_title":"Interview with Bernard Nuttens, Mayor of Levergies (Aisne) | Volkswind","og_description":"Volkswind \/ Interview Interview avec Bernard Nuttens Maire de Levergies (Aisne) Bernard Nuttens, Maire de Levergies (Aisne) K\u00f6nnen Sie sich, Ihre Gemeinde, ihren Lebenslauf und Ihre Abteilung vorstellen? Mein Name ist Bernard Nuttens, ich bin 65 Jahre alt, ich bin Agraringenieur von ISA in Lille, ich bin Landwirt, mein Hof ist in Levergies. Ich war [&hellip;]","og_url":"https:\/\/volkswind.com\/interview-with-mr-bernard-nuttens-mayor-of-levergies-aisne\/","og_site_name":"Volkswind","article_modified_time":"2025-09-10T08:29:49+00:00","og_image":[{"url":"https:\/\/volkswind.com\/wp-content\/uploads\/Image5.jpg","type":"","width":"","height":""}],"twitter_card":"summary_large_image","twitter_misc":{"Gesch\u00e4tzte Lesezeit":"5\u00a0Minuten"},"schema":{"@context":"https:\/\/schema.org","@graph":[{"@type":"WebPage","@id":"https:\/\/volkswind.com\/interview-with-mr-bernard-nuttens-mayor-of-levergies-aisne\/","url":"https:\/\/volkswind.com\/interview-with-mr-bernard-nuttens-mayor-of-levergies-aisne\/","name":"Interview with Bernard Nuttens, Mayor of Levergies (Aisne) | Volkswind","isPartOf":{"@id":"https:\/\/volkswind.com\/de\/#website"},"primaryImageOfPage":{"@id":"https:\/\/volkswind.com\/interview-with-mr-bernard-nuttens-mayor-of-levergies-aisne\/#primaryimage"},"image":{"@id":"https:\/\/volkswind.com\/interview-with-mr-bernard-nuttens-mayor-of-levergies-aisne\/#primaryimage"},"thumbnailUrl":"https:\/\/volkswind.com\/wp-content\/uploads\/Image5.jpg","datePublished":"2024-03-21T16:23:59+00:00","dateModified":"2025-09-10T08:29:49+00:00","breadcrumb":{"@id":"https:\/\/volkswind.com\/interview-with-mr-bernard-nuttens-mayor-of-levergies-aisne\/#breadcrumb"},"inLanguage":"de","potentialAction":[{"@type":"ReadAction","target":["https:\/\/volkswind.com\/interview-with-mr-bernard-nuttens-mayor-of-levergies-aisne\/"]}]},{"@type":"ImageObject","inLanguage":"de","@id":"https:\/\/volkswind.com\/interview-with-mr-bernard-nuttens-mayor-of-levergies-aisne\/#primaryimage","url":"https:\/\/volkswind.com\/wp-content\/uploads\/Image5.jpg","contentUrl":"https:\/\/volkswind.com\/wp-content\/uploads\/Image5.jpg"},{"@type":"BreadcrumbList","@id":"https:\/\/volkswind.com\/interview-with-mr-bernard-nuttens-mayor-of-levergies-aisne\/#breadcrumb","itemListElement":[{"@type":"ListItem","position":1,"name":"Accueil","item":"https:\/\/volkswind.com\/de\/"},{"@type":"ListItem","position":2,"name":"Interview with Bernard Nuttens, Mayor of Levergies (Aisne)"}]},{"@type":"WebSite","@id":"https:\/\/volkswind.com\/de\/#website","url":"https:\/\/volkswind.com\/de\/","name":"Volkswind","description":"","potentialAction":[{"@type":"SearchAction","target":{"@type":"EntryPoint","urlTemplate":"https:\/\/volkswind.com\/de\/?s={search_term_string}"},"query-input":{"@type":"PropertyValueSpecification","valueRequired":true,"valueName":"search_term_string"}}],"inLanguage":"de"}]}},"_links":{"self":[{"href":"https:\/\/volkswind.com\/de\/wp-json\/wp\/v2\/pages\/15342","targetHints":{"allow":["GET"]}}],"collection":[{"href":"https:\/\/volkswind.com\/de\/wp-json\/wp\/v2\/pages"}],"about":[{"href":"https:\/\/volkswind.com\/de\/wp-json\/wp\/v2\/types\/page"}],"author":[{"embeddable":true,"href":"https:\/\/volkswind.com\/de\/wp-json\/wp\/v2\/users\/1"}],"replies":[{"embeddable":true,"href":"https:\/\/volkswind.com\/de\/wp-json\/wp\/v2\/comments?post=15342"}],"version-history":[{"count":13,"href":"https:\/\/volkswind.com\/de\/wp-json\/wp\/v2\/pages\/15342\/revisions"}],"predecessor-version":[{"id":15367,"href":"https:\/\/volkswind.com\/de\/wp-json\/wp\/v2\/pages\/15342\/revisions\/15367"}],"wp:attachment":[{"href":"https:\/\/volkswind.com\/de\/wp-json\/wp\/v2\/media?parent=15342"}],"curies":[{"name":"wp","href":"https:\/\/api.w.org\/{rel}","templated":true}]}}